{"id":8227,"date":"2017-06-14T08:07:28","date_gmt":"2017-06-14T08:07:28","guid":{"rendered":"https:\/\/riafresh.com\/produto\/salicornia\/"},"modified":"2024-06-04T17:59:39","modified_gmt":"2024-06-04T17:59:39","slug":"salicornia","status":"publish","type":"product","link":"https:\/\/riafresh.com\/es\/produto\/salicornia\/","title":{"rendered":"Salic\u00f3rnia"},"content":{"rendered":"","protected":false},"excerpt":{"rendered":"<p><strong><em>Salicornia ramosissima<\/em><\/strong><\/p>\n<p>Salicornia es una verdura marina ligeramente salada, crujiente, jugosa y sabrosa. Se puede consumir cruda o cocinada en varias formas, como ensaladas, con pescado, sushi, mariscos, carne, pasta, como condimento e incluso en bebidas con o sin alcohol. Tambi\u00e9n se utiliza como elemento decorativo en numerosos platos. Salicornia es una verdura muy elegante que se sirve en restaurantes de lujo en todo el mundo.<\/p>\n<p>Salicornia RiaFresh\u00ae es crujiente, sabrosa, no fibrosa o amarga, cuando se usa aporta ese toque especial, exquisito y \u00fanico donde sea utilizada.<\/p>\n<p>Propiedades<\/p>\n<p>Salicornia RiaFresh\u00ae es rica en prote\u00ednas, vitamina C, es fuente de fibra, zinc, cobre, cromo y manganeso y vitamina B6, tiene \u03b2-caroteno y vitamina E.<\/p>\n<p>En 100 g de Salicornia RiaFresh\u00ae hay naturalmente 2 g de sal com\u00fan y 0,75 g de sodio.<\/p>\n<p>Comercializaci\u00f3n<\/p>\n<p>Disponible en las siguientes unidades de venta: 40 g -100 g &#8211; 250 g &#8211; 500 g<\/p>\n<p>(para otras unidades consultar).<\/p>\n<p>Disponibilidad y e conservaci\u00f3n<\/p>\n<p>Salicornia RiaFresh\u00ae est\u00e1 disponible todo el a\u00f1o, cortada y fresca. Puede almacenarse de 3 a 7 \u00b0C hasta 15 d\u00edas.<\/p>\n<p>Certificaci\u00f3n<\/p>\n<p>La Salic\u00f3rnia RiaFresh\u00ae est\u00e1 certificada en GLOBALG.A.P.<\/p>\n","protected":false},"featured_media":7940,"template":"","meta":[],"product_brand":[],"product_cat":[69],"product_tag":[],"class_list":{"0":"post-8227","1":"product","2":"type-product","3":"status-publish","4":"has-post-thumbnail","6":"product_cat-vegetales-marinos","8":"first","9":"instock","10":"shipping-taxable","11":"product-type-simple"},"yoast_head":"<!-- This site is optimized with the Yoast SEO plugin v25.9 - https:\/\/yoast.com\/wordpress\/plugins\/seo\/ -->\n<title>Salic\u00f3rnia - Riafresh<\/title>\n<meta name=\"robots\" content=\"index, follow, max-snippet:-1, max-image-preview:large, max-video-preview:-1\" \/>\n<link rel=\"canonical\" href=\"https:\/\/riafresh.com\/es\/produto\/salicornia\/\" \/>\n<meta property=\"og:locale\" content=\"es_ES\" \/>\n<meta property=\"og:type\" content=\"article\" \/>\n<meta property=\"og:title\" content=\"Salic\u00f3rnia - Riafresh\" \/>\n<meta property=\"og:description\" content=\"Salicornia ramosissima  Salicornia es una verdura marina ligeramente salada, crujiente, jugosa y sabrosa. Se puede consumir cruda o cocinada en varias formas, como ensaladas, con pescado, sushi, mariscos, carne, pasta, como condimento e incluso en bebidas con o sin alcohol. Tambi\u00e9n se utiliza como elemento decorativo en numerosos platos. Salicornia es una verdura muy elegante que se sirve en restaurantes de lujo en todo el mundo.  Salicornia RiaFresh\u00ae es crujiente, sabrosa, no fibrosa o amarga, cuando se usa aporta ese toque especial, exquisito y \u00fanico donde sea utilizada.  Propiedades  Salicornia RiaFresh\u00ae es rica en prote\u00ednas, vitamina C, es fuente de fibra, zinc, cobre, cromo y manganeso y vitamina B6, tiene \u03b2-caroteno y vitamina E.  En 100 g de Salicornia RiaFresh\u00ae hay naturalmente 2 g de sal com\u00fan y 0,75 g de sodio.  Comercializaci\u00f3n  Disponible en las siguientes unidades de venta: 40 g -100 g - 250 g - 500 g  (para otras unidades consultar).  Disponibilidad y e conservaci\u00f3n  Salicornia RiaFresh\u00ae est\u00e1 disponible todo el a\u00f1o, cortada y fresca. Puede almacenarse de 3 a 7 \u00b0C hasta 15 d\u00edas.  Certificaci\u00f3n  La Salic\u00f3rnia RiaFresh\u00ae est\u00e1 certificada en GLOBALG.A.P.\" \/>\n<meta property=\"og:url\" content=\"https:\/\/riafresh.com\/es\/produto\/salicornia\/\" \/>\n<meta property=\"og:site_name\" content=\"Riafresh\" \/>\n<meta property=\"article:modified_time\" content=\"2024-06-04T17:59:39+00:00\" \/>\n<meta property=\"og:image\" content=\"https:\/\/riafresh.com\/wp-content\/uploads\/2017\/06\/salicornia.jpg\" \/>\n\t<meta property=\"og:image:width\" content=\"400\" \/>\n\t<meta property=\"og:image:height\" content=\"400\" \/>\n\t<meta property=\"og:image:type\" content=\"image\/jpeg\" \/>\n<meta name=\"twitter:card\" content=\"summary_large_image\" \/>\n<script type=\"application\/ld+json\" class=\"yoast-schema-graph\">{\"@context\":\"https:\/\/schema.org\",\"@graph\":[{\"@type\":\"WebPage\",\"@id\":\"https:\/\/riafresh.com\/es\/produto\/salicornia\/\",\"url\":\"https:\/\/riafresh.com\/es\/produto\/salicornia\/\",\"name\":\"Salic\u00f3rnia - Riafresh\",\"isPartOf\":{\"@id\":\"https:\/\/riafresh.com\/#website\"},\"primaryImageOfPage\":{\"@id\":\"https:\/\/riafresh.com\/es\/produto\/salicornia\/#primaryimage\"},\"image\":{\"@id\":\"https:\/\/riafresh.com\/es\/produto\/salicornia\/#primaryimage\"},\"thumbnailUrl\":\"https:\/\/riafresh.com\/wp-content\/uploads\/2017\/06\/salicornia.jpg\",\"datePublished\":\"2017-06-14T08:07:28+00:00\",\"dateModified\":\"2024-06-04T17:59:39+00:00\",\"breadcrumb\":{\"@id\":\"https:\/\/riafresh.com\/es\/produto\/salicornia\/#breadcrumb\"},\"inLanguage\":\"es\",\"potentialAction\":[{\"@type\":\"ReadAction\",\"target\":[\"https:\/\/riafresh.com\/es\/produto\/salicornia\/\"]}]},{\"@type\":\"ImageObject\",\"inLanguage\":\"es\",\"@id\":\"https:\/\/riafresh.com\/es\/produto\/salicornia\/#primaryimage\",\"url\":\"https:\/\/riafresh.com\/wp-content\/uploads\/2017\/06\/salicornia.jpg\",\"contentUrl\":\"https:\/\/riafresh.com\/wp-content\/uploads\/2017\/06\/salicornia.jpg\",\"width\":400,\"height\":400},{\"@type\":\"BreadcrumbList\",\"@id\":\"https:\/\/riafresh.com\/es\/produto\/salicornia\/#breadcrumb\",\"itemListElement\":[{\"@type\":\"ListItem\",\"position\":1,\"name\":\"In\u00edcio\",\"item\":\"https:\/\/riafresh.com\/es\/\"},{\"@type\":\"ListItem\",\"position\":2,\"name\":\"Productos\",\"item\":\"https:\/\/riafresh.com\/es\/tienda\/\"},{\"@type\":\"ListItem\",\"position\":3,\"name\":\"Salic\u00f3rnia\"}]},{\"@type\":\"WebSite\",\"@id\":\"https:\/\/riafresh.com\/#website\",\"url\":\"https:\/\/riafresh.com\/\",\"name\":\"Riafresh\",\"description\":\"Verduras da Ria Formosa\",\"potentialAction\":[{\"@type\":\"SearchAction\",\"target\":{\"@type\":\"EntryPoint\",\"urlTemplate\":\"https:\/\/riafresh.com\/?s={search_term_string}\"},\"query-input\":{\"@type\":\"PropertyValueSpecification\",\"valueRequired\":true,\"valueName\":\"search_term_string\"}}],\"inLanguage\":\"es\"}]}<\/script>\n<!-- \/ Yoast SEO plugin. -->","yoast_head_json":{"title":"Salic\u00f3rnia - Riafresh","robots":{"index":"index","follow":"follow","max-snippet":"max-snippet:-1","max-image-preview":"max-image-preview:large","max-video-preview":"max-video-preview:-1"},"canonical":"https:\/\/riafresh.com\/es\/produto\/salicornia\/","og_locale":"es_ES","og_type":"article","og_title":"Salic\u00f3rnia - Riafresh","og_description":"Salicornia ramosissima  Salicornia es una verdura marina ligeramente salada, crujiente, jugosa y sabrosa. Se puede consumir cruda o cocinada en varias formas, como ensaladas, con pescado, sushi, mariscos, carne, pasta, como condimento e incluso en bebidas con o sin alcohol. Tambi\u00e9n se utiliza como elemento decorativo en numerosos platos. Salicornia es una verdura muy elegante que se sirve en restaurantes de lujo en todo el mundo.  Salicornia RiaFresh\u00ae es crujiente, sabrosa, no fibrosa o amarga, cuando se usa aporta ese toque especial, exquisito y \u00fanico donde sea utilizada.  Propiedades  Salicornia RiaFresh\u00ae es rica en prote\u00ednas, vitamina C, es fuente de fibra, zinc, cobre, cromo y manganeso y vitamina B6, tiene \u03b2-caroteno y vitamina E.  En 100 g de Salicornia RiaFresh\u00ae hay naturalmente 2 g de sal com\u00fan y 0,75 g de sodio.  Comercializaci\u00f3n  Disponible en las siguientes unidades de venta: 40 g -100 g - 250 g - 500 g  (para otras unidades consultar).  Disponibilidad y e conservaci\u00f3n  Salicornia RiaFresh\u00ae est\u00e1 disponible todo el a\u00f1o, cortada y fresca. Puede almacenarse de 3 a 7 \u00b0C hasta 15 d\u00edas.  Certificaci\u00f3n  La Salic\u00f3rnia RiaFresh\u00ae est\u00e1 certificada en GLOBALG.A.P.","og_url":"https:\/\/riafresh.com\/es\/produto\/salicornia\/","og_site_name":"Riafresh","article_modified_time":"2024-06-04T17:59:39+00:00","og_image":[{"width":400,"height":400,"url":"https:\/\/riafresh.com\/wp-content\/uploads\/2017\/06\/salicornia.jpg","type":"image\/jpeg"}],"twitter_card":"summary_large_image","schema":{"@context":"https:\/\/schema.org","@graph":[{"@type":"WebPage","@id":"https:\/\/riafresh.com\/es\/produto\/salicornia\/","url":"https:\/\/riafresh.com\/es\/produto\/salicornia\/","name":"Salic\u00f3rnia - Riafresh","isPartOf":{"@id":"https:\/\/riafresh.com\/#website"},"primaryImageOfPage":{"@id":"https:\/\/riafresh.com\/es\/produto\/salicornia\/#primaryimage"},"image":{"@id":"https:\/\/riafresh.com\/es\/produto\/salicornia\/#primaryimage"},"thumbnailUrl":"https:\/\/riafresh.com\/wp-content\/uploads\/2017\/06\/salicornia.jpg","datePublished":"2017-06-14T08:07:28+00:00","dateModified":"2024-06-04T17:59:39+00:00","breadcrumb":{"@id":"https:\/\/riafresh.com\/es\/produto\/salicornia\/#breadcrumb"},"inLanguage":"es","potentialAction":[{"@type":"ReadAction","target":["https:\/\/riafresh.com\/es\/produto\/salicornia\/"]}]},{"@type":"ImageObject","inLanguage":"es","@id":"https:\/\/riafresh.com\/es\/produto\/salicornia\/#primaryimage","url":"https:\/\/riafresh.com\/wp-content\/uploads\/2017\/06\/salicornia.jpg","contentUrl":"https:\/\/riafresh.com\/wp-content\/uploads\/2017\/06\/salicornia.jpg","width":400,"height":400},{"@type":"BreadcrumbList","@id":"https:\/\/riafresh.com\/es\/produto\/salicornia\/#breadcrumb","itemListElement":[{"@type":"ListItem","position":1,"name":"In\u00edcio","item":"https:\/\/riafresh.com\/es\/"},{"@type":"ListItem","position":2,"name":"Productos","item":"https:\/\/riafresh.com\/es\/tienda\/"},{"@type":"ListItem","position":3,"name":"Salic\u00f3rnia"}]},{"@type":"WebSite","@id":"https:\/\/riafresh.com\/#website","url":"https:\/\/riafresh.com\/","name":"Riafresh","description":"Verduras da Ria Formosa","potentialAction":[{"@type":"SearchAction","target":{"@type":"EntryPoint","urlTemplate":"https:\/\/riafresh.com\/?s={search_term_string}"},"query-input":{"@type":"PropertyValueSpecification","valueRequired":true,"valueName":"search_term_string"}}],"inLanguage":"es"}]}},"_links":{"self":[{"href":"https:\/\/riafresh.com\/es\/wp-json\/wp\/v2\/product\/8227","targetHints":{"allow":["GET"]}}],"collection":[{"href":"https:\/\/riafresh.com\/es\/wp-json\/wp\/v2\/product"}],"about":[{"href":"https:\/\/riafresh.com\/es\/wp-json\/wp\/v2\/types\/product"}],"wp:featuredmedia":[{"embeddable":true,"href":"https:\/\/riafresh.com\/es\/wp-json\/wp\/v2\/media\/7940"}],"wp:attachment":[{"href":"https:\/\/riafresh.com\/es\/wp-json\/wp\/v2\/media?parent=8227"}],"wp:term":[{"taxonomy":"product_brand","embeddable":true,"href":"https:\/\/riafresh.com\/es\/wp-json\/wp\/v2\/product_brand?post=8227"},{"taxonomy":"product_cat","embeddable":true,"href":"https:\/\/riafresh.com\/es\/wp-json\/wp\/v2\/product_cat?post=8227"},{"taxonomy":"product_tag","embeddable":true,"href":"https:\/\/riafresh.com\/es\/wp-json\/wp\/v2\/product_tag?post=8227"}],"curies":[{"name":"wp","href":"https:\/\/api.w.org\/{rel}","templated":true}]}}