{"id":8222,"date":"2022-03-14T02:05:53","date_gmt":"2022-03-14T02:05:53","guid":{"rendered":"https:\/\/riafresh.com\/produto\/sal-vegetal-de-salicornia\/"},"modified":"2024-06-04T18:25:22","modified_gmt":"2024-06-04T18:25:22","slug":"sal-vegetal-de-salicornia","status":"publish","type":"product","link":"https:\/\/riafresh.com\/es\/produto\/sal-vegetal-de-salicornia\/","title":{"rendered":"Sal Vegetal de Salicornia"},"content":{"rendered":"","protected":false},"excerpt":{"rendered":"<p><strong><em>Salicornia ramosissima<\/em><\/strong><\/p>\n<p>Salicornia es un vegetal marino, ligeramente salado, crujiente, suculento y sabroso. Salicornia RiaFresh\u00ae procede e individuos seleccionados del Parque Natural de la R\u00eda Formosa, en el Algarve, Portugal y es cultivada en ambiente controlado.<\/p>\n<p>&nbsp;<\/p>\n<p>La sal vegetal de salicornia, que recoge la esencia de las zonas costeras, se obtiene mediante m\u00e9todos de secado de Salicornia RiaFresh\u00ae.<\/p>\n<p>&nbsp;<\/p>\n<p>Intensamente sabroso y arom\u00e1tico es un condimento para m\u00faltiples usos. Cuando en polvo tiene un elegante color verde.<\/p>\n<p>&nbsp;<\/p>\n<p>La Sal Vegetal RiaFresh\u00ae no tiene aditivos, conservantes o colorantes, es puramente salicornia.<\/p>\n<p>&nbsp;<\/p>\n<p>Tiene menos del 50 % de equivalente en sal com\u00fan y un alto contenido en fibra, en prote\u00edna y vitamina C.<\/p>\n<p>&nbsp;<\/p>\n<p>Declaraci\u00f3n Nutricional<\/p>\n<p>Valores medios por 100 g: Energ\u00eda 544 kj\/130 kcal; L\u00edpidos 0,9 g, de los cuales saturados 0,3 g; Hidratos de carbono 4,5 g, de los cuales az\u00facares 0 g; Fibra 16 g; Prote\u00ednas 18 g; Sal 47 g.<\/p>\n<p>Comercializaci\u00f3n<\/p>\n<p>Disponible en las siguientes unidades de venta:<\/p>\n<p>&#8211; Salicornia en polvo: 50 g<\/p>\n<p>&#8211; Salicornia en grano: 30 g<\/p>\n<p>Conservaci\u00f3n<\/p>\n<p>Se recomienda consumir hasta 2 a\u00f1os despu\u00e9s de la fecha de envasado. Almacenar en un lugar fresco y seco<\/p>\n<p><strong>Certificaci\u00f3n<\/strong><\/p>\n<p>La Sal Vegetal RiaFresh\u00ae tiene certificado en GLOBALG.A.P.<\/p>\n","protected":false},"featured_media":8055,"template":"","meta":[],"product_brand":[],"product_cat":[],"product_tag":[],"class_list":{"0":"post-8222","1":"product","2":"type-product","3":"status-publish","4":"has-post-thumbnail","7":"first","8":"instock","9":"shipping-taxable","10":"product-type-simple"},"yoast_head":"<!-- This site is optimized with the Yoast SEO plugin v25.9 - https:\/\/yoast.com\/wordpress\/plugins\/seo\/ -->\n<title>Sal Vegetal de Salicornia - Riafresh<\/title>\n<meta name=\"robots\" content=\"index, follow, max-snippet:-1, max-image-preview:large, max-video-preview:-1\" \/>\n<link rel=\"canonical\" href=\"https:\/\/riafresh.com\/es\/produto\/sal-vegetal-de-salicornia\/\" \/>\n<meta property=\"og:locale\" content=\"es_ES\" \/>\n<meta property=\"og:type\" content=\"article\" \/>\n<meta property=\"og:title\" content=\"Sal Vegetal de Salicornia - Riafresh\" \/>\n<meta property=\"og:description\" content=\"Salicornia ramosissima  Salicornia es un vegetal marino, ligeramente salado, crujiente, suculento y sabroso. Salicornia RiaFresh\u00ae procede e individuos seleccionados del Parque Natural de la R\u00eda Formosa, en el Algarve, Portugal y es cultivada en ambiente controlado.  &nbsp;  La sal vegetal de salicornia, que recoge la esencia de las zonas costeras, se obtiene mediante m\u00e9todos de secado de Salicornia RiaFresh\u00ae.  &nbsp;  Intensamente sabroso y arom\u00e1tico es un condimento para m\u00faltiples usos. Cuando en polvo tiene un elegante color verde.  &nbsp;  La Sal Vegetal RiaFresh\u00ae no tiene aditivos, conservantes o colorantes, es puramente salicornia.  &nbsp;  Tiene menos del 50 % de equivalente en sal com\u00fan y un alto contenido en fibra, en prote\u00edna y vitamina C.  &nbsp;  Declaraci\u00f3n Nutricional  Valores medios por 100 g: Energ\u00eda 544 kj\/130 kcal; L\u00edpidos 0,9 g, de los cuales saturados 0,3 g; Hidratos de carbono 4,5 g, de los cuales az\u00facares 0 g; Fibra 16 g; Prote\u00ednas 18 g; Sal 47 g.  Comercializaci\u00f3n  Disponible en las siguientes unidades de venta:  - Salicornia en polvo: 50 g  - Salicornia en grano: 30 g  Conservaci\u00f3n  Se recomienda consumir hasta 2 a\u00f1os despu\u00e9s de la fecha de envasado. Almacenar en un lugar fresco y seco  Certificaci\u00f3n  La Sal Vegetal RiaFresh\u00ae tiene certificado en GLOBALG.A.P.\" \/>\n<meta property=\"og:url\" content=\"https:\/\/riafresh.com\/es\/produto\/sal-vegetal-de-salicornia\/\" \/>\n<meta property=\"og:site_name\" content=\"Riafresh\" \/>\n<meta property=\"article:modified_time\" content=\"2024-06-04T18:25:22+00:00\" \/>\n<meta property=\"og:image\" content=\"https:\/\/riafresh.com\/wp-content\/uploads\/2022\/03\/7a6fe08027b80ee08bda1ed60d73e334_M.jpg\" \/>\n\t<meta property=\"og:image:width\" content=\"400\" \/>\n\t<meta property=\"og:image:height\" content=\"400\" \/>\n\t<meta property=\"og:image:type\" content=\"image\/jpeg\" \/>\n<meta name=\"twitter:card\" content=\"summary_large_image\" \/>\n<script type=\"application\/ld+json\" class=\"yoast-schema-graph\">{\"@context\":\"https:\/\/schema.org\",\"@graph\":[{\"@type\":\"WebPage\",\"@id\":\"https:\/\/riafresh.com\/es\/produto\/sal-vegetal-de-salicornia\/\",\"url\":\"https:\/\/riafresh.com\/es\/produto\/sal-vegetal-de-salicornia\/\",\"name\":\"Sal Vegetal de Salicornia - Riafresh\",\"isPartOf\":{\"@id\":\"https:\/\/riafresh.com\/#website\"},\"primaryImageOfPage\":{\"@id\":\"https:\/\/riafresh.com\/es\/produto\/sal-vegetal-de-salicornia\/#primaryimage\"},\"image\":{\"@id\":\"https:\/\/riafresh.com\/es\/produto\/sal-vegetal-de-salicornia\/#primaryimage\"},\"thumbnailUrl\":\"https:\/\/riafresh.com\/wp-content\/uploads\/2022\/03\/7a6fe08027b80ee08bda1ed60d73e334_M.jpg\",\"datePublished\":\"2022-03-14T02:05:53+00:00\",\"dateModified\":\"2024-06-04T18:25:22+00:00\",\"breadcrumb\":{\"@id\":\"https:\/\/riafresh.com\/es\/produto\/sal-vegetal-de-salicornia\/#breadcrumb\"},\"inLanguage\":\"es\",\"potentialAction\":[{\"@type\":\"ReadAction\",\"target\":[\"https:\/\/riafresh.com\/es\/produto\/sal-vegetal-de-salicornia\/\"]}]},{\"@type\":\"ImageObject\",\"inLanguage\":\"es\",\"@id\":\"https:\/\/riafresh.com\/es\/produto\/sal-vegetal-de-salicornia\/#primaryimage\",\"url\":\"https:\/\/riafresh.com\/wp-content\/uploads\/2022\/03\/7a6fe08027b80ee08bda1ed60d73e334_M.jpg\",\"contentUrl\":\"https:\/\/riafresh.com\/wp-content\/uploads\/2022\/03\/7a6fe08027b80ee08bda1ed60d73e334_M.jpg\",\"width\":400,\"height\":400},{\"@type\":\"BreadcrumbList\",\"@id\":\"https:\/\/riafresh.com\/es\/produto\/sal-vegetal-de-salicornia\/#breadcrumb\",\"itemListElement\":[{\"@type\":\"ListItem\",\"position\":1,\"name\":\"In\u00edcio\",\"item\":\"https:\/\/riafresh.com\/es\/\"},{\"@type\":\"ListItem\",\"position\":2,\"name\":\"Productos\",\"item\":\"https:\/\/riafresh.com\/es\/tienda\/\"},{\"@type\":\"ListItem\",\"position\":3,\"name\":\"Sal Vegetal de Salicornia\"}]},{\"@type\":\"WebSite\",\"@id\":\"https:\/\/riafresh.com\/#website\",\"url\":\"https:\/\/riafresh.com\/\",\"name\":\"Riafresh\",\"description\":\"Verduras da Ria Formosa\",\"potentialAction\":[{\"@type\":\"SearchAction\",\"target\":{\"@type\":\"EntryPoint\",\"urlTemplate\":\"https:\/\/riafresh.com\/?s={search_term_string}\"},\"query-input\":{\"@type\":\"PropertyValueSpecification\",\"valueRequired\":true,\"valueName\":\"search_term_string\"}}],\"inLanguage\":\"es\"}]}<\/script>\n<!-- \/ Yoast SEO plugin. -->","yoast_head_json":{"title":"Sal Vegetal de Salicornia - Riafresh","robots":{"index":"index","follow":"follow","max-snippet":"max-snippet:-1","max-image-preview":"max-image-preview:large","max-video-preview":"max-video-preview:-1"},"canonical":"https:\/\/riafresh.com\/es\/produto\/sal-vegetal-de-salicornia\/","og_locale":"es_ES","og_type":"article","og_title":"Sal Vegetal de Salicornia - Riafresh","og_description":"Salicornia ramosissima  Salicornia es un vegetal marino, ligeramente salado, crujiente, suculento y sabroso. Salicornia RiaFresh\u00ae procede e individuos seleccionados del Parque Natural de la R\u00eda Formosa, en el Algarve, Portugal y es cultivada en ambiente controlado.  &nbsp;  La sal vegetal de salicornia, que recoge la esencia de las zonas costeras, se obtiene mediante m\u00e9todos de secado de Salicornia RiaFresh\u00ae.  &nbsp;  Intensamente sabroso y arom\u00e1tico es un condimento para m\u00faltiples usos. Cuando en polvo tiene un elegante color verde.  &nbsp;  La Sal Vegetal RiaFresh\u00ae no tiene aditivos, conservantes o colorantes, es puramente salicornia.  &nbsp;  Tiene menos del 50 % de equivalente en sal com\u00fan y un alto contenido en fibra, en prote\u00edna y vitamina C.  &nbsp;  Declaraci\u00f3n Nutricional  Valores medios por 100 g: Energ\u00eda 544 kj\/130 kcal; L\u00edpidos 0,9 g, de los cuales saturados 0,3 g; Hidratos de carbono 4,5 g, de los cuales az\u00facares 0 g; Fibra 16 g; Prote\u00ednas 18 g; Sal 47 g.  Comercializaci\u00f3n  Disponible en las siguientes unidades de venta:  - Salicornia en polvo: 50 g  - Salicornia en grano: 30 g  Conservaci\u00f3n  Se recomienda consumir hasta 2 a\u00f1os despu\u00e9s de la fecha de envasado. Almacenar en un lugar fresco y seco  Certificaci\u00f3n  La Sal Vegetal RiaFresh\u00ae tiene certificado en GLOBALG.A.P.","og_url":"https:\/\/riafresh.com\/es\/produto\/sal-vegetal-de-salicornia\/","og_site_name":"Riafresh","article_modified_time":"2024-06-04T18:25:22+00:00","og_image":[{"width":400,"height":400,"url":"https:\/\/riafresh.com\/wp-content\/uploads\/2022\/03\/7a6fe08027b80ee08bda1ed60d73e334_M.jpg","type":"image\/jpeg"}],"twitter_card":"summary_large_image","schema":{"@context":"https:\/\/schema.org","@graph":[{"@type":"WebPage","@id":"https:\/\/riafresh.com\/es\/produto\/sal-vegetal-de-salicornia\/","url":"https:\/\/riafresh.com\/es\/produto\/sal-vegetal-de-salicornia\/","name":"Sal Vegetal de Salicornia - Riafresh","isPartOf":{"@id":"https:\/\/riafresh.com\/#website"},"primaryImageOfPage":{"@id":"https:\/\/riafresh.com\/es\/produto\/sal-vegetal-de-salicornia\/#primaryimage"},"image":{"@id":"https:\/\/riafresh.com\/es\/produto\/sal-vegetal-de-salicornia\/#primaryimage"},"thumbnailUrl":"https:\/\/riafresh.com\/wp-content\/uploads\/2022\/03\/7a6fe08027b80ee08bda1ed60d73e334_M.jpg","datePublished":"2022-03-14T02:05:53+00:00","dateModified":"2024-06-04T18:25:22+00:00","breadcrumb":{"@id":"https:\/\/riafresh.com\/es\/produto\/sal-vegetal-de-salicornia\/#breadcrumb"},"inLanguage":"es","potentialAction":[{"@type":"ReadAction","target":["https:\/\/riafresh.com\/es\/produto\/sal-vegetal-de-salicornia\/"]}]},{"@type":"ImageObject","inLanguage":"es","@id":"https:\/\/riafresh.com\/es\/produto\/sal-vegetal-de-salicornia\/#primaryimage","url":"https:\/\/riafresh.com\/wp-content\/uploads\/2022\/03\/7a6fe08027b80ee08bda1ed60d73e334_M.jpg","contentUrl":"https:\/\/riafresh.com\/wp-content\/uploads\/2022\/03\/7a6fe08027b80ee08bda1ed60d73e334_M.jpg","width":400,"height":400},{"@type":"BreadcrumbList","@id":"https:\/\/riafresh.com\/es\/produto\/sal-vegetal-de-salicornia\/#breadcrumb","itemListElement":[{"@type":"ListItem","position":1,"name":"In\u00edcio","item":"https:\/\/riafresh.com\/es\/"},{"@type":"ListItem","position":2,"name":"Productos","item":"https:\/\/riafresh.com\/es\/tienda\/"},{"@type":"ListItem","position":3,"name":"Sal Vegetal de Salicornia"}]},{"@type":"WebSite","@id":"https:\/\/riafresh.com\/#website","url":"https:\/\/riafresh.com\/","name":"Riafresh","description":"Verduras da Ria Formosa","potentialAction":[{"@type":"SearchAction","target":{"@type":"EntryPoint","urlTemplate":"https:\/\/riafresh.com\/?s={search_term_string}"},"query-input":{"@type":"PropertyValueSpecification","valueRequired":true,"valueName":"search_term_string"}}],"inLanguage":"es"}]}},"_links":{"self":[{"href":"https:\/\/riafresh.com\/es\/wp-json\/wp\/v2\/product\/8222","targetHints":{"allow":["GET"]}}],"collection":[{"href":"https:\/\/riafresh.com\/es\/wp-json\/wp\/v2\/product"}],"about":[{"href":"https:\/\/riafresh.com\/es\/wp-json\/wp\/v2\/types\/product"}],"wp:featuredmedia":[{"embeddable":true,"href":"https:\/\/riafresh.com\/es\/wp-json\/wp\/v2\/media\/8055"}],"wp:attachment":[{"href":"https:\/\/riafresh.com\/es\/wp-json\/wp\/v2\/media?parent=8222"}],"wp:term":[{"taxonomy":"product_brand","embeddable":true,"href":"https:\/\/riafresh.com\/es\/wp-json\/wp\/v2\/product_brand?post=8222"},{"taxonomy":"product_cat","embeddable":true,"href":"https:\/\/riafresh.com\/es\/wp-json\/wp\/v2\/product_cat?post=8222"},{"taxonomy":"product_tag","embeddable":true,"href":"https:\/\/riafresh.com\/es\/wp-json\/wp\/v2\/product_tag?post=8222"}],"curies":[{"name":"wp","href":"https:\/\/api.w.org\/{rel}","templated":true}]}}