{"id":8220,"date":"2022-10-21T14:13:07","date_gmt":"2022-10-21T14:13:07","guid":{"rendered":"https:\/\/riafresh.com\/produto\/diabelha\/"},"modified":"2024-06-04T18:22:22","modified_gmt":"2024-06-04T18:22:22","slug":"diabelha","status":"publish","type":"product","link":"https:\/\/riafresh.com\/es\/produto\/diabelha\/","title":{"rendered":"Diabelha"},"content":{"rendered":"","protected":false},"excerpt":{"rendered":"<p><em><strong>Plantago coronopus<\/strong><\/em><\/p>\n<p>Planta extremadamente variable en h\u00e1bito, caracter\u00edsticas y ecolog\u00eda. Las plantas con influencia mar\u00edtima son robustas y tienen hojas suculentas dispuestas en forma de roseta basal. Las hojas estrechas y hendidas similares a cuernos hacen referencia a uno de sus nombres comunes.<\/p>\n<p>La Diabelha RiaFresh\u00ae es f\u00e1cil de usar en ensaladas, tiene un sabor ligeramente salado y a nueces.<\/p>\n<p>Comercializaci\u00f3n<\/p>\n<p>Disponible en las siguientes unidades de venta: 20 g (para consultar otras unidades).<\/p>\n<p>Disponibilidad y conservaci\u00f3n<\/p>\n<p>Consulte nuestra disponibilidad. La Diabelha RiaFresh\u00ae cortada y fresca se puede conservar entre 3 y 7 \u00b0C durante 21 d\u00edas.<\/p>\n<p><strong>Certificaci\u00f3n<\/strong><\/p>\n<p>La Diabella RiaFresh\u00ae tiene certificado en GLOBALG.A.P.<\/p>\n","protected":false},"featured_media":8052,"template":"","meta":[],"product_brand":[],"product_cat":[],"product_tag":[],"class_list":{"0":"post-8220","1":"product","2":"type-product","3":"status-publish","4":"has-post-thumbnail","7":"first","8":"instock","9":"shipping-taxable","10":"product-type-simple"},"yoast_head":"<!-- This site is optimized with the Yoast SEO plugin v25.9 - https:\/\/yoast.com\/wordpress\/plugins\/seo\/ -->\n<title>Diabelha - Riafresh<\/title>\n<meta name=\"robots\" content=\"index, follow, max-snippet:-1, max-image-preview:large, max-video-preview:-1\" \/>\n<link rel=\"canonical\" href=\"https:\/\/riafresh.com\/es\/produto\/diabelha\/\" \/>\n<meta property=\"og:locale\" content=\"es_ES\" \/>\n<meta property=\"og:type\" content=\"article\" \/>\n<meta property=\"og:title\" content=\"Diabelha - Riafresh\" \/>\n<meta property=\"og:description\" content=\"Plantago coronopus  Planta extremadamente variable en h\u00e1bito, caracter\u00edsticas y ecolog\u00eda. Las plantas con influencia mar\u00edtima son robustas y tienen hojas suculentas dispuestas en forma de roseta basal. Las hojas estrechas y hendidas similares a cuernos hacen referencia a uno de sus nombres comunes.  La Diabelha RiaFresh\u00ae es f\u00e1cil de usar en ensaladas, tiene un sabor ligeramente salado y a nueces.  Comercializaci\u00f3n  Disponible en las siguientes unidades de venta: 20 g (para consultar otras unidades).  Disponibilidad y conservaci\u00f3n  Consulte nuestra disponibilidad. La Diabelha RiaFresh\u00ae cortada y fresca se puede conservar entre 3 y 7 \u00b0C durante 21 d\u00edas.  Certificaci\u00f3n  La Diabella RiaFresh\u00ae tiene certificado en GLOBALG.A.P.\" \/>\n<meta property=\"og:url\" content=\"https:\/\/riafresh.com\/es\/produto\/diabelha\/\" \/>\n<meta property=\"og:site_name\" content=\"Riafresh\" \/>\n<meta property=\"article:modified_time\" content=\"2024-06-04T18:22:22+00:00\" \/>\n<meta property=\"og:image\" content=\"https:\/\/riafresh.com\/wp-content\/uploads\/2022\/03\/cd66a7a18d37d7e5dd969c249e9a1ecb_M.jpg\" \/>\n\t<meta property=\"og:image:width\" content=\"400\" \/>\n\t<meta property=\"og:image:height\" content=\"400\" \/>\n\t<meta property=\"og:image:type\" content=\"image\/jpeg\" \/>\n<meta name=\"twitter:card\" content=\"summary_large_image\" \/>\n<script type=\"application\/ld+json\" class=\"yoast-schema-graph\">{\"@context\":\"https:\/\/schema.org\",\"@graph\":[{\"@type\":\"WebPage\",\"@id\":\"https:\/\/riafresh.com\/es\/produto\/diabelha\/\",\"url\":\"https:\/\/riafresh.com\/es\/produto\/diabelha\/\",\"name\":\"Diabelha - Riafresh\",\"isPartOf\":{\"@id\":\"https:\/\/riafresh.com\/#website\"},\"primaryImageOfPage\":{\"@id\":\"https:\/\/riafresh.com\/es\/produto\/diabelha\/#primaryimage\"},\"image\":{\"@id\":\"https:\/\/riafresh.com\/es\/produto\/diabelha\/#primaryimage\"},\"thumbnailUrl\":\"https:\/\/riafresh.com\/wp-content\/uploads\/2022\/03\/cd66a7a18d37d7e5dd969c249e9a1ecb_M.jpg\",\"datePublished\":\"2022-10-21T14:13:07+00:00\",\"dateModified\":\"2024-06-04T18:22:22+00:00\",\"breadcrumb\":{\"@id\":\"https:\/\/riafresh.com\/es\/produto\/diabelha\/#breadcrumb\"},\"inLanguage\":\"es\",\"potentialAction\":[{\"@type\":\"ReadAction\",\"target\":[\"https:\/\/riafresh.com\/es\/produto\/diabelha\/\"]}]},{\"@type\":\"ImageObject\",\"inLanguage\":\"es\",\"@id\":\"https:\/\/riafresh.com\/es\/produto\/diabelha\/#primaryimage\",\"url\":\"https:\/\/riafresh.com\/wp-content\/uploads\/2022\/03\/cd66a7a18d37d7e5dd969c249e9a1ecb_M.jpg\",\"contentUrl\":\"https:\/\/riafresh.com\/wp-content\/uploads\/2022\/03\/cd66a7a18d37d7e5dd969c249e9a1ecb_M.jpg\",\"width\":400,\"height\":400},{\"@type\":\"BreadcrumbList\",\"@id\":\"https:\/\/riafresh.com\/es\/produto\/diabelha\/#breadcrumb\",\"itemListElement\":[{\"@type\":\"ListItem\",\"position\":1,\"name\":\"In\u00edcio\",\"item\":\"https:\/\/riafresh.com\/es\/\"},{\"@type\":\"ListItem\",\"position\":2,\"name\":\"Productos\",\"item\":\"https:\/\/riafresh.com\/es\/tienda\/\"},{\"@type\":\"ListItem\",\"position\":3,\"name\":\"Diabelha\"}]},{\"@type\":\"WebSite\",\"@id\":\"https:\/\/riafresh.com\/#website\",\"url\":\"https:\/\/riafresh.com\/\",\"name\":\"Riafresh\",\"description\":\"Verduras da Ria Formosa\",\"potentialAction\":[{\"@type\":\"SearchAction\",\"target\":{\"@type\":\"EntryPoint\",\"urlTemplate\":\"https:\/\/riafresh.com\/?s={search_term_string}\"},\"query-input\":{\"@type\":\"PropertyValueSpecification\",\"valueRequired\":true,\"valueName\":\"search_term_string\"}}],\"inLanguage\":\"es\"}]}<\/script>\n<!-- \/ Yoast SEO plugin. -->","yoast_head_json":{"title":"Diabelha - Riafresh","robots":{"index":"index","follow":"follow","max-snippet":"max-snippet:-1","max-image-preview":"max-image-preview:large","max-video-preview":"max-video-preview:-1"},"canonical":"https:\/\/riafresh.com\/es\/produto\/diabelha\/","og_locale":"es_ES","og_type":"article","og_title":"Diabelha - Riafresh","og_description":"Plantago coronopus  Planta extremadamente variable en h\u00e1bito, caracter\u00edsticas y ecolog\u00eda. Las plantas con influencia mar\u00edtima son robustas y tienen hojas suculentas dispuestas en forma de roseta basal. Las hojas estrechas y hendidas similares a cuernos hacen referencia a uno de sus nombres comunes.  La Diabelha RiaFresh\u00ae es f\u00e1cil de usar en ensaladas, tiene un sabor ligeramente salado y a nueces.  Comercializaci\u00f3n  Disponible en las siguientes unidades de venta: 20 g (para consultar otras unidades).  Disponibilidad y conservaci\u00f3n  Consulte nuestra disponibilidad. La Diabelha RiaFresh\u00ae cortada y fresca se puede conservar entre 3 y 7 \u00b0C durante 21 d\u00edas.  Certificaci\u00f3n  La Diabella RiaFresh\u00ae tiene certificado en GLOBALG.A.P.","og_url":"https:\/\/riafresh.com\/es\/produto\/diabelha\/","og_site_name":"Riafresh","article_modified_time":"2024-06-04T18:22:22+00:00","og_image":[{"width":400,"height":400,"url":"https:\/\/riafresh.com\/wp-content\/uploads\/2022\/03\/cd66a7a18d37d7e5dd969c249e9a1ecb_M.jpg","type":"image\/jpeg"}],"twitter_card":"summary_large_image","schema":{"@context":"https:\/\/schema.org","@graph":[{"@type":"WebPage","@id":"https:\/\/riafresh.com\/es\/produto\/diabelha\/","url":"https:\/\/riafresh.com\/es\/produto\/diabelha\/","name":"Diabelha - Riafresh","isPartOf":{"@id":"https:\/\/riafresh.com\/#website"},"primaryImageOfPage":{"@id":"https:\/\/riafresh.com\/es\/produto\/diabelha\/#primaryimage"},"image":{"@id":"https:\/\/riafresh.com\/es\/produto\/diabelha\/#primaryimage"},"thumbnailUrl":"https:\/\/riafresh.com\/wp-content\/uploads\/2022\/03\/cd66a7a18d37d7e5dd969c249e9a1ecb_M.jpg","datePublished":"2022-10-21T14:13:07+00:00","dateModified":"2024-06-04T18:22:22+00:00","breadcrumb":{"@id":"https:\/\/riafresh.com\/es\/produto\/diabelha\/#breadcrumb"},"inLanguage":"es","potentialAction":[{"@type":"ReadAction","target":["https:\/\/riafresh.com\/es\/produto\/diabelha\/"]}]},{"@type":"ImageObject","inLanguage":"es","@id":"https:\/\/riafresh.com\/es\/produto\/diabelha\/#primaryimage","url":"https:\/\/riafresh.com\/wp-content\/uploads\/2022\/03\/cd66a7a18d37d7e5dd969c249e9a1ecb_M.jpg","contentUrl":"https:\/\/riafresh.com\/wp-content\/uploads\/2022\/03\/cd66a7a18d37d7e5dd969c249e9a1ecb_M.jpg","width":400,"height":400},{"@type":"BreadcrumbList","@id":"https:\/\/riafresh.com\/es\/produto\/diabelha\/#breadcrumb","itemListElement":[{"@type":"ListItem","position":1,"name":"In\u00edcio","item":"https:\/\/riafresh.com\/es\/"},{"@type":"ListItem","position":2,"name":"Productos","item":"https:\/\/riafresh.com\/es\/tienda\/"},{"@type":"ListItem","position":3,"name":"Diabelha"}]},{"@type":"WebSite","@id":"https:\/\/riafresh.com\/#website","url":"https:\/\/riafresh.com\/","name":"Riafresh","description":"Verduras da Ria Formosa","potentialAction":[{"@type":"SearchAction","target":{"@type":"EntryPoint","urlTemplate":"https:\/\/riafresh.com\/?s={search_term_string}"},"query-input":{"@type":"PropertyValueSpecification","valueRequired":true,"valueName":"search_term_string"}}],"inLanguage":"es"}]}},"_links":{"self":[{"href":"https:\/\/riafresh.com\/es\/wp-json\/wp\/v2\/product\/8220","targetHints":{"allow":["GET"]}}],"collection":[{"href":"https:\/\/riafresh.com\/es\/wp-json\/wp\/v2\/product"}],"about":[{"href":"https:\/\/riafresh.com\/es\/wp-json\/wp\/v2\/types\/product"}],"wp:featuredmedia":[{"embeddable":true,"href":"https:\/\/riafresh.com\/es\/wp-json\/wp\/v2\/media\/8052"}],"wp:attachment":[{"href":"https:\/\/riafresh.com\/es\/wp-json\/wp\/v2\/media?parent=8220"}],"wp:term":[{"taxonomy":"product_brand","embeddable":true,"href":"https:\/\/riafresh.com\/es\/wp-json\/wp\/v2\/product_brand?post=8220"},{"taxonomy":"product_cat","embeddable":true,"href":"https:\/\/riafresh.com\/es\/wp-json\/wp\/v2\/product_cat?post=8220"},{"taxonomy":"product_tag","embeddable":true,"href":"https:\/\/riafresh.com\/es\/wp-json\/wp\/v2\/product_tag?post=8220"}],"curies":[{"name":"wp","href":"https:\/\/api.w.org\/{rel}","templated":true}]}}