{"id":8217,"date":"2022-10-21T14:18:04","date_gmt":"2022-10-21T14:18:04","guid":{"rendered":"https:\/\/riafresh.com\/produto\/hinojo-marino\/"},"modified":"2024-06-04T18:16:59","modified_gmt":"2024-06-04T18:16:59","slug":"hinojo-marino","status":"publish","type":"product","link":"https:\/\/riafresh.com\/es\/produto\/hinojo-marino\/","title":{"rendered":"Hinojo Marino"},"content":{"rendered":"","protected":false},"excerpt":{"rendered":"<p>Crithmum maritimum<\/p>\n<p>El hinojo marino es una planta altamente ramificada, con hojas redondas y carnosas de forma triangular. Sus hojas tienen un fuerte aroma cuando se exprimen (sus aceites esenciales se utilizan en perfumer\u00eda) con notas pronunciadas de hinojo y perejil, ligeramente salado y ligeramente amargo.<\/p>\n<p>El Hinojo Marino RiaFresh\u00ae es un ingrediente con un alto potencial para aromatizar los platos evocando sensaciones marinas. Se recomienda en ensaladas o como guarnici\u00f3n caliente en carnes. Es muy adecuado para la elaboraci\u00f3n de encurtidos.<\/p>\n<p>Comercializaci\u00f3n<\/p>\n<p>Disponible en las siguientes unidades de venta: 15 g (consultar para otras unidades).<\/p>\n<p>Disponibilidad y conservaci\u00f3n<\/p>\n<p>El Hinojo Marino RiaFresh\u00ae est\u00e1 disponible durante todo el a\u00f1o, cortado y fresco. Se puede conservar entre 3 y 7 \u00b0C durante 21 d\u00edas.<\/p>\n<p>Certificaci\u00f3n<\/p>\n<p>El Hinojo Marino RiaFresh\u00ae cuenta con la certificaci\u00f3n GLOBALG.A.P.<\/p>\n","protected":false},"featured_media":8048,"template":"","meta":[],"product_brand":[],"product_cat":[],"product_tag":[],"class_list":{"0":"post-8217","1":"product","2":"type-product","3":"status-publish","4":"has-post-thumbnail","7":"first","8":"instock","9":"shipping-taxable","10":"product-type-simple"},"yoast_head":"<!-- This site is optimized with the Yoast SEO plugin v25.9 - https:\/\/yoast.com\/wordpress\/plugins\/seo\/ -->\n<title>Hinojo Marino - Riafresh<\/title>\n<meta name=\"robots\" content=\"index, follow, max-snippet:-1, max-image-preview:large, max-video-preview:-1\" \/>\n<link rel=\"canonical\" href=\"https:\/\/riafresh.com\/es\/produto\/hinojo-marino\/\" \/>\n<meta property=\"og:locale\" content=\"es_ES\" \/>\n<meta property=\"og:type\" content=\"article\" \/>\n<meta property=\"og:title\" content=\"Hinojo Marino - Riafresh\" \/>\n<meta property=\"og:description\" content=\"Crithmum maritimum  El hinojo marino es una planta altamente ramificada, con hojas redondas y carnosas de forma triangular. Sus hojas tienen un fuerte aroma cuando se exprimen (sus aceites esenciales se utilizan en perfumer\u00eda) con notas pronunciadas de hinojo y perejil, ligeramente salado y ligeramente amargo.  El Hinojo Marino RiaFresh\u00ae es un ingrediente con un alto potencial para aromatizar los platos evocando sensaciones marinas. Se recomienda en ensaladas o como guarnici\u00f3n caliente en carnes. Es muy adecuado para la elaboraci\u00f3n de encurtidos.  Comercializaci\u00f3n  Disponible en las siguientes unidades de venta: 15 g (consultar para otras unidades).  Disponibilidad y conservaci\u00f3n  El Hinojo Marino RiaFresh\u00ae est\u00e1 disponible durante todo el a\u00f1o, cortado y fresco. Se puede conservar entre 3 y 7 \u00b0C durante 21 d\u00edas.  Certificaci\u00f3n  El Hinojo Marino RiaFresh\u00ae cuenta con la certificaci\u00f3n GLOBALG.A.P.\" \/>\n<meta property=\"og:url\" content=\"https:\/\/riafresh.com\/es\/produto\/hinojo-marino\/\" \/>\n<meta property=\"og:site_name\" content=\"Riafresh\" \/>\n<meta property=\"article:modified_time\" content=\"2024-06-04T18:16:59+00:00\" \/>\n<meta property=\"og:image\" content=\"https:\/\/riafresh.com\/wp-content\/uploads\/2022\/03\/funcho-do-mar.jpg\" \/>\n\t<meta property=\"og:image:width\" content=\"400\" \/>\n\t<meta property=\"og:image:height\" content=\"400\" \/>\n\t<meta property=\"og:image:type\" content=\"image\/jpeg\" \/>\n<meta name=\"twitter:card\" content=\"summary_large_image\" \/>\n<script type=\"application\/ld+json\" class=\"yoast-schema-graph\">{\"@context\":\"https:\/\/schema.org\",\"@graph\":[{\"@type\":\"WebPage\",\"@id\":\"https:\/\/riafresh.com\/es\/produto\/hinojo-marino\/\",\"url\":\"https:\/\/riafresh.com\/es\/produto\/hinojo-marino\/\",\"name\":\"Hinojo Marino - Riafresh\",\"isPartOf\":{\"@id\":\"https:\/\/riafresh.com\/#website\"},\"primaryImageOfPage\":{\"@id\":\"https:\/\/riafresh.com\/es\/produto\/hinojo-marino\/#primaryimage\"},\"image\":{\"@id\":\"https:\/\/riafresh.com\/es\/produto\/hinojo-marino\/#primaryimage\"},\"thumbnailUrl\":\"https:\/\/riafresh.com\/wp-content\/uploads\/2022\/03\/funcho-do-mar.jpg\",\"datePublished\":\"2022-10-21T14:18:04+00:00\",\"dateModified\":\"2024-06-04T18:16:59+00:00\",\"breadcrumb\":{\"@id\":\"https:\/\/riafresh.com\/es\/produto\/hinojo-marino\/#breadcrumb\"},\"inLanguage\":\"es\",\"potentialAction\":[{\"@type\":\"ReadAction\",\"target\":[\"https:\/\/riafresh.com\/es\/produto\/hinojo-marino\/\"]}]},{\"@type\":\"ImageObject\",\"inLanguage\":\"es\",\"@id\":\"https:\/\/riafresh.com\/es\/produto\/hinojo-marino\/#primaryimage\",\"url\":\"https:\/\/riafresh.com\/wp-content\/uploads\/2022\/03\/funcho-do-mar.jpg\",\"contentUrl\":\"https:\/\/riafresh.com\/wp-content\/uploads\/2022\/03\/funcho-do-mar.jpg\",\"width\":400,\"height\":400},{\"@type\":\"BreadcrumbList\",\"@id\":\"https:\/\/riafresh.com\/es\/produto\/hinojo-marino\/#breadcrumb\",\"itemListElement\":[{\"@type\":\"ListItem\",\"position\":1,\"name\":\"In\u00edcio\",\"item\":\"https:\/\/riafresh.com\/es\/\"},{\"@type\":\"ListItem\",\"position\":2,\"name\":\"Productos\",\"item\":\"https:\/\/riafresh.com\/es\/tienda\/\"},{\"@type\":\"ListItem\",\"position\":3,\"name\":\"Hinojo Marino\"}]},{\"@type\":\"WebSite\",\"@id\":\"https:\/\/riafresh.com\/#website\",\"url\":\"https:\/\/riafresh.com\/\",\"name\":\"Riafresh\",\"description\":\"Verduras da Ria Formosa\",\"potentialAction\":[{\"@type\":\"SearchAction\",\"target\":{\"@type\":\"EntryPoint\",\"urlTemplate\":\"https:\/\/riafresh.com\/?s={search_term_string}\"},\"query-input\":{\"@type\":\"PropertyValueSpecification\",\"valueRequired\":true,\"valueName\":\"search_term_string\"}}],\"inLanguage\":\"es\"}]}<\/script>\n<!-- \/ Yoast SEO plugin. -->","yoast_head_json":{"title":"Hinojo Marino - Riafresh","robots":{"index":"index","follow":"follow","max-snippet":"max-snippet:-1","max-image-preview":"max-image-preview:large","max-video-preview":"max-video-preview:-1"},"canonical":"https:\/\/riafresh.com\/es\/produto\/hinojo-marino\/","og_locale":"es_ES","og_type":"article","og_title":"Hinojo Marino - Riafresh","og_description":"Crithmum maritimum  El hinojo marino es una planta altamente ramificada, con hojas redondas y carnosas de forma triangular. Sus hojas tienen un fuerte aroma cuando se exprimen (sus aceites esenciales se utilizan en perfumer\u00eda) con notas pronunciadas de hinojo y perejil, ligeramente salado y ligeramente amargo.  El Hinojo Marino RiaFresh\u00ae es un ingrediente con un alto potencial para aromatizar los platos evocando sensaciones marinas. Se recomienda en ensaladas o como guarnici\u00f3n caliente en carnes. Es muy adecuado para la elaboraci\u00f3n de encurtidos.  Comercializaci\u00f3n  Disponible en las siguientes unidades de venta: 15 g (consultar para otras unidades).  Disponibilidad y conservaci\u00f3n  El Hinojo Marino RiaFresh\u00ae est\u00e1 disponible durante todo el a\u00f1o, cortado y fresco. Se puede conservar entre 3 y 7 \u00b0C durante 21 d\u00edas.  Certificaci\u00f3n  El Hinojo Marino RiaFresh\u00ae cuenta con la certificaci\u00f3n GLOBALG.A.P.","og_url":"https:\/\/riafresh.com\/es\/produto\/hinojo-marino\/","og_site_name":"Riafresh","article_modified_time":"2024-06-04T18:16:59+00:00","og_image":[{"width":400,"height":400,"url":"https:\/\/riafresh.com\/wp-content\/uploads\/2022\/03\/funcho-do-mar.jpg","type":"image\/jpeg"}],"twitter_card":"summary_large_image","schema":{"@context":"https:\/\/schema.org","@graph":[{"@type":"WebPage","@id":"https:\/\/riafresh.com\/es\/produto\/hinojo-marino\/","url":"https:\/\/riafresh.com\/es\/produto\/hinojo-marino\/","name":"Hinojo Marino - Riafresh","isPartOf":{"@id":"https:\/\/riafresh.com\/#website"},"primaryImageOfPage":{"@id":"https:\/\/riafresh.com\/es\/produto\/hinojo-marino\/#primaryimage"},"image":{"@id":"https:\/\/riafresh.com\/es\/produto\/hinojo-marino\/#primaryimage"},"thumbnailUrl":"https:\/\/riafresh.com\/wp-content\/uploads\/2022\/03\/funcho-do-mar.jpg","datePublished":"2022-10-21T14:18:04+00:00","dateModified":"2024-06-04T18:16:59+00:00","breadcrumb":{"@id":"https:\/\/riafresh.com\/es\/produto\/hinojo-marino\/#breadcrumb"},"inLanguage":"es","potentialAction":[{"@type":"ReadAction","target":["https:\/\/riafresh.com\/es\/produto\/hinojo-marino\/"]}]},{"@type":"ImageObject","inLanguage":"es","@id":"https:\/\/riafresh.com\/es\/produto\/hinojo-marino\/#primaryimage","url":"https:\/\/riafresh.com\/wp-content\/uploads\/2022\/03\/funcho-do-mar.jpg","contentUrl":"https:\/\/riafresh.com\/wp-content\/uploads\/2022\/03\/funcho-do-mar.jpg","width":400,"height":400},{"@type":"BreadcrumbList","@id":"https:\/\/riafresh.com\/es\/produto\/hinojo-marino\/#breadcrumb","itemListElement":[{"@type":"ListItem","position":1,"name":"In\u00edcio","item":"https:\/\/riafresh.com\/es\/"},{"@type":"ListItem","position":2,"name":"Productos","item":"https:\/\/riafresh.com\/es\/tienda\/"},{"@type":"ListItem","position":3,"name":"Hinojo Marino"}]},{"@type":"WebSite","@id":"https:\/\/riafresh.com\/#website","url":"https:\/\/riafresh.com\/","name":"Riafresh","description":"Verduras da Ria Formosa","potentialAction":[{"@type":"SearchAction","target":{"@type":"EntryPoint","urlTemplate":"https:\/\/riafresh.com\/?s={search_term_string}"},"query-input":{"@type":"PropertyValueSpecification","valueRequired":true,"valueName":"search_term_string"}}],"inLanguage":"es"}]}},"_links":{"self":[{"href":"https:\/\/riafresh.com\/es\/wp-json\/wp\/v2\/product\/8217","targetHints":{"allow":["GET"]}}],"collection":[{"href":"https:\/\/riafresh.com\/es\/wp-json\/wp\/v2\/product"}],"about":[{"href":"https:\/\/riafresh.com\/es\/wp-json\/wp\/v2\/types\/product"}],"wp:featuredmedia":[{"embeddable":true,"href":"https:\/\/riafresh.com\/es\/wp-json\/wp\/v2\/media\/8048"}],"wp:attachment":[{"href":"https:\/\/riafresh.com\/es\/wp-json\/wp\/v2\/media?parent=8217"}],"wp:term":[{"taxonomy":"product_brand","embeddable":true,"href":"https:\/\/riafresh.com\/es\/wp-json\/wp\/v2\/product_brand?post=8217"},{"taxonomy":"product_cat","embeddable":true,"href":"https:\/\/riafresh.com\/es\/wp-json\/wp\/v2\/product_cat?post=8217"},{"taxonomy":"product_tag","embeddable":true,"href":"https:\/\/riafresh.com\/es\/wp-json\/wp\/v2\/product_tag?post=8217"}],"curies":[{"name":"wp","href":"https:\/\/api.w.org\/{rel}","templated":true}]}}