{"id":8215,"date":"2022-10-21T14:26:24","date_gmt":"2022-10-21T14:26:24","guid":{"rendered":"https:\/\/riafresh.com\/produto\/rucula-marina\/"},"modified":"2024-06-04T18:23:57","modified_gmt":"2024-06-04T18:23:57","slug":"rucula-marina","status":"publish","type":"product","link":"https:\/\/riafresh.com\/es\/produto\/rucula-marina\/","title":{"rendered":"R\u00facula marina"},"content":{"rendered":"","protected":false},"excerpt":{"rendered":"<p><em><strong>Cakile maritima<\/strong><\/em><\/p>\n<p>La r\u00facula marina debe su nombre a la forma de sus hojas, con cortes muy pronunciados, redondeados, similar a la r\u00facula, pero mucho m\u00e1s carnosa. Pertenece a la familia de las mostazas y tiene un sabor intenso, con notas de r\u00e1bano y un evidente amargor.<\/p>\n<p>La R\u00facula Marinha RiaFresh\u00ae es un ingrediente de uso selecto debido a la peculiaridad de su sabor, se sugiere su utilizaci\u00f3n con carnes.<\/p>\n<p>Comercializaci\u00f3n<\/p>\n<p>Disponible en las siguientes unidades de venta: 20 g (para otras unidades, consulte).<\/p>\n<p>Disponibilidad y conservaci\u00f3n<\/p>\n<p>Consulte con nosotros sobre la disponibilidad. La R\u00facula Marinha RiaFresh\u00ae cortada y fresca se puede conservar entre 3 y 7 \u00b0C, hasta 21 d\u00edas.<\/p>\n<p><strong>Certificaci\u00f3n<\/strong><\/p>\n<p>La R\u00facula RiaFresh\u00ae tiene certificado en GLOBALG.A.P.<\/p>\n","protected":false},"featured_media":7952,"template":"","meta":[],"product_brand":[],"product_cat":[],"product_tag":[],"class_list":{"0":"post-8215","1":"product","2":"type-product","3":"status-publish","4":"has-post-thumbnail","7":"first","8":"instock","9":"shipping-taxable","10":"product-type-simple"},"yoast_head":"<!-- This site is optimized with the Yoast SEO plugin v25.9 - https:\/\/yoast.com\/wordpress\/plugins\/seo\/ -->\n<title>R\u00facula marina - Riafresh<\/title>\n<meta name=\"robots\" content=\"index, follow, max-snippet:-1, max-image-preview:large, max-video-preview:-1\" \/>\n<link rel=\"canonical\" href=\"https:\/\/riafresh.com\/es\/produto\/rucula-marina\/\" \/>\n<meta property=\"og:locale\" content=\"es_ES\" \/>\n<meta property=\"og:type\" content=\"article\" \/>\n<meta property=\"og:title\" content=\"R\u00facula marina - Riafresh\" \/>\n<meta property=\"og:description\" content=\"Cakile maritima  La r\u00facula marina debe su nombre a la forma de sus hojas, con cortes muy pronunciados, redondeados, similar a la r\u00facula, pero mucho m\u00e1s carnosa. Pertenece a la familia de las mostazas y tiene un sabor intenso, con notas de r\u00e1bano y un evidente amargor.  La R\u00facula Marinha RiaFresh\u00ae es un ingrediente de uso selecto debido a la peculiaridad de su sabor, se sugiere su utilizaci\u00f3n con carnes.  Comercializaci\u00f3n  Disponible en las siguientes unidades de venta: 20 g (para otras unidades, consulte).  Disponibilidad y conservaci\u00f3n  Consulte con nosotros sobre la disponibilidad. La R\u00facula Marinha RiaFresh\u00ae cortada y fresca se puede conservar entre 3 y 7 \u00b0C, hasta 21 d\u00edas.  Certificaci\u00f3n  La R\u00facula RiaFresh\u00ae tiene certificado en GLOBALG.A.P.\" \/>\n<meta property=\"og:url\" content=\"https:\/\/riafresh.com\/es\/produto\/rucula-marina\/\" \/>\n<meta property=\"og:site_name\" content=\"Riafresh\" \/>\n<meta property=\"article:modified_time\" content=\"2024-06-04T18:23:57+00:00\" \/>\n<meta property=\"og:image\" content=\"https:\/\/riafresh.com\/wp-content\/uploads\/2017\/06\/rucula-marinha.jpg\" \/>\n\t<meta property=\"og:image:width\" content=\"600\" \/>\n\t<meta property=\"og:image:height\" content=\"600\" \/>\n\t<meta property=\"og:image:type\" content=\"image\/jpeg\" \/>\n<meta name=\"twitter:card\" content=\"summary_large_image\" \/>\n<script type=\"application\/ld+json\" class=\"yoast-schema-graph\">{\"@context\":\"https:\/\/schema.org\",\"@graph\":[{\"@type\":\"WebPage\",\"@id\":\"https:\/\/riafresh.com\/es\/produto\/rucula-marina\/\",\"url\":\"https:\/\/riafresh.com\/es\/produto\/rucula-marina\/\",\"name\":\"R\u00facula marina - Riafresh\",\"isPartOf\":{\"@id\":\"https:\/\/riafresh.com\/#website\"},\"primaryImageOfPage\":{\"@id\":\"https:\/\/riafresh.com\/es\/produto\/rucula-marina\/#primaryimage\"},\"image\":{\"@id\":\"https:\/\/riafresh.com\/es\/produto\/rucula-marina\/#primaryimage\"},\"thumbnailUrl\":\"https:\/\/riafresh.com\/wp-content\/uploads\/2017\/06\/rucula-marinha.jpg\",\"datePublished\":\"2022-10-21T14:26:24+00:00\",\"dateModified\":\"2024-06-04T18:23:57+00:00\",\"breadcrumb\":{\"@id\":\"https:\/\/riafresh.com\/es\/produto\/rucula-marina\/#breadcrumb\"},\"inLanguage\":\"es\",\"potentialAction\":[{\"@type\":\"ReadAction\",\"target\":[\"https:\/\/riafresh.com\/es\/produto\/rucula-marina\/\"]}]},{\"@type\":\"ImageObject\",\"inLanguage\":\"es\",\"@id\":\"https:\/\/riafresh.com\/es\/produto\/rucula-marina\/#primaryimage\",\"url\":\"https:\/\/riafresh.com\/wp-content\/uploads\/2017\/06\/rucula-marinha.jpg\",\"contentUrl\":\"https:\/\/riafresh.com\/wp-content\/uploads\/2017\/06\/rucula-marinha.jpg\",\"width\":600,\"height\":600},{\"@type\":\"BreadcrumbList\",\"@id\":\"https:\/\/riafresh.com\/es\/produto\/rucula-marina\/#breadcrumb\",\"itemListElement\":[{\"@type\":\"ListItem\",\"position\":1,\"name\":\"In\u00edcio\",\"item\":\"https:\/\/riafresh.com\/es\/\"},{\"@type\":\"ListItem\",\"position\":2,\"name\":\"Productos\",\"item\":\"https:\/\/riafresh.com\/es\/tienda\/\"},{\"@type\":\"ListItem\",\"position\":3,\"name\":\"R\u00facula marina\"}]},{\"@type\":\"WebSite\",\"@id\":\"https:\/\/riafresh.com\/#website\",\"url\":\"https:\/\/riafresh.com\/\",\"name\":\"Riafresh\",\"description\":\"Verduras da Ria Formosa\",\"potentialAction\":[{\"@type\":\"SearchAction\",\"target\":{\"@type\":\"EntryPoint\",\"urlTemplate\":\"https:\/\/riafresh.com\/?s={search_term_string}\"},\"query-input\":{\"@type\":\"PropertyValueSpecification\",\"valueRequired\":true,\"valueName\":\"search_term_string\"}}],\"inLanguage\":\"es\"}]}<\/script>\n<!-- \/ Yoast SEO plugin. -->","yoast_head_json":{"title":"R\u00facula marina - Riafresh","robots":{"index":"index","follow":"follow","max-snippet":"max-snippet:-1","max-image-preview":"max-image-preview:large","max-video-preview":"max-video-preview:-1"},"canonical":"https:\/\/riafresh.com\/es\/produto\/rucula-marina\/","og_locale":"es_ES","og_type":"article","og_title":"R\u00facula marina - Riafresh","og_description":"Cakile maritima  La r\u00facula marina debe su nombre a la forma de sus hojas, con cortes muy pronunciados, redondeados, similar a la r\u00facula, pero mucho m\u00e1s carnosa. Pertenece a la familia de las mostazas y tiene un sabor intenso, con notas de r\u00e1bano y un evidente amargor.  La R\u00facula Marinha RiaFresh\u00ae es un ingrediente de uso selecto debido a la peculiaridad de su sabor, se sugiere su utilizaci\u00f3n con carnes.  Comercializaci\u00f3n  Disponible en las siguientes unidades de venta: 20 g (para otras unidades, consulte).  Disponibilidad y conservaci\u00f3n  Consulte con nosotros sobre la disponibilidad. La R\u00facula Marinha RiaFresh\u00ae cortada y fresca se puede conservar entre 3 y 7 \u00b0C, hasta 21 d\u00edas.  Certificaci\u00f3n  La R\u00facula RiaFresh\u00ae tiene certificado en GLOBALG.A.P.","og_url":"https:\/\/riafresh.com\/es\/produto\/rucula-marina\/","og_site_name":"Riafresh","article_modified_time":"2024-06-04T18:23:57+00:00","og_image":[{"width":600,"height":600,"url":"https:\/\/riafresh.com\/wp-content\/uploads\/2017\/06\/rucula-marinha.jpg","type":"image\/jpeg"}],"twitter_card":"summary_large_image","schema":{"@context":"https:\/\/schema.org","@graph":[{"@type":"WebPage","@id":"https:\/\/riafresh.com\/es\/produto\/rucula-marina\/","url":"https:\/\/riafresh.com\/es\/produto\/rucula-marina\/","name":"R\u00facula marina - Riafresh","isPartOf":{"@id":"https:\/\/riafresh.com\/#website"},"primaryImageOfPage":{"@id":"https:\/\/riafresh.com\/es\/produto\/rucula-marina\/#primaryimage"},"image":{"@id":"https:\/\/riafresh.com\/es\/produto\/rucula-marina\/#primaryimage"},"thumbnailUrl":"https:\/\/riafresh.com\/wp-content\/uploads\/2017\/06\/rucula-marinha.jpg","datePublished":"2022-10-21T14:26:24+00:00","dateModified":"2024-06-04T18:23:57+00:00","breadcrumb":{"@id":"https:\/\/riafresh.com\/es\/produto\/rucula-marina\/#breadcrumb"},"inLanguage":"es","potentialAction":[{"@type":"ReadAction","target":["https:\/\/riafresh.com\/es\/produto\/rucula-marina\/"]}]},{"@type":"ImageObject","inLanguage":"es","@id":"https:\/\/riafresh.com\/es\/produto\/rucula-marina\/#primaryimage","url":"https:\/\/riafresh.com\/wp-content\/uploads\/2017\/06\/rucula-marinha.jpg","contentUrl":"https:\/\/riafresh.com\/wp-content\/uploads\/2017\/06\/rucula-marinha.jpg","width":600,"height":600},{"@type":"BreadcrumbList","@id":"https:\/\/riafresh.com\/es\/produto\/rucula-marina\/#breadcrumb","itemListElement":[{"@type":"ListItem","position":1,"name":"In\u00edcio","item":"https:\/\/riafresh.com\/es\/"},{"@type":"ListItem","position":2,"name":"Productos","item":"https:\/\/riafresh.com\/es\/tienda\/"},{"@type":"ListItem","position":3,"name":"R\u00facula marina"}]},{"@type":"WebSite","@id":"https:\/\/riafresh.com\/#website","url":"https:\/\/riafresh.com\/","name":"Riafresh","description":"Verduras da Ria Formosa","potentialAction":[{"@type":"SearchAction","target":{"@type":"EntryPoint","urlTemplate":"https:\/\/riafresh.com\/?s={search_term_string}"},"query-input":{"@type":"PropertyValueSpecification","valueRequired":true,"valueName":"search_term_string"}}],"inLanguage":"es"}]}},"_links":{"self":[{"href":"https:\/\/riafresh.com\/es\/wp-json\/wp\/v2\/product\/8215","targetHints":{"allow":["GET"]}}],"collection":[{"href":"https:\/\/riafresh.com\/es\/wp-json\/wp\/v2\/product"}],"about":[{"href":"https:\/\/riafresh.com\/es\/wp-json\/wp\/v2\/types\/product"}],"wp:featuredmedia":[{"embeddable":true,"href":"https:\/\/riafresh.com\/es\/wp-json\/wp\/v2\/media\/7952"}],"wp:attachment":[{"href":"https:\/\/riafresh.com\/es\/wp-json\/wp\/v2\/media?parent=8215"}],"wp:term":[{"taxonomy":"product_brand","embeddable":true,"href":"https:\/\/riafresh.com\/es\/wp-json\/wp\/v2\/product_brand?post=8215"},{"taxonomy":"product_cat","embeddable":true,"href":"https:\/\/riafresh.com\/es\/wp-json\/wp\/v2\/product_cat?post=8215"},{"taxonomy":"product_tag","embeddable":true,"href":"https:\/\/riafresh.com\/es\/wp-json\/wp\/v2\/product_tag?post=8215"}],"curies":[{"name":"wp","href":"https:\/\/api.w.org\/{rel}","templated":true}]}}