{"id":8213,"date":"2022-10-21T16:32:16","date_gmt":"2022-10-21T16:32:16","guid":{"rendered":"https:\/\/riafresh.com\/produto\/sarcocornia\/"},"modified":"2024-06-04T18:12:38","modified_gmt":"2024-06-04T18:12:38","slug":"sarcocornia","status":"publish","type":"product","link":"https:\/\/riafresh.com\/es\/produto\/sarcocornia\/","title":{"rendered":"Sarcoc\u00f3rnia"},"content":{"rendered":"","protected":false},"excerpt":{"rendered":"<p>La sarcocornia es un arbusto peque\u00f1o y ramificado. Las ramas son rectas, con hojas reducidas a diminutas escamas que forman anillos a lo largo de la planta. Su color es caracter\u00edsticamente verde glauco y opaco.<\/p>\n<p>Los brotes carnosos de la Sarcocornia RiaFresh\u00ae se pueden consumir frescos, en ensaladas o sopas, o hervidos. Su sabor ligeramente amargo la convierte en un excelente ingrediente para preparar salsas para acompa\u00f1ar platos de carne o pescado. Sorprende cuando se utiliza con huevos o a la milanesa.<\/p>\n<p>Comercializaci\u00f3n<\/p>\n<p>Disponible en las siguientes unidades de venta: 40 g &#8211; 100 g (consultar otras unidades).<\/p>\n<p>Disponibilidad y conservaci\u00f3n<\/p>\n<p>La Sarcocornia RiaFresh\u00ae est\u00e1 disponible todo el a\u00f1o, cortada y fresca. Se puede conservar entre 3 y 7 \u00b0C durante 15 d\u00edas.<\/p>\n<p><strong>Certificaci\u00f3n<\/strong><\/p>\n<p>La Sarcocornia RiaFresh\u00ae tiene certificado en GLOBALG.A.P.<\/p>\n","protected":false},"featured_media":7946,"template":"","meta":[],"product_brand":[],"product_cat":[],"product_tag":[],"class_list":{"0":"post-8213","1":"product","2":"type-product","3":"status-publish","4":"has-post-thumbnail","7":"first","8":"instock","9":"shipping-taxable","10":"product-type-simple"},"yoast_head":"<!-- This site is optimized with the Yoast SEO plugin v25.9 - https:\/\/yoast.com\/wordpress\/plugins\/seo\/ -->\n<title>Sarcoc\u00f3rnia - Riafresh<\/title>\n<meta name=\"robots\" content=\"index, follow, max-snippet:-1, max-image-preview:large, max-video-preview:-1\" \/>\n<link rel=\"canonical\" href=\"https:\/\/riafresh.com\/es\/produto\/sarcocornia\/\" \/>\n<meta property=\"og:locale\" content=\"es_ES\" \/>\n<meta property=\"og:type\" content=\"article\" \/>\n<meta property=\"og:title\" content=\"Sarcoc\u00f3rnia - Riafresh\" \/>\n<meta property=\"og:description\" content=\"La sarcocornia es un arbusto peque\u00f1o y ramificado. Las ramas son rectas, con hojas reducidas a diminutas escamas que forman anillos a lo largo de la planta. Su color es caracter\u00edsticamente verde glauco y opaco.  Los brotes carnosos de la Sarcocornia RiaFresh\u00ae se pueden consumir frescos, en ensaladas o sopas, o hervidos. Su sabor ligeramente amargo la convierte en un excelente ingrediente para preparar salsas para acompa\u00f1ar platos de carne o pescado. Sorprende cuando se utiliza con huevos o a la milanesa.  Comercializaci\u00f3n  Disponible en las siguientes unidades de venta: 40 g - 100 g (consultar otras unidades).  Disponibilidad y conservaci\u00f3n  La Sarcocornia RiaFresh\u00ae est\u00e1 disponible todo el a\u00f1o, cortada y fresca. Se puede conservar entre 3 y 7 \u00b0C durante 15 d\u00edas.  Certificaci\u00f3n  La Sarcocornia RiaFresh\u00ae tiene certificado en GLOBALG.A.P.\" \/>\n<meta property=\"og:url\" content=\"https:\/\/riafresh.com\/es\/produto\/sarcocornia\/\" \/>\n<meta property=\"og:site_name\" content=\"Riafresh\" \/>\n<meta property=\"article:modified_time\" content=\"2024-06-04T18:12:38+00:00\" \/>\n<meta property=\"og:image\" content=\"https:\/\/riafresh.com\/wp-content\/uploads\/2017\/06\/sarcornia.jpg\" \/>\n\t<meta property=\"og:image:width\" content=\"600\" \/>\n\t<meta property=\"og:image:height\" content=\"600\" \/>\n\t<meta property=\"og:image:type\" content=\"image\/jpeg\" \/>\n<meta name=\"twitter:card\" content=\"summary_large_image\" \/>\n<script type=\"application\/ld+json\" class=\"yoast-schema-graph\">{\"@context\":\"https:\/\/schema.org\",\"@graph\":[{\"@type\":\"WebPage\",\"@id\":\"https:\/\/riafresh.com\/es\/produto\/sarcocornia\/\",\"url\":\"https:\/\/riafresh.com\/es\/produto\/sarcocornia\/\",\"name\":\"Sarcoc\u00f3rnia - Riafresh\",\"isPartOf\":{\"@id\":\"https:\/\/riafresh.com\/#website\"},\"primaryImageOfPage\":{\"@id\":\"https:\/\/riafresh.com\/es\/produto\/sarcocornia\/#primaryimage\"},\"image\":{\"@id\":\"https:\/\/riafresh.com\/es\/produto\/sarcocornia\/#primaryimage\"},\"thumbnailUrl\":\"https:\/\/riafresh.com\/wp-content\/uploads\/2017\/06\/sarcornia.jpg\",\"datePublished\":\"2022-10-21T16:32:16+00:00\",\"dateModified\":\"2024-06-04T18:12:38+00:00\",\"breadcrumb\":{\"@id\":\"https:\/\/riafresh.com\/es\/produto\/sarcocornia\/#breadcrumb\"},\"inLanguage\":\"es\",\"potentialAction\":[{\"@type\":\"ReadAction\",\"target\":[\"https:\/\/riafresh.com\/es\/produto\/sarcocornia\/\"]}]},{\"@type\":\"ImageObject\",\"inLanguage\":\"es\",\"@id\":\"https:\/\/riafresh.com\/es\/produto\/sarcocornia\/#primaryimage\",\"url\":\"https:\/\/riafresh.com\/wp-content\/uploads\/2017\/06\/sarcornia.jpg\",\"contentUrl\":\"https:\/\/riafresh.com\/wp-content\/uploads\/2017\/06\/sarcornia.jpg\",\"width\":600,\"height\":600},{\"@type\":\"BreadcrumbList\",\"@id\":\"https:\/\/riafresh.com\/es\/produto\/sarcocornia\/#breadcrumb\",\"itemListElement\":[{\"@type\":\"ListItem\",\"position\":1,\"name\":\"In\u00edcio\",\"item\":\"https:\/\/riafresh.com\/es\/\"},{\"@type\":\"ListItem\",\"position\":2,\"name\":\"Productos\",\"item\":\"https:\/\/riafresh.com\/es\/tienda\/\"},{\"@type\":\"ListItem\",\"position\":3,\"name\":\"Sarcoc\u00f3rnia\"}]},{\"@type\":\"WebSite\",\"@id\":\"https:\/\/riafresh.com\/#website\",\"url\":\"https:\/\/riafresh.com\/\",\"name\":\"Riafresh\",\"description\":\"Verduras da Ria Formosa\",\"potentialAction\":[{\"@type\":\"SearchAction\",\"target\":{\"@type\":\"EntryPoint\",\"urlTemplate\":\"https:\/\/riafresh.com\/?s={search_term_string}\"},\"query-input\":{\"@type\":\"PropertyValueSpecification\",\"valueRequired\":true,\"valueName\":\"search_term_string\"}}],\"inLanguage\":\"es\"}]}<\/script>\n<!-- \/ Yoast SEO plugin. -->","yoast_head_json":{"title":"Sarcoc\u00f3rnia - Riafresh","robots":{"index":"index","follow":"follow","max-snippet":"max-snippet:-1","max-image-preview":"max-image-preview:large","max-video-preview":"max-video-preview:-1"},"canonical":"https:\/\/riafresh.com\/es\/produto\/sarcocornia\/","og_locale":"es_ES","og_type":"article","og_title":"Sarcoc\u00f3rnia - Riafresh","og_description":"La sarcocornia es un arbusto peque\u00f1o y ramificado. Las ramas son rectas, con hojas reducidas a diminutas escamas que forman anillos a lo largo de la planta. Su color es caracter\u00edsticamente verde glauco y opaco.  Los brotes carnosos de la Sarcocornia RiaFresh\u00ae se pueden consumir frescos, en ensaladas o sopas, o hervidos. Su sabor ligeramente amargo la convierte en un excelente ingrediente para preparar salsas para acompa\u00f1ar platos de carne o pescado. Sorprende cuando se utiliza con huevos o a la milanesa.  Comercializaci\u00f3n  Disponible en las siguientes unidades de venta: 40 g - 100 g (consultar otras unidades).  Disponibilidad y conservaci\u00f3n  La Sarcocornia RiaFresh\u00ae est\u00e1 disponible todo el a\u00f1o, cortada y fresca. Se puede conservar entre 3 y 7 \u00b0C durante 15 d\u00edas.  Certificaci\u00f3n  La Sarcocornia RiaFresh\u00ae tiene certificado en GLOBALG.A.P.","og_url":"https:\/\/riafresh.com\/es\/produto\/sarcocornia\/","og_site_name":"Riafresh","article_modified_time":"2024-06-04T18:12:38+00:00","og_image":[{"width":600,"height":600,"url":"https:\/\/riafresh.com\/wp-content\/uploads\/2017\/06\/sarcornia.jpg","type":"image\/jpeg"}],"twitter_card":"summary_large_image","schema":{"@context":"https:\/\/schema.org","@graph":[{"@type":"WebPage","@id":"https:\/\/riafresh.com\/es\/produto\/sarcocornia\/","url":"https:\/\/riafresh.com\/es\/produto\/sarcocornia\/","name":"Sarcoc\u00f3rnia - Riafresh","isPartOf":{"@id":"https:\/\/riafresh.com\/#website"},"primaryImageOfPage":{"@id":"https:\/\/riafresh.com\/es\/produto\/sarcocornia\/#primaryimage"},"image":{"@id":"https:\/\/riafresh.com\/es\/produto\/sarcocornia\/#primaryimage"},"thumbnailUrl":"https:\/\/riafresh.com\/wp-content\/uploads\/2017\/06\/sarcornia.jpg","datePublished":"2022-10-21T16:32:16+00:00","dateModified":"2024-06-04T18:12:38+00:00","breadcrumb":{"@id":"https:\/\/riafresh.com\/es\/produto\/sarcocornia\/#breadcrumb"},"inLanguage":"es","potentialAction":[{"@type":"ReadAction","target":["https:\/\/riafresh.com\/es\/produto\/sarcocornia\/"]}]},{"@type":"ImageObject","inLanguage":"es","@id":"https:\/\/riafresh.com\/es\/produto\/sarcocornia\/#primaryimage","url":"https:\/\/riafresh.com\/wp-content\/uploads\/2017\/06\/sarcornia.jpg","contentUrl":"https:\/\/riafresh.com\/wp-content\/uploads\/2017\/06\/sarcornia.jpg","width":600,"height":600},{"@type":"BreadcrumbList","@id":"https:\/\/riafresh.com\/es\/produto\/sarcocornia\/#breadcrumb","itemListElement":[{"@type":"ListItem","position":1,"name":"In\u00edcio","item":"https:\/\/riafresh.com\/es\/"},{"@type":"ListItem","position":2,"name":"Productos","item":"https:\/\/riafresh.com\/es\/tienda\/"},{"@type":"ListItem","position":3,"name":"Sarcoc\u00f3rnia"}]},{"@type":"WebSite","@id":"https:\/\/riafresh.com\/#website","url":"https:\/\/riafresh.com\/","name":"Riafresh","description":"Verduras da Ria Formosa","potentialAction":[{"@type":"SearchAction","target":{"@type":"EntryPoint","urlTemplate":"https:\/\/riafresh.com\/?s={search_term_string}"},"query-input":{"@type":"PropertyValueSpecification","valueRequired":true,"valueName":"search_term_string"}}],"inLanguage":"es"}]}},"_links":{"self":[{"href":"https:\/\/riafresh.com\/es\/wp-json\/wp\/v2\/product\/8213","targetHints":{"allow":["GET"]}}],"collection":[{"href":"https:\/\/riafresh.com\/es\/wp-json\/wp\/v2\/product"}],"about":[{"href":"https:\/\/riafresh.com\/es\/wp-json\/wp\/v2\/types\/product"}],"wp:featuredmedia":[{"embeddable":true,"href":"https:\/\/riafresh.com\/es\/wp-json\/wp\/v2\/media\/7946"}],"wp:attachment":[{"href":"https:\/\/riafresh.com\/es\/wp-json\/wp\/v2\/media?parent=8213"}],"wp:term":[{"taxonomy":"product_brand","embeddable":true,"href":"https:\/\/riafresh.com\/es\/wp-json\/wp\/v2\/product_brand?post=8213"},{"taxonomy":"product_cat","embeddable":true,"href":"https:\/\/riafresh.com\/es\/wp-json\/wp\/v2\/product_cat?post=8213"},{"taxonomy":"product_tag","embeddable":true,"href":"https:\/\/riafresh.com\/es\/wp-json\/wp\/v2\/product_tag?post=8213"}],"curies":[{"name":"wp","href":"https:\/\/api.w.org\/{rel}","templated":true}]}}