{"id":8212,"date":"2022-10-21T17:19:43","date_gmt":"2022-10-21T17:19:43","guid":{"rendered":"https:\/\/riafresh.com\/produto\/valverde-de-la-playa\/"},"modified":"2024-06-04T18:26:31","modified_gmt":"2024-06-04T18:26:31","slug":"valverde-de-la-playa","status":"publish","type":"product","link":"https:\/\/riafresh.com\/es\/produto\/valverde-de-la-playa\/","title":{"rendered":"Valverde de la Playa"},"content":{"rendered":"","protected":false},"excerpt":{"rendered":"<p>El Valverde de la playa es una planta arbustiva con hojas carnosas y jugosas de forma semicircular, planas en la parte superior y terminadas en un extremo roma. A veces presenta hojas mucho m\u00e1s cortas, similares a un racimo de pl\u00e1tanos, entre las hojas m\u00e1s largas. El color es t\u00edpicamente verde, pero puede llegar a ser rojo o morado.<\/p>\n<p>El Valverde RiaFresh\u00ae tiene un sabor marcado de salinidad y algunas notas terrosas, siendo diferente a todas las dem\u00e1s verduras marinas. Tiene un rendimiento excelente en platos tibios (huevos, champi\u00f1ones), calientes (pescado y mariscos) y ocasionalmente en encurtidos.<\/p>\n<p>Propiedades<\/p>\n<p>El Valverde RiaFresh\u00ae es rico en prote\u00ednas, fibras, vitamina B6, vitamina E y cromo. Es una fuente de manganeso. Contiene lute\u00edna, fenoles, flavonoides y taninos.<\/p>\n<p>Comercializaci\u00f3n<\/p>\n<p>Disponible en las siguientes unidades de venta: 30 g (para otras unidades, consultar).<\/p>\n<p>Disponibilidad y conservaci\u00f3n<\/p>\n<p>El Valverde RiaFresh\u00ae est\u00e1 disponible todo el a\u00f1o, cortado y fresco. Se puede conservar entre 3 y 7 \u00b0C durante 15 d\u00edas.<\/p>\n<p>&nbsp;<\/p>\n","protected":false},"featured_media":7942,"template":"","meta":[],"product_brand":[],"product_cat":[],"product_tag":[],"class_list":{"0":"post-8212","1":"product","2":"type-product","3":"status-publish","4":"has-post-thumbnail","7":"first","8":"instock","9":"shipping-taxable","10":"product-type-simple"},"yoast_head":"<!-- This site is optimized with the Yoast SEO plugin v25.9 - https:\/\/yoast.com\/wordpress\/plugins\/seo\/ -->\n<title>Valverde de la Playa - Riafresh<\/title>\n<meta name=\"robots\" content=\"index, follow, max-snippet:-1, max-image-preview:large, max-video-preview:-1\" \/>\n<link rel=\"canonical\" href=\"https:\/\/riafresh.com\/es\/produto\/valverde-de-la-playa\/\" \/>\n<meta property=\"og:locale\" content=\"es_ES\" \/>\n<meta property=\"og:type\" content=\"article\" \/>\n<meta property=\"og:title\" content=\"Valverde de la Playa - Riafresh\" \/>\n<meta property=\"og:description\" content=\"El Valverde de la playa es una planta arbustiva con hojas carnosas y jugosas de forma semicircular, planas en la parte superior y terminadas en un extremo roma. A veces presenta hojas mucho m\u00e1s cortas, similares a un racimo de pl\u00e1tanos, entre las hojas m\u00e1s largas. El color es t\u00edpicamente verde, pero puede llegar a ser rojo o morado.  El Valverde RiaFresh\u00ae tiene un sabor marcado de salinidad y algunas notas terrosas, siendo diferente a todas las dem\u00e1s verduras marinas. Tiene un rendimiento excelente en platos tibios (huevos, champi\u00f1ones), calientes (pescado y mariscos) y ocasionalmente en encurtidos.  Propiedades  El Valverde RiaFresh\u00ae es rico en prote\u00ednas, fibras, vitamina B6, vitamina E y cromo. Es una fuente de manganeso. Contiene lute\u00edna, fenoles, flavonoides y taninos.  Comercializaci\u00f3n  Disponible en las siguientes unidades de venta: 30 g (para otras unidades, consultar).  Disponibilidad y conservaci\u00f3n  El Valverde RiaFresh\u00ae est\u00e1 disponible todo el a\u00f1o, cortado y fresco. Se puede conservar entre 3 y 7 \u00b0C durante 15 d\u00edas.  &nbsp;\" \/>\n<meta property=\"og:url\" content=\"https:\/\/riafresh.com\/es\/produto\/valverde-de-la-playa\/\" \/>\n<meta property=\"og:site_name\" content=\"Riafresh\" \/>\n<meta property=\"article:modified_time\" content=\"2024-06-04T18:26:31+00:00\" \/>\n<meta property=\"og:image\" content=\"https:\/\/riafresh.com\/wp-content\/uploads\/2017\/06\/ffee2447b152494b43d9816faaea83c8_XL.jpg\" \/>\n\t<meta property=\"og:image:width\" content=\"600\" \/>\n\t<meta property=\"og:image:height\" content=\"600\" \/>\n\t<meta property=\"og:image:type\" content=\"image\/jpeg\" \/>\n<meta name=\"twitter:card\" content=\"summary_large_image\" \/>\n<script type=\"application\/ld+json\" class=\"yoast-schema-graph\">{\"@context\":\"https:\/\/schema.org\",\"@graph\":[{\"@type\":\"WebPage\",\"@id\":\"https:\/\/riafresh.com\/es\/produto\/valverde-de-la-playa\/\",\"url\":\"https:\/\/riafresh.com\/es\/produto\/valverde-de-la-playa\/\",\"name\":\"Valverde de la Playa - Riafresh\",\"isPartOf\":{\"@id\":\"https:\/\/riafresh.com\/#website\"},\"primaryImageOfPage\":{\"@id\":\"https:\/\/riafresh.com\/es\/produto\/valverde-de-la-playa\/#primaryimage\"},\"image\":{\"@id\":\"https:\/\/riafresh.com\/es\/produto\/valverde-de-la-playa\/#primaryimage\"},\"thumbnailUrl\":\"https:\/\/riafresh.com\/wp-content\/uploads\/2017\/06\/ffee2447b152494b43d9816faaea83c8_XL.jpg\",\"datePublished\":\"2022-10-21T17:19:43+00:00\",\"dateModified\":\"2024-06-04T18:26:31+00:00\",\"breadcrumb\":{\"@id\":\"https:\/\/riafresh.com\/es\/produto\/valverde-de-la-playa\/#breadcrumb\"},\"inLanguage\":\"es\",\"potentialAction\":[{\"@type\":\"ReadAction\",\"target\":[\"https:\/\/riafresh.com\/es\/produto\/valverde-de-la-playa\/\"]}]},{\"@type\":\"ImageObject\",\"inLanguage\":\"es\",\"@id\":\"https:\/\/riafresh.com\/es\/produto\/valverde-de-la-playa\/#primaryimage\",\"url\":\"https:\/\/riafresh.com\/wp-content\/uploads\/2017\/06\/ffee2447b152494b43d9816faaea83c8_XL.jpg\",\"contentUrl\":\"https:\/\/riafresh.com\/wp-content\/uploads\/2017\/06\/ffee2447b152494b43d9816faaea83c8_XL.jpg\",\"width\":600,\"height\":600},{\"@type\":\"BreadcrumbList\",\"@id\":\"https:\/\/riafresh.com\/es\/produto\/valverde-de-la-playa\/#breadcrumb\",\"itemListElement\":[{\"@type\":\"ListItem\",\"position\":1,\"name\":\"In\u00edcio\",\"item\":\"https:\/\/riafresh.com\/es\/\"},{\"@type\":\"ListItem\",\"position\":2,\"name\":\"Productos\",\"item\":\"https:\/\/riafresh.com\/es\/tienda\/\"},{\"@type\":\"ListItem\",\"position\":3,\"name\":\"Valverde de la Playa\"}]},{\"@type\":\"WebSite\",\"@id\":\"https:\/\/riafresh.com\/#website\",\"url\":\"https:\/\/riafresh.com\/\",\"name\":\"Riafresh\",\"description\":\"Verduras da Ria Formosa\",\"potentialAction\":[{\"@type\":\"SearchAction\",\"target\":{\"@type\":\"EntryPoint\",\"urlTemplate\":\"https:\/\/riafresh.com\/?s={search_term_string}\"},\"query-input\":{\"@type\":\"PropertyValueSpecification\",\"valueRequired\":true,\"valueName\":\"search_term_string\"}}],\"inLanguage\":\"es\"}]}<\/script>\n<!-- \/ Yoast SEO plugin. -->","yoast_head_json":{"title":"Valverde de la Playa - Riafresh","robots":{"index":"index","follow":"follow","max-snippet":"max-snippet:-1","max-image-preview":"max-image-preview:large","max-video-preview":"max-video-preview:-1"},"canonical":"https:\/\/riafresh.com\/es\/produto\/valverde-de-la-playa\/","og_locale":"es_ES","og_type":"article","og_title":"Valverde de la Playa - Riafresh","og_description":"El Valverde de la playa es una planta arbustiva con hojas carnosas y jugosas de forma semicircular, planas en la parte superior y terminadas en un extremo roma. A veces presenta hojas mucho m\u00e1s cortas, similares a un racimo de pl\u00e1tanos, entre las hojas m\u00e1s largas. El color es t\u00edpicamente verde, pero puede llegar a ser rojo o morado.  El Valverde RiaFresh\u00ae tiene un sabor marcado de salinidad y algunas notas terrosas, siendo diferente a todas las dem\u00e1s verduras marinas. Tiene un rendimiento excelente en platos tibios (huevos, champi\u00f1ones), calientes (pescado y mariscos) y ocasionalmente en encurtidos.  Propiedades  El Valverde RiaFresh\u00ae es rico en prote\u00ednas, fibras, vitamina B6, vitamina E y cromo. Es una fuente de manganeso. Contiene lute\u00edna, fenoles, flavonoides y taninos.  Comercializaci\u00f3n  Disponible en las siguientes unidades de venta: 30 g (para otras unidades, consultar).  Disponibilidad y conservaci\u00f3n  El Valverde RiaFresh\u00ae est\u00e1 disponible todo el a\u00f1o, cortado y fresco. Se puede conservar entre 3 y 7 \u00b0C durante 15 d\u00edas.  &nbsp;","og_url":"https:\/\/riafresh.com\/es\/produto\/valverde-de-la-playa\/","og_site_name":"Riafresh","article_modified_time":"2024-06-04T18:26:31+00:00","og_image":[{"width":600,"height":600,"url":"https:\/\/riafresh.com\/wp-content\/uploads\/2017\/06\/ffee2447b152494b43d9816faaea83c8_XL.jpg","type":"image\/jpeg"}],"twitter_card":"summary_large_image","schema":{"@context":"https:\/\/schema.org","@graph":[{"@type":"WebPage","@id":"https:\/\/riafresh.com\/es\/produto\/valverde-de-la-playa\/","url":"https:\/\/riafresh.com\/es\/produto\/valverde-de-la-playa\/","name":"Valverde de la Playa - Riafresh","isPartOf":{"@id":"https:\/\/riafresh.com\/#website"},"primaryImageOfPage":{"@id":"https:\/\/riafresh.com\/es\/produto\/valverde-de-la-playa\/#primaryimage"},"image":{"@id":"https:\/\/riafresh.com\/es\/produto\/valverde-de-la-playa\/#primaryimage"},"thumbnailUrl":"https:\/\/riafresh.com\/wp-content\/uploads\/2017\/06\/ffee2447b152494b43d9816faaea83c8_XL.jpg","datePublished":"2022-10-21T17:19:43+00:00","dateModified":"2024-06-04T18:26:31+00:00","breadcrumb":{"@id":"https:\/\/riafresh.com\/es\/produto\/valverde-de-la-playa\/#breadcrumb"},"inLanguage":"es","potentialAction":[{"@type":"ReadAction","target":["https:\/\/riafresh.com\/es\/produto\/valverde-de-la-playa\/"]}]},{"@type":"ImageObject","inLanguage":"es","@id":"https:\/\/riafresh.com\/es\/produto\/valverde-de-la-playa\/#primaryimage","url":"https:\/\/riafresh.com\/wp-content\/uploads\/2017\/06\/ffee2447b152494b43d9816faaea83c8_XL.jpg","contentUrl":"https:\/\/riafresh.com\/wp-content\/uploads\/2017\/06\/ffee2447b152494b43d9816faaea83c8_XL.jpg","width":600,"height":600},{"@type":"BreadcrumbList","@id":"https:\/\/riafresh.com\/es\/produto\/valverde-de-la-playa\/#breadcrumb","itemListElement":[{"@type":"ListItem","position":1,"name":"In\u00edcio","item":"https:\/\/riafresh.com\/es\/"},{"@type":"ListItem","position":2,"name":"Productos","item":"https:\/\/riafresh.com\/es\/tienda\/"},{"@type":"ListItem","position":3,"name":"Valverde de la Playa"}]},{"@type":"WebSite","@id":"https:\/\/riafresh.com\/#website","url":"https:\/\/riafresh.com\/","name":"Riafresh","description":"Verduras da Ria Formosa","potentialAction":[{"@type":"SearchAction","target":{"@type":"EntryPoint","urlTemplate":"https:\/\/riafresh.com\/?s={search_term_string}"},"query-input":{"@type":"PropertyValueSpecification","valueRequired":true,"valueName":"search_term_string"}}],"inLanguage":"es"}]}},"_links":{"self":[{"href":"https:\/\/riafresh.com\/es\/wp-json\/wp\/v2\/product\/8212","targetHints":{"allow":["GET"]}}],"collection":[{"href":"https:\/\/riafresh.com\/es\/wp-json\/wp\/v2\/product"}],"about":[{"href":"https:\/\/riafresh.com\/es\/wp-json\/wp\/v2\/types\/product"}],"wp:featuredmedia":[{"embeddable":true,"href":"https:\/\/riafresh.com\/es\/wp-json\/wp\/v2\/media\/7942"}],"wp:attachment":[{"href":"https:\/\/riafresh.com\/es\/wp-json\/wp\/v2\/media?parent=8212"}],"wp:term":[{"taxonomy":"product_brand","embeddable":true,"href":"https:\/\/riafresh.com\/es\/wp-json\/wp\/v2\/product_brand?post=8212"},{"taxonomy":"product_cat","embeddable":true,"href":"https:\/\/riafresh.com\/es\/wp-json\/wp\/v2\/product_cat?post=8212"},{"taxonomy":"product_tag","embeddable":true,"href":"https:\/\/riafresh.com\/es\/wp-json\/wp\/v2\/product_tag?post=8212"}],"curies":[{"name":"wp","href":"https:\/\/api.w.org\/{rel}","templated":true}]}}