{"id":8211,"date":"2022-10-21T17:24:14","date_gmt":"2022-10-21T17:24:14","guid":{"rendered":"https:\/\/riafresh.com\/produto\/rossio\/"},"modified":"2024-06-04T18:04:40","modified_gmt":"2024-06-04T18:04:40","slug":"rossio","status":"publish","type":"product","link":"https:\/\/riafresh.com\/es\/produto\/rossio\/","title":{"rendered":"Rossio"},"content":{"rendered":"","protected":false},"excerpt":{"rendered":"<p><strong>Mesembryanthemum nodiflorum<\/strong><\/p>\n<p>El rossio recibe este nombre debido a las ves\u00edculas en forma de peque\u00f1as burbujas brillantes que lo cubren. Las hojas son peque\u00f1as y carnosas, y encapsulan una delicada flor amarilla con p\u00e9talos blancos. El color de sus tejidos var\u00eda del verde al amarillento, anaranjado y hasta el p\u00farpura.<\/p>\n<p>El Rossio RiaFresh\u00ae es un vegetal muy decorativo, con un sabor ligeramente salado y un toque c\u00edtrico y \u00e1cido.<\/p>\n<p><strong>Propiedades<\/strong><\/p>\n<p>El Rossio RiaFresh\u00ae es rico en vitamina B6 y es fuente de vitamina C, prote\u00ednas, fibra, hierro y manganeso.<\/p>\n<p><strong>Comercializaci\u00f3n<\/strong><\/p>\n<p>Disponible en las siguientes unidades de venta: 30 g (para otras unidades, consultar).<\/p>\n<p><strong>Disponibilidad y conservaci\u00f3n<\/strong><\/p>\n<p>El Rossio RiaFresh\u00ae est\u00e1 disponible todo el a\u00f1o, cortado y fresco. Puede conservarse entre 3 y 7 \u00b0C, hasta 15 d\u00edas.<\/p>\n<p><strong>Certificaci\u00f3n<\/strong><\/p>\n<p>La Lechuga Glacial RiaFresh\u00ae tiene certificado.<\/p>\n","protected":false},"featured_media":7944,"template":"","meta":[],"product_brand":[],"product_cat":[69],"product_tag":[],"class_list":{"0":"post-8211","1":"product","2":"type-product","3":"status-publish","4":"has-post-thumbnail","6":"product_cat-vegetales-marinos","8":"first","9":"instock","10":"shipping-taxable","11":"product-type-simple"},"yoast_head":"<!-- This site is optimized with the Yoast SEO plugin v25.9 - https:\/\/yoast.com\/wordpress\/plugins\/seo\/ -->\n<title>Rossio - Riafresh<\/title>\n<meta name=\"robots\" content=\"index, follow, max-snippet:-1, max-image-preview:large, max-video-preview:-1\" \/>\n<link rel=\"canonical\" href=\"https:\/\/riafresh.com\/es\/produto\/rossio\/\" \/>\n<meta property=\"og:locale\" content=\"es_ES\" \/>\n<meta property=\"og:type\" content=\"article\" \/>\n<meta property=\"og:title\" content=\"Rossio - Riafresh\" \/>\n<meta property=\"og:description\" content=\"Mesembryanthemum nodiflorum  El rossio recibe este nombre debido a las ves\u00edculas en forma de peque\u00f1as burbujas brillantes que lo cubren. Las hojas son peque\u00f1as y carnosas, y encapsulan una delicada flor amarilla con p\u00e9talos blancos. El color de sus tejidos var\u00eda del verde al amarillento, anaranjado y hasta el p\u00farpura.  El Rossio RiaFresh\u00ae es un vegetal muy decorativo, con un sabor ligeramente salado y un toque c\u00edtrico y \u00e1cido.  Propiedades  El Rossio RiaFresh\u00ae es rico en vitamina B6 y es fuente de vitamina C, prote\u00ednas, fibra, hierro y manganeso.  Comercializaci\u00f3n  Disponible en las siguientes unidades de venta: 30 g (para otras unidades, consultar).  Disponibilidad y conservaci\u00f3n  El Rossio RiaFresh\u00ae est\u00e1 disponible todo el a\u00f1o, cortado y fresco. Puede conservarse entre 3 y 7 \u00b0C, hasta 15 d\u00edas.  Certificaci\u00f3n  La Lechuga Glacial RiaFresh\u00ae tiene certificado.\" \/>\n<meta property=\"og:url\" content=\"https:\/\/riafresh.com\/es\/produto\/rossio\/\" \/>\n<meta property=\"og:site_name\" content=\"Riafresh\" \/>\n<meta property=\"article:modified_time\" content=\"2024-06-04T18:04:40+00:00\" \/>\n<meta property=\"og:image\" content=\"https:\/\/riafresh.com\/wp-content\/uploads\/2017\/06\/rossio.jpg\" \/>\n\t<meta property=\"og:image:width\" content=\"600\" \/>\n\t<meta property=\"og:image:height\" content=\"600\" \/>\n\t<meta property=\"og:image:type\" content=\"image\/jpeg\" \/>\n<meta name=\"twitter:card\" content=\"summary_large_image\" \/>\n<script type=\"application\/ld+json\" class=\"yoast-schema-graph\">{\"@context\":\"https:\/\/schema.org\",\"@graph\":[{\"@type\":\"WebPage\",\"@id\":\"https:\/\/riafresh.com\/es\/produto\/rossio\/\",\"url\":\"https:\/\/riafresh.com\/es\/produto\/rossio\/\",\"name\":\"Rossio - Riafresh\",\"isPartOf\":{\"@id\":\"https:\/\/riafresh.com\/#website\"},\"primaryImageOfPage\":{\"@id\":\"https:\/\/riafresh.com\/es\/produto\/rossio\/#primaryimage\"},\"image\":{\"@id\":\"https:\/\/riafresh.com\/es\/produto\/rossio\/#primaryimage\"},\"thumbnailUrl\":\"https:\/\/riafresh.com\/wp-content\/uploads\/2017\/06\/rossio.jpg\",\"datePublished\":\"2022-10-21T17:24:14+00:00\",\"dateModified\":\"2024-06-04T18:04:40+00:00\",\"breadcrumb\":{\"@id\":\"https:\/\/riafresh.com\/es\/produto\/rossio\/#breadcrumb\"},\"inLanguage\":\"es\",\"potentialAction\":[{\"@type\":\"ReadAction\",\"target\":[\"https:\/\/riafresh.com\/es\/produto\/rossio\/\"]}]},{\"@type\":\"ImageObject\",\"inLanguage\":\"es\",\"@id\":\"https:\/\/riafresh.com\/es\/produto\/rossio\/#primaryimage\",\"url\":\"https:\/\/riafresh.com\/wp-content\/uploads\/2017\/06\/rossio.jpg\",\"contentUrl\":\"https:\/\/riafresh.com\/wp-content\/uploads\/2017\/06\/rossio.jpg\",\"width\":600,\"height\":600},{\"@type\":\"BreadcrumbList\",\"@id\":\"https:\/\/riafresh.com\/es\/produto\/rossio\/#breadcrumb\",\"itemListElement\":[{\"@type\":\"ListItem\",\"position\":1,\"name\":\"In\u00edcio\",\"item\":\"https:\/\/riafresh.com\/es\/\"},{\"@type\":\"ListItem\",\"position\":2,\"name\":\"Productos\",\"item\":\"https:\/\/riafresh.com\/es\/tienda\/\"},{\"@type\":\"ListItem\",\"position\":3,\"name\":\"Rossio\"}]},{\"@type\":\"WebSite\",\"@id\":\"https:\/\/riafresh.com\/#website\",\"url\":\"https:\/\/riafresh.com\/\",\"name\":\"Riafresh\",\"description\":\"Verduras da Ria Formosa\",\"potentialAction\":[{\"@type\":\"SearchAction\",\"target\":{\"@type\":\"EntryPoint\",\"urlTemplate\":\"https:\/\/riafresh.com\/?s={search_term_string}\"},\"query-input\":{\"@type\":\"PropertyValueSpecification\",\"valueRequired\":true,\"valueName\":\"search_term_string\"}}],\"inLanguage\":\"es\"}]}<\/script>\n<!-- \/ Yoast SEO plugin. -->","yoast_head_json":{"title":"Rossio - Riafresh","robots":{"index":"index","follow":"follow","max-snippet":"max-snippet:-1","max-image-preview":"max-image-preview:large","max-video-preview":"max-video-preview:-1"},"canonical":"https:\/\/riafresh.com\/es\/produto\/rossio\/","og_locale":"es_ES","og_type":"article","og_title":"Rossio - Riafresh","og_description":"Mesembryanthemum nodiflorum  El rossio recibe este nombre debido a las ves\u00edculas en forma de peque\u00f1as burbujas brillantes que lo cubren. Las hojas son peque\u00f1as y carnosas, y encapsulan una delicada flor amarilla con p\u00e9talos blancos. El color de sus tejidos var\u00eda del verde al amarillento, anaranjado y hasta el p\u00farpura.  El Rossio RiaFresh\u00ae es un vegetal muy decorativo, con un sabor ligeramente salado y un toque c\u00edtrico y \u00e1cido.  Propiedades  El Rossio RiaFresh\u00ae es rico en vitamina B6 y es fuente de vitamina C, prote\u00ednas, fibra, hierro y manganeso.  Comercializaci\u00f3n  Disponible en las siguientes unidades de venta: 30 g (para otras unidades, consultar).  Disponibilidad y conservaci\u00f3n  El Rossio RiaFresh\u00ae est\u00e1 disponible todo el a\u00f1o, cortado y fresco. Puede conservarse entre 3 y 7 \u00b0C, hasta 15 d\u00edas.  Certificaci\u00f3n  La Lechuga Glacial RiaFresh\u00ae tiene certificado.","og_url":"https:\/\/riafresh.com\/es\/produto\/rossio\/","og_site_name":"Riafresh","article_modified_time":"2024-06-04T18:04:40+00:00","og_image":[{"width":600,"height":600,"url":"https:\/\/riafresh.com\/wp-content\/uploads\/2017\/06\/rossio.jpg","type":"image\/jpeg"}],"twitter_card":"summary_large_image","schema":{"@context":"https:\/\/schema.org","@graph":[{"@type":"WebPage","@id":"https:\/\/riafresh.com\/es\/produto\/rossio\/","url":"https:\/\/riafresh.com\/es\/produto\/rossio\/","name":"Rossio - Riafresh","isPartOf":{"@id":"https:\/\/riafresh.com\/#website"},"primaryImageOfPage":{"@id":"https:\/\/riafresh.com\/es\/produto\/rossio\/#primaryimage"},"image":{"@id":"https:\/\/riafresh.com\/es\/produto\/rossio\/#primaryimage"},"thumbnailUrl":"https:\/\/riafresh.com\/wp-content\/uploads\/2017\/06\/rossio.jpg","datePublished":"2022-10-21T17:24:14+00:00","dateModified":"2024-06-04T18:04:40+00:00","breadcrumb":{"@id":"https:\/\/riafresh.com\/es\/produto\/rossio\/#breadcrumb"},"inLanguage":"es","potentialAction":[{"@type":"ReadAction","target":["https:\/\/riafresh.com\/es\/produto\/rossio\/"]}]},{"@type":"ImageObject","inLanguage":"es","@id":"https:\/\/riafresh.com\/es\/produto\/rossio\/#primaryimage","url":"https:\/\/riafresh.com\/wp-content\/uploads\/2017\/06\/rossio.jpg","contentUrl":"https:\/\/riafresh.com\/wp-content\/uploads\/2017\/06\/rossio.jpg","width":600,"height":600},{"@type":"BreadcrumbList","@id":"https:\/\/riafresh.com\/es\/produto\/rossio\/#breadcrumb","itemListElement":[{"@type":"ListItem","position":1,"name":"In\u00edcio","item":"https:\/\/riafresh.com\/es\/"},{"@type":"ListItem","position":2,"name":"Productos","item":"https:\/\/riafresh.com\/es\/tienda\/"},{"@type":"ListItem","position":3,"name":"Rossio"}]},{"@type":"WebSite","@id":"https:\/\/riafresh.com\/#website","url":"https:\/\/riafresh.com\/","name":"Riafresh","description":"Verduras da Ria Formosa","potentialAction":[{"@type":"SearchAction","target":{"@type":"EntryPoint","urlTemplate":"https:\/\/riafresh.com\/?s={search_term_string}"},"query-input":{"@type":"PropertyValueSpecification","valueRequired":true,"valueName":"search_term_string"}}],"inLanguage":"es"}]}},"_links":{"self":[{"href":"https:\/\/riafresh.com\/es\/wp-json\/wp\/v2\/product\/8211","targetHints":{"allow":["GET"]}}],"collection":[{"href":"https:\/\/riafresh.com\/es\/wp-json\/wp\/v2\/product"}],"about":[{"href":"https:\/\/riafresh.com\/es\/wp-json\/wp\/v2\/types\/product"}],"wp:featuredmedia":[{"embeddable":true,"href":"https:\/\/riafresh.com\/es\/wp-json\/wp\/v2\/media\/7944"}],"wp:attachment":[{"href":"https:\/\/riafresh.com\/es\/wp-json\/wp\/v2\/media?parent=8211"}],"wp:term":[{"taxonomy":"product_brand","embeddable":true,"href":"https:\/\/riafresh.com\/es\/wp-json\/wp\/v2\/product_brand?post=8211"},{"taxonomy":"product_cat","embeddable":true,"href":"https:\/\/riafresh.com\/es\/wp-json\/wp\/v2\/product_cat?post=8211"},{"taxonomy":"product_tag","embeddable":true,"href":"https:\/\/riafresh.com\/es\/wp-json\/wp\/v2\/product_tag?post=8211"}],"curies":[{"name":"wp","href":"https:\/\/api.w.org\/{rel}","templated":true}]}}