{"id":8174,"date":"2023-06-20T16:12:32","date_gmt":"2023-06-20T16:12:32","guid":{"rendered":"https:\/\/riafresh.com\/?post_type=product&#038;p=8174"},"modified":"2024-06-04T18:01:30","modified_gmt":"2024-06-04T18:01:30","slug":"sea-fingers","status":"publish","type":"product","link":"https:\/\/riafresh.com\/es\/produto\/sea-fingers\/","title":{"rendered":"Sea Fingers"},"content":{"rendered":"","protected":false},"excerpt":{"rendered":"<p><em><strong>Disphyma crassifolium<\/strong><\/em><\/p>\n<p>Los Sea Fingers tienen forma postrada, con hojas ubicadas en el tallo en disposici\u00f3n opuesta o en grupos de dos o tres, caracter\u00edsticamente en forma de pir\u00e1mides triangulares ligeramente redondeadas. Las flores son moradas o rosadas.<\/p>\n<p>Los Sea Fingers presentan una textura crujiente, seguida de una explosi\u00f3n<br \/>\nacuosa, ligeramente amarga en la boca y con cierta astringencia residual.<\/p>\n<p><strong>Propiedades<\/strong><\/p>\n<p>RiaFresh\u00ae Sea Fingers son ricos en prote\u00edna, fibra, vitamina B6 y<br \/>\ncromo. Contiene \u00df-caroteno y lute\u00edna.<\/p>\n<p><strong>Comercializaci\u00f3n<\/strong><\/p>\n<p>Disponibilidad en las siguientes unidades de venta: 30g (para otras unidades consultar).<\/p>\n<p><strong>Disponibilidad y conservaci\u00f3n<\/strong><\/p>\n<p>Debe consumirse fresco y siempre fr\u00edo, para disfrutar de todas sus<br \/>\ncaracter\u00edsticas gustativas.<\/p>\n<p><strong>Certificaci\u00f3n<\/strong><\/p>\n<p>La Salic\u00f3rnia RiaFresh\u00ae est\u00e1 certificada en GLOBALG.A.P<\/p>\n","protected":false},"featured_media":8231,"template":"","meta":[],"product_brand":[],"product_cat":[69],"product_tag":[],"class_list":{"0":"post-8174","1":"product","2":"type-product","3":"status-publish","4":"has-post-thumbnail","6":"product_cat-vegetales-marinos","8":"first","9":"instock","10":"shipping-taxable","11":"product-type-simple"},"yoast_head":"<!-- This site is optimized with the Yoast SEO plugin v25.9 - https:\/\/yoast.com\/wordpress\/plugins\/seo\/ -->\n<title>Sea Fingers - Riafresh<\/title>\n<meta name=\"robots\" content=\"index, follow, max-snippet:-1, max-image-preview:large, max-video-preview:-1\" \/>\n<link rel=\"canonical\" href=\"https:\/\/riafresh.com\/es\/produto\/sea-fingers\/\" \/>\n<meta property=\"og:locale\" content=\"es_ES\" \/>\n<meta property=\"og:type\" content=\"article\" \/>\n<meta property=\"og:title\" content=\"Sea Fingers - Riafresh\" \/>\n<meta property=\"og:description\" content=\"Disphyma crassifolium  Los Sea Fingers tienen forma postrada, con hojas ubicadas en el tallo en disposici\u00f3n opuesta o en grupos de dos o tres, caracter\u00edsticamente en forma de pir\u00e1mides triangulares ligeramente redondeadas. Las flores son moradas o rosadas.  Los Sea Fingers presentan una textura crujiente, seguida de una explosi\u00f3n acuosa, ligeramente amarga en la boca y con cierta astringencia residual.  Propiedades  RiaFresh\u00ae Sea Fingers son ricos en prote\u00edna, fibra, vitamina B6 y cromo. Contiene \u00df-caroteno y lute\u00edna.  Comercializaci\u00f3n  Disponibilidad en las siguientes unidades de venta: 30g (para otras unidades consultar).  Disponibilidad y conservaci\u00f3n  Debe consumirse fresco y siempre fr\u00edo, para disfrutar de todas sus caracter\u00edsticas gustativas.  Certificaci\u00f3n  La Salic\u00f3rnia RiaFresh\u00ae est\u00e1 certificada en GLOBALG.A.P\" \/>\n<meta property=\"og:url\" content=\"https:\/\/riafresh.com\/es\/produto\/sea-fingers\/\" \/>\n<meta property=\"og:site_name\" content=\"Riafresh\" \/>\n<meta property=\"article:modified_time\" content=\"2024-06-04T18:01:30+00:00\" \/>\n<meta property=\"og:image\" content=\"https:\/\/riafresh.com\/wp-content\/uploads\/2023\/06\/S6B5417-Edit-1008x1024.png\" \/>\n\t<meta property=\"og:image:width\" content=\"1008\" \/>\n\t<meta property=\"og:image:height\" content=\"1024\" \/>\n\t<meta property=\"og:image:type\" content=\"image\/png\" \/>\n<meta name=\"twitter:card\" content=\"summary_large_image\" \/>\n<script type=\"application\/ld+json\" class=\"yoast-schema-graph\">{\"@context\":\"https:\/\/schema.org\",\"@graph\":[{\"@type\":\"WebPage\",\"@id\":\"https:\/\/riafresh.com\/es\/produto\/sea-fingers\/\",\"url\":\"https:\/\/riafresh.com\/es\/produto\/sea-fingers\/\",\"name\":\"Sea Fingers - Riafresh\",\"isPartOf\":{\"@id\":\"https:\/\/riafresh.com\/#website\"},\"primaryImageOfPage\":{\"@id\":\"https:\/\/riafresh.com\/es\/produto\/sea-fingers\/#primaryimage\"},\"image\":{\"@id\":\"https:\/\/riafresh.com\/es\/produto\/sea-fingers\/#primaryimage\"},\"thumbnailUrl\":\"https:\/\/riafresh.com\/wp-content\/uploads\/2023\/06\/S6B5417-Edit.png\",\"datePublished\":\"2023-06-20T16:12:32+00:00\",\"dateModified\":\"2024-06-04T18:01:30+00:00\",\"breadcrumb\":{\"@id\":\"https:\/\/riafresh.com\/es\/produto\/sea-fingers\/#breadcrumb\"},\"inLanguage\":\"es\",\"potentialAction\":[{\"@type\":\"ReadAction\",\"target\":[\"https:\/\/riafresh.com\/es\/produto\/sea-fingers\/\"]}]},{\"@type\":\"ImageObject\",\"inLanguage\":\"es\",\"@id\":\"https:\/\/riafresh.com\/es\/produto\/sea-fingers\/#primaryimage\",\"url\":\"https:\/\/riafresh.com\/wp-content\/uploads\/2023\/06\/S6B5417-Edit.png\",\"contentUrl\":\"https:\/\/riafresh.com\/wp-content\/uploads\/2023\/06\/S6B5417-Edit.png\",\"width\":3095,\"height\":3145},{\"@type\":\"BreadcrumbList\",\"@id\":\"https:\/\/riafresh.com\/es\/produto\/sea-fingers\/#breadcrumb\",\"itemListElement\":[{\"@type\":\"ListItem\",\"position\":1,\"name\":\"In\u00edcio\",\"item\":\"https:\/\/riafresh.com\/es\/\"},{\"@type\":\"ListItem\",\"position\":2,\"name\":\"Productos\",\"item\":\"https:\/\/riafresh.com\/es\/tienda\/\"},{\"@type\":\"ListItem\",\"position\":3,\"name\":\"Sea Fingers\"}]},{\"@type\":\"WebSite\",\"@id\":\"https:\/\/riafresh.com\/#website\",\"url\":\"https:\/\/riafresh.com\/\",\"name\":\"Riafresh\",\"description\":\"Verduras da Ria Formosa\",\"potentialAction\":[{\"@type\":\"SearchAction\",\"target\":{\"@type\":\"EntryPoint\",\"urlTemplate\":\"https:\/\/riafresh.com\/?s={search_term_string}\"},\"query-input\":{\"@type\":\"PropertyValueSpecification\",\"valueRequired\":true,\"valueName\":\"search_term_string\"}}],\"inLanguage\":\"es\"}]}<\/script>\n<!-- \/ Yoast SEO plugin. -->","yoast_head_json":{"title":"Sea Fingers - Riafresh","robots":{"index":"index","follow":"follow","max-snippet":"max-snippet:-1","max-image-preview":"max-image-preview:large","max-video-preview":"max-video-preview:-1"},"canonical":"https:\/\/riafresh.com\/es\/produto\/sea-fingers\/","og_locale":"es_ES","og_type":"article","og_title":"Sea Fingers - Riafresh","og_description":"Disphyma crassifolium  Los Sea Fingers tienen forma postrada, con hojas ubicadas en el tallo en disposici\u00f3n opuesta o en grupos de dos o tres, caracter\u00edsticamente en forma de pir\u00e1mides triangulares ligeramente redondeadas. Las flores son moradas o rosadas.  Los Sea Fingers presentan una textura crujiente, seguida de una explosi\u00f3n acuosa, ligeramente amarga en la boca y con cierta astringencia residual.  Propiedades  RiaFresh\u00ae Sea Fingers son ricos en prote\u00edna, fibra, vitamina B6 y cromo. Contiene \u00df-caroteno y lute\u00edna.  Comercializaci\u00f3n  Disponibilidad en las siguientes unidades de venta: 30g (para otras unidades consultar).  Disponibilidad y conservaci\u00f3n  Debe consumirse fresco y siempre fr\u00edo, para disfrutar de todas sus caracter\u00edsticas gustativas.  Certificaci\u00f3n  La Salic\u00f3rnia RiaFresh\u00ae est\u00e1 certificada en GLOBALG.A.P","og_url":"https:\/\/riafresh.com\/es\/produto\/sea-fingers\/","og_site_name":"Riafresh","article_modified_time":"2024-06-04T18:01:30+00:00","og_image":[{"width":1008,"height":1024,"url":"https:\/\/riafresh.com\/wp-content\/uploads\/2023\/06\/S6B5417-Edit-1008x1024.png","type":"image\/png"}],"twitter_card":"summary_large_image","schema":{"@context":"https:\/\/schema.org","@graph":[{"@type":"WebPage","@id":"https:\/\/riafresh.com\/es\/produto\/sea-fingers\/","url":"https:\/\/riafresh.com\/es\/produto\/sea-fingers\/","name":"Sea Fingers - Riafresh","isPartOf":{"@id":"https:\/\/riafresh.com\/#website"},"primaryImageOfPage":{"@id":"https:\/\/riafresh.com\/es\/produto\/sea-fingers\/#primaryimage"},"image":{"@id":"https:\/\/riafresh.com\/es\/produto\/sea-fingers\/#primaryimage"},"thumbnailUrl":"https:\/\/riafresh.com\/wp-content\/uploads\/2023\/06\/S6B5417-Edit.png","datePublished":"2023-06-20T16:12:32+00:00","dateModified":"2024-06-04T18:01:30+00:00","breadcrumb":{"@id":"https:\/\/riafresh.com\/es\/produto\/sea-fingers\/#breadcrumb"},"inLanguage":"es","potentialAction":[{"@type":"ReadAction","target":["https:\/\/riafresh.com\/es\/produto\/sea-fingers\/"]}]},{"@type":"ImageObject","inLanguage":"es","@id":"https:\/\/riafresh.com\/es\/produto\/sea-fingers\/#primaryimage","url":"https:\/\/riafresh.com\/wp-content\/uploads\/2023\/06\/S6B5417-Edit.png","contentUrl":"https:\/\/riafresh.com\/wp-content\/uploads\/2023\/06\/S6B5417-Edit.png","width":3095,"height":3145},{"@type":"BreadcrumbList","@id":"https:\/\/riafresh.com\/es\/produto\/sea-fingers\/#breadcrumb","itemListElement":[{"@type":"ListItem","position":1,"name":"In\u00edcio","item":"https:\/\/riafresh.com\/es\/"},{"@type":"ListItem","position":2,"name":"Productos","item":"https:\/\/riafresh.com\/es\/tienda\/"},{"@type":"ListItem","position":3,"name":"Sea Fingers"}]},{"@type":"WebSite","@id":"https:\/\/riafresh.com\/#website","url":"https:\/\/riafresh.com\/","name":"Riafresh","description":"Verduras da Ria Formosa","potentialAction":[{"@type":"SearchAction","target":{"@type":"EntryPoint","urlTemplate":"https:\/\/riafresh.com\/?s={search_term_string}"},"query-input":{"@type":"PropertyValueSpecification","valueRequired":true,"valueName":"search_term_string"}}],"inLanguage":"es"}]}},"_links":{"self":[{"href":"https:\/\/riafresh.com\/es\/wp-json\/wp\/v2\/product\/8174","targetHints":{"allow":["GET"]}}],"collection":[{"href":"https:\/\/riafresh.com\/es\/wp-json\/wp\/v2\/product"}],"about":[{"href":"https:\/\/riafresh.com\/es\/wp-json\/wp\/v2\/types\/product"}],"wp:featuredmedia":[{"embeddable":true,"href":"https:\/\/riafresh.com\/es\/wp-json\/wp\/v2\/media\/8231"}],"wp:attachment":[{"href":"https:\/\/riafresh.com\/es\/wp-json\/wp\/v2\/media?parent=8174"}],"wp:term":[{"taxonomy":"product_brand","embeddable":true,"href":"https:\/\/riafresh.com\/es\/wp-json\/wp\/v2\/product_brand?post=8174"},{"taxonomy":"product_cat","embeddable":true,"href":"https:\/\/riafresh.com\/es\/wp-json\/wp\/v2\/product_cat?post=8174"},{"taxonomy":"product_tag","embeddable":true,"href":"https:\/\/riafresh.com\/es\/wp-json\/wp\/v2\/product_tag?post=8174"}],"curies":[{"name":"wp","href":"https:\/\/api.w.org\/{rel}","templated":true}]}}