{"id":8378,"date":"2021-03-30T11:56:02","date_gmt":"2021-03-30T11:56:02","guid":{"rendered":"https:\/\/riafresh.com\/riaseeds\/"},"modified":"2025-09-25T15:51:10","modified_gmt":"2025-09-25T15:51:10","slug":"riaseeds","status":"publish","type":"page","link":"https:\/\/riafresh.com\/es\/riaseeds\/","title":{"rendered":"RiaSeeds"},"content":{"rendered":"<div class=\"wpb-content-wrapper\"><p>[vc_row css=\u00bb.vc_custom_1647863117282{padding-bottom: 45px !important;}\u00bb mobile_bg_img_hidden=\u00bbno\u00bb tablet_bg_img_hidden=\u00bbno\u00bb woodmart_parallax=\u00bb0&#8243; woodmart_gradient_switch=\u00bbno\u00bb row_reverse_mobile=\u00bb0&#8243; row_reverse_tablet=\u00bb0&#8243; woodmart_disable_overflow=\u00bb0&#8243;][vc_column width=\u00bb2\/5&#8243;]\t\t\t<div class=\"info-box-wrapper\">\n\t\t\t\t<div id=\"wd-64a447e5e864c\" class=\" wd-rs-64a447e5e864c cursor-pointer wd-info-box wd-wpb text-left box-icon-align-left box-style- color-scheme- wd-bg-none vc_custom_1688487938375\"  onclick=\"window.location.href=&quot;#&quot;\"  >\n\t\t\t\t\t\t\t\t\t\t<div class=\"info-box-content\">\n\t\t\t\t\t\t<h4 class=\"info-box-title title wd-font-weight- box-title-style-default wd-fontsize-m\">Semillas de las plantas marinas originarias del Parque Natural de la R\u00eda Formosa y la Costa del Algarve.<\/h4>\t\t\t\t\t\t<div class=\"info-box-inner set-cont-mb-s reset-last-child\">\n\t\t\t\t\t\t\t\t\t\t\t\t\t<\/div>\n\n\t\t\t\t\t\t\t\t\t\t\t<\/div>\n\n\t\t\t\t\t\t\t\t\t<\/div>\n\t\t\t<\/div>\n\t\t[\/vc_column][vc_column width=\u00bb3\/5&#8243;][vc_column_text woodmart_inline=\u00bbno\u00bb text_larger=\u00bbno\u00bb]Las semillas RiaSeeds se obtienen a partir de plantas madre seleccionadas y exclusivamente dedicadas a la producci\u00f3n de semillas, cultivadas en \u00e1reas apropiadas de la Ria Formosa y en las infraestructuras de producci\u00f3n de RiaFresh\u00ae.<\/p>\n<p>La actividad de producci\u00f3n y venta de las semillas RiaSeeds est\u00e1 licenciada con el n\u00famero de registro PT 05-12218.[\/vc_column_text][\/vc_column][\/vc_row][vc_row css=\u00bb.vc_custom_1647863133284{margin-bottom: 4vh !important;padding-bottom: 45px !important;}\u00bb mobile_bg_img_hidden=\u00bbno\u00bb tablet_bg_img_hidden=\u00bbno\u00bb woodmart_parallax=\u00bb0&#8243; woodmart_gradient_switch=\u00bbno\u00bb row_reverse_mobile=\u00bb1&#8243; row_reverse_tablet=\u00bb1&#8243; woodmart_disable_overflow=\u00bb0&#8243;][vc_column css=\u00bb.vc_custom_1615814786972{margin-bottom: 4vh !important;padding-top: 0px !important;}\u00bb mobile_bg_img_hidden=\u00bbno\u00bb tablet_bg_img_hidden=\u00bbno\u00bb woodmart_parallax=\u00bb0&#8243; woodmart_sticky_column=\u00bbfalse\u00bb parallax_scroll=\u00bbno\u00bb mobile_reset_margin=\u00bbno\u00bb tablet_reset_margin=\u00bbno\u00bb offset=\u00bbvc_col-lg-6 vc_col-md-6&#8243;][vc_single_image image=\u00bb8074&#8243; img_size=\u00bblarge\u00bb woodmart_inline=\u00bbno\u00bb parallax_scroll=\u00bbno\u00bb][\/vc_column][vc_column css=\u00bb.vc_custom_1615814851816{margin-bottom: 4vh !important;padding-top: 0px !important;}\u00bb mobile_bg_img_hidden=\u00bbno\u00bb tablet_bg_img_hidden=\u00bbno\u00bb woodmart_parallax=\u00bb0&#8243; woodmart_sticky_column=\u00bbfalse\u00bb parallax_scroll=\u00bbno\u00bb mobile_reset_margin=\u00bbno\u00bb tablet_reset_margin=\u00bbno\u00bb offset=\u00bbvc_col-lg-offset-1 vc_col-lg-5 vc_col-md-6 vc_col-xs-12&#8243;][vc_empty_space height=\u00bb4vh\u00bb woodmart_hide_large=\u00bb0&#8243; woodmart_hide_medium=\u00bb0&#8243; woodmart_hide_small=\u00bb1&#8243; woodmart_hide_extra_small=\u00bb1&#8243;]\n\t\t<div id=\"wd-64a4483134613\" class=\"title-wrapper wd-wpb set-mb-s reset-last-child  wd-rs-64a4483134613 wd-title-color-primary wd-title-style-default text-left vc_custom_1688488007739 wd-underline-colored\">\n\t\t\t\n\t\t\t<div class=\"liner-continer\">\n\t\t\t\t<h4 class=\"woodmart-title-container title  wd-font-weight- wd-fontsize-xxl\" >Semillas Disponibles<br \/>\n<\/h4>\n\t\t\t\t\t\t\t<\/div>\n\t\t\t\n\t\t\t\n\t\t\t\n\t\t<\/div>\n\t\t\n\t\t[vc_separator color=\u00bbcustom\u00bb accent_color=\u00bbrgba(10,10,10,0.12)\u00bb css=\u00bb.vc_custom_1615616514122{margin-bottom: 20px !important;padding-top: 10px !important;}\u00bb][vc_column_text text_larger=\u00bbno\u00bb el_class=\u00bbtext-larger\u00bb css=\u00bb.vc_custom_1688488043572{margin-bottom: 20px !important;}\u00bb woodmart_inline=\u00bbno\u00bb]Salicornia (Salicornia ramosissima)<\/p>\n<p>Planta del hielo \/ Planta de hielo (Mesembryanhtemum crystallinum)<\/p>\n<p>Ruscus (Mesembryanthemum nodiflorum)<\/p>\n<p>Est\u00e1ndar de calidad regular:<\/p>\n<p>Pureza 87-90% Tasa de germinaci\u00f3n &gt;92%<\/p>\n<p>[\/vc_column_text][\/vc_column][\/vc_row][vc_row css=\u00bb.vc_custom_1652180932863{padding-top: 45px !important;padding-bottom: 45px !important;}\u00bb mobile_bg_img_hidden=\u00bbno\u00bb tablet_bg_img_hidden=\u00bbno\u00bb woodmart_parallax=\u00bb0&#8243; woodmart_gradient_switch=\u00bbno\u00bb row_reverse_mobile=\u00bb0&#8243; row_reverse_tablet=\u00bb0&#8243; woodmart_disable_overflow=\u00bb0&#8243;][vc_column width=\u00bb1\/2&#8243;]\n\t\t<div id=\"wd-627a46e7d3ba5\" class=\"title-wrapper wd-wpb set-mb-s reset-last-child  wd-rs-627a46e7d3ba5 wd-title-color-black wd-title-style-default text-left vc_custom_1652180725979 wd-width-enabled wd-underline-colored\" style=\"--wd-max-width: 90%;\">\n\t\t\t\n\t\t\t<div class=\"liner-continer\">\n\t\t\t\t<h4 class=\"woodmart-title-container title  wd-font-weight- wd-fontsize-xxl\" >Outras sementes sob consulta<\/h4>\n\t\t\t\t\t\t\t<\/div>\n\t\t\t\n\t\t\t\n\t\t\t\n\t\t<\/div>\n\t\t\n\t\t<div id=\"wd-627a49454c656\" class=\" wd-rs-627a49454c656  wd-button-wrapper text-center inline-element\"><a href=\"https:\/\/riafresh.com\/contactos\/\" title=\"Consulte mais informa\u00e7\u00e3o aqui\" class=\"btn btn-color-black btn-style-link btn-style-rectangle btn-size-default\">Consulte mais informa\u00e7\u00e3o aqui<\/a><\/div>[\/vc_column][vc_column width=\u00bb1\/2&#8243;][vc_column_text text_larger=\u00bbno\u00bb el_class=\u00bbtext-larger\u00bb css=\u00bb.vc_custom_1688488088163{margin-bottom: 20px !important;}\u00bb woodmart_inline=\u00bbno\u00bb]<\/p>\n<div class=\"vc_row wpb_row vc_inner vc_row-fluid vc_custom_1615814565315 vc_row-has-fill vc_row-o-equal-height vc_row-flex\">\n<div class=\"wpb_column vc_column_container vc_col-sm-6 vc_col-xs-6 vc_col-has-fill\">\n<div class=\"vc_column-inner vc_custom_1499604113587\">\n<div class=\"wpb_wrapper\">Sarcoc\u00f3rnia (<em>Sarcocornia fruticosa)<\/em><br \/>\nSalic\u00f3rnia glauca (<em>Arthrocnemum macrostachyum<\/em>)<br \/>\nInula (<em>Inula chritmoides<\/em>)<br \/>\nValverde (<em>Suaeda maritima<\/em>)<br \/>\nHinjo marino (<em>Crithmum maritimo<\/em>)<br \/>\nR\u00facula marina (<em>Cakile maritima<\/em>)<\/div>\n<\/div>\n<\/div>\n<\/div>\n<div class=\"vc_row wpb_row vc_inner vc_row-fluid vc_custom_1499603310379\">\n<div class=\"wpb_column vc_column_container vc_col-sm-6 vc_col-xs-6\">\n<div class=\"vc_column-inner vc_custom_1499604548790\">\n<div class=\"wpb_wrapper\">\n<div id=\"wd-627a46c562466\" class=\"woodmart-counter wd-wpb counter-default text-center color-scheme-dark \"><\/div>\n<\/div>\n<\/div>\n<\/div>\n<\/div>\n<p>[\/vc_column_text][\/vc_column][\/vc_row]<\/p>\n<\/div>","protected":false},"excerpt":{"rendered":"<p>[vc_row css=\u00bb.vc_custom_1647863117282{padding-bottom: 45px !important;}\u00bb mobile_bg_img_hidden=\u00bbno\u00bb tablet_bg_img_hidden=\u00bbno\u00bb woodmart_parallax=\u00bb0&#8243; woodmart_gradient_switch=\u00bbno\u00bb row_reverse_mobile=\u00bb0&#8243; row_reverse_tablet=\u00bb0&#8243; woodmart_disable_overflow=\u00bb0&#8243;][vc_column width=\u00bb2\/5&#8243;][\/vc_column][vc_column width=\u00bb3\/5&#8243;][vc_column_text woodmart_inline=\u00bbno\u00bb text_larger=\u00bbno\u00bb]Las semillas RiaSeeds se obtienen a<\/p>\n","protected":false},"author":1,"featured_media":0,"parent":0,"menu_order":0,"comment_status":"closed","ping_status":"closed","template":"","meta":{"footnotes":""},"class_list":["post-8378","page","type-page","status-publish","hentry"],"yoast_head":"<!-- This site is optimized with the Yoast SEO plugin v25.9 - https:\/\/yoast.com\/wordpress\/plugins\/seo\/ -->\n<title>RiaSeeds - Riafresh<\/title>\n<meta name=\"robots\" content=\"index, follow, max-snippet:-1, max-image-preview:large, max-video-preview:-1\" \/>\n<link rel=\"canonical\" href=\"https:\/\/riafresh.com\/es\/riaseeds\/\" \/>\n<meta property=\"og:locale\" content=\"es_ES\" \/>\n<meta property=\"og:type\" content=\"article\" \/>\n<meta property=\"og:title\" content=\"RiaSeeds - Riafresh\" \/>\n<meta property=\"og:description\" content=\"[vc_row css=\u00bb.vc_custom_1647863117282{padding-bottom: 45px !important;}\u00bb mobile_bg_img_hidden=\u00bbno\u00bb tablet_bg_img_hidden=\u00bbno\u00bb woodmart_parallax=\u00bb0&#8243; woodmart_gradient_switch=\u00bbno\u00bb row_reverse_mobile=\u00bb0&#8243; row_reverse_tablet=\u00bb0&#8243; woodmart_disable_overflow=\u00bb0&#8243;][vc_column width=\u00bb2\/5&#8243;][\/vc_column][vc_column width=\u00bb3\/5&#8243;][vc_column_text woodmart_inline=\u00bbno\u00bb text_larger=\u00bbno\u00bb]Las semillas RiaSeeds se obtienen a\" \/>\n<meta property=\"og:url\" content=\"https:\/\/riafresh.com\/es\/riaseeds\/\" \/>\n<meta property=\"og:site_name\" content=\"Riafresh\" \/>\n<meta property=\"article:modified_time\" content=\"2025-09-25T15:51:10+00:00\" \/>\n<meta name=\"twitter:card\" content=\"summary_large_image\" \/>\n<meta name=\"twitter:label1\" content=\"Tiempo de lectura\" \/>\n\t<meta name=\"twitter:data1\" content=\"2 minutos\" \/>\n<script type=\"application\/ld+json\" class=\"yoast-schema-graph\">{\"@context\":\"https:\/\/schema.org\",\"@graph\":[{\"@type\":\"WebPage\",\"@id\":\"https:\/\/riafresh.com\/es\/riaseeds\/\",\"url\":\"https:\/\/riafresh.com\/es\/riaseeds\/\",\"name\":\"RiaSeeds - Riafresh\",\"isPartOf\":{\"@id\":\"https:\/\/riafresh.com\/#website\"},\"datePublished\":\"2021-03-30T11:56:02+00:00\",\"dateModified\":\"2025-09-25T15:51:10+00:00\",\"breadcrumb\":{\"@id\":\"https:\/\/riafresh.com\/es\/riaseeds\/#breadcrumb\"},\"inLanguage\":\"es\",\"potentialAction\":[{\"@type\":\"ReadAction\",\"target\":[\"https:\/\/riafresh.com\/es\/riaseeds\/\"]}]},{\"@type\":\"BreadcrumbList\",\"@id\":\"https:\/\/riafresh.com\/es\/riaseeds\/#breadcrumb\",\"itemListElement\":[{\"@type\":\"ListItem\",\"position\":1,\"name\":\"In\u00edcio\",\"item\":\"https:\/\/riafresh.com\/es\/\"},{\"@type\":\"ListItem\",\"position\":2,\"name\":\"RiaSeeds\"}]},{\"@type\":\"WebSite\",\"@id\":\"https:\/\/riafresh.com\/#website\",\"url\":\"https:\/\/riafresh.com\/\",\"name\":\"Riafresh\",\"description\":\"Verduras da Ria Formosa\",\"potentialAction\":[{\"@type\":\"SearchAction\",\"target\":{\"@type\":\"EntryPoint\",\"urlTemplate\":\"https:\/\/riafresh.com\/?s={search_term_string}\"},\"query-input\":{\"@type\":\"PropertyValueSpecification\",\"valueRequired\":true,\"valueName\":\"search_term_string\"}}],\"inLanguage\":\"es\"}]}<\/script>\n<!-- \/ Yoast SEO plugin. -->","yoast_head_json":{"title":"RiaSeeds - Riafresh","robots":{"index":"index","follow":"follow","max-snippet":"max-snippet:-1","max-image-preview":"max-image-preview:large","max-video-preview":"max-video-preview:-1"},"canonical":"https:\/\/riafresh.com\/es\/riaseeds\/","og_locale":"es_ES","og_type":"article","og_title":"RiaSeeds - Riafresh","og_description":"[vc_row css=\u00bb.vc_custom_1647863117282{padding-bottom: 45px !important;}\u00bb mobile_bg_img_hidden=\u00bbno\u00bb tablet_bg_img_hidden=\u00bbno\u00bb woodmart_parallax=\u00bb0&#8243; woodmart_gradient_switch=\u00bbno\u00bb row_reverse_mobile=\u00bb0&#8243; row_reverse_tablet=\u00bb0&#8243; woodmart_disable_overflow=\u00bb0&#8243;][vc_column width=\u00bb2\/5&#8243;][\/vc_column][vc_column width=\u00bb3\/5&#8243;][vc_column_text woodmart_inline=\u00bbno\u00bb text_larger=\u00bbno\u00bb]Las semillas RiaSeeds se obtienen a","og_url":"https:\/\/riafresh.com\/es\/riaseeds\/","og_site_name":"Riafresh","article_modified_time":"2025-09-25T15:51:10+00:00","twitter_card":"summary_large_image","twitter_misc":{"Tiempo de lectura":"2 minutos"},"schema":{"@context":"https:\/\/schema.org","@graph":[{"@type":"WebPage","@id":"https:\/\/riafresh.com\/es\/riaseeds\/","url":"https:\/\/riafresh.com\/es\/riaseeds\/","name":"RiaSeeds - Riafresh","isPartOf":{"@id":"https:\/\/riafresh.com\/#website"},"datePublished":"2021-03-30T11:56:02+00:00","dateModified":"2025-09-25T15:51:10+00:00","breadcrumb":{"@id":"https:\/\/riafresh.com\/es\/riaseeds\/#breadcrumb"},"inLanguage":"es","potentialAction":[{"@type":"ReadAction","target":["https:\/\/riafresh.com\/es\/riaseeds\/"]}]},{"@type":"BreadcrumbList","@id":"https:\/\/riafresh.com\/es\/riaseeds\/#breadcrumb","itemListElement":[{"@type":"ListItem","position":1,"name":"In\u00edcio","item":"https:\/\/riafresh.com\/es\/"},{"@type":"ListItem","position":2,"name":"RiaSeeds"}]},{"@type":"WebSite","@id":"https:\/\/riafresh.com\/#website","url":"https:\/\/riafresh.com\/","name":"Riafresh","description":"Verduras da Ria Formosa","potentialAction":[{"@type":"SearchAction","target":{"@type":"EntryPoint","urlTemplate":"https:\/\/riafresh.com\/?s={search_term_string}"},"query-input":{"@type":"PropertyValueSpecification","valueRequired":true,"valueName":"search_term_string"}}],"inLanguage":"es"}]}},"_links":{"self":[{"href":"https:\/\/riafresh.com\/es\/wp-json\/wp\/v2\/pages\/8378","targetHints":{"allow":["GET"]}}],"collection":[{"href":"https:\/\/riafresh.com\/es\/wp-json\/wp\/v2\/pages"}],"about":[{"href":"https:\/\/riafresh.com\/es\/wp-json\/wp\/v2\/types\/page"}],"author":[{"embeddable":true,"href":"https:\/\/riafresh.com\/es\/wp-json\/wp\/v2\/users\/1"}],"replies":[{"embeddable":true,"href":"https:\/\/riafresh.com\/es\/wp-json\/wp\/v2\/comments?post=8378"}],"version-history":[{"count":3,"href":"https:\/\/riafresh.com\/es\/wp-json\/wp\/v2\/pages\/8378\/revisions"}],"predecessor-version":[{"id":8522,"href":"https:\/\/riafresh.com\/es\/wp-json\/wp\/v2\/pages\/8378\/revisions\/8522"}],"wp:attachment":[{"href":"https:\/\/riafresh.com\/es\/wp-json\/wp\/v2\/media?parent=8378"}],"curies":[{"name":"wp","href":"https:\/\/api.w.org\/{rel}","templated":true}]}}