{"id":8374,"date":"2022-03-14T02:15:13","date_gmt":"2022-03-14T02:15:13","guid":{"rendered":"https:\/\/riafresh.com\/projetos\/"},"modified":"2025-10-29T16:47:18","modified_gmt":"2025-10-29T16:47:18","slug":"projetos","status":"publish","type":"page","link":"https:\/\/riafresh.com\/es\/projetos\/","title":{"rendered":"Proyectos"},"content":{"rendered":"<div class=\"wpb-content-wrapper\"><p>[vc_row css=\u00bb.vc_custom_1652281400483{padding-top: 25px !important;padding-bottom: 25px !important;}\u00bb mobile_bg_img_hidden=\u00bbno\u00bb tablet_bg_img_hidden=\u00bbno\u00bb woodmart_parallax=\u00bb0&#8243; woodmart_gradient_switch=\u00bbno\u00bb row_reverse_mobile=\u00bb0&#8243; row_reverse_tablet=\u00bb0&#8243; woodmart_disable_overflow=\u00bb0&#8243;][vc_column]\n\t\t<div id=\"wd-627a3c3d1e470\" class=\"title-wrapper wd-wpb set-mb-s reset-last-child  wd-rs-627a3c3d1e470 wd-title-color-default wd-title-style-bordered text-left vc_custom_1652177993573 wd-underline-colored\">\n\t\t\t\n\t\t\t<div class=\"liner-continer\">\n\t\t\t\t<h4 class=\"woodmart-title-container title  wd-font-weight- wd-fontsize-l\" >Livro ``Uso Gastron\u00f3mico de Plantas Hal\u00f3fitas``<\/h4>\n\t\t\t\t\t\t\t<\/div>\n\t\t\t\n\t\t\t\n\t\t\t\n\t\t<\/div>\n\t\t\n\t\t[\/vc_column][vc_column width=\u00bb1\/3&#8243;][vc_single_image image=\u00bb8077&#8243; img_size=\u00bbmedium\u00bb woodmart_inline=\u00bbno\u00bb parallax_scroll=\u00bbno\u00bb][\/vc_column][vc_column width=\u00bb2\/3&#8243;][vc_column_text css=\u00bb\u00bb woodmart_inline=\u00bbno\u00bb text_larger=\u00bbno\u00bb]El libro <a href=\"https:\/\/www.yumpu.com\/pt\/document\/read\/65088190\/uso-gastronomico-de-plantas-halofitas\">\u00abUso Gastron\u00f3mico de Plantas Hal\u00f3fitas\u00bb<\/a> es el resultado del proyecto de investigaci\u00f3n XtremeGourmet, y tiene como prop\u00f3sito contribuir a la ampliaci\u00f3n cuidadosa del uso culinario de plantas hal\u00f3fitas, para que, adem\u00e1s de su aptitud como alternativa saludable al uso de sal, sean un elemento diferenciador en sus platos. El panel de colaboradores para determinar el uso gastron\u00f3mico de estas plantas marinas incluy\u00f3 a los chefs m\u00e1s prestigiosos de Portugal, con un denominador com\u00fan: la pasi\u00f3n por la cocina, y en particular, por el uso de productos relacionados con el mar.<\/p>\n<p>\u00a1\u00dasalo, pru\u00e9balo, disfruta de la experiencia y buen provecho!<\/p>\n<p><a href=\"https:\/\/riafresh.com\/wp-content\/uploads\/2022\/05\/Uso-Gastronomico-das-Plantas-Halofitas.pdf\">Uso Gastron\u00f3mico de Plantas Hal\u00f3fitas (descarga)<\/a>[\/vc_column_text][\/vc_column][\/vc_row][vc_row css=\u00bb.vc_custom_1652281429444{padding-top: 25px !important;padding-bottom: 25px !important;}\u00bb mobile_bg_img_hidden=\u00bbno\u00bb tablet_bg_img_hidden=\u00bbno\u00bb woodmart_parallax=\u00bb0&#8243; woodmart_gradient_switch=\u00bbno\u00bb row_reverse_mobile=\u00bb0&#8243; row_reverse_tablet=\u00bb0&#8243; woodmart_disable_overflow=\u00bb0&#8243;][vc_column]\n\t\t<div id=\"wd-68d4377b491f1\" class=\"title-wrapper wd-wpb set-mb-s reset-last-child  wd-rs-68d4377b491f1 wd-title-color-default wd-title-style-bordered text-left vc_custom_1758738314737 wd-underline-colored\">\n\t\t\t\n\t\t\t<div class=\"liner-continer\">\n\t\t\t\t<h4 class=\"woodmart-title-container title  wd-font-weight- wd-fontsize-l\" >XtremeGourmet 2.0<\/h4>\n\t\t\t\t\t\t\t<\/div>\n\t\t\t\n\t\t\t\n\t\t\t\n\t\t<\/div>\n\t\t\n\t\t[\/vc_column][vc_column width=\u00bb1\/3&#8243;][vc_single_image image=\u00bb8472&#8243; img_size=\u00bbfull\u00bb css=\u00bb\u00bb woodmart_inline=\u00bbno\u00bb parallax_scroll=\u00bbno\u00bb][\/vc_column][vc_column width=\u00bb2\/3&#8243;][vc_column_text css=\u00bb\u00bb woodmart_inline=\u00bbno\u00bb text_larger=\u00bbno\u00bb]<strong>Proyecto XtremeGourmet 2.0<\/strong><\/p>\n<p><strong>Plantas Extrem\u00f3filas en la Cocina Gourmet<\/strong><\/p>\n<p>La salicornia es una planta que crece en zonas de marismas y que recientemente ha sido incorporada en la cocina gourmet. Debido a que crecen en \u00e1reas con una fuerte influencia marina, estas plantas est\u00e1n naturalmente expuestas a presiones ambientales que las llevan a producir compuestos antioxidantes, como los polifenoles y las vitaminas A y E, altamente apreciados por su valor nutritivo y funcional, es decir, que pueden brindar un beneficio adicional a nuestra salud.[\/vc_column_text][\/vc_column][\/vc_row][vc_row css=\u00bb.vc_custom_1652281429444{padding-top: 25px !important;padding-bottom: 25px !important;}\u00bb mobile_bg_img_hidden=\u00bbno\u00bb tablet_bg_img_hidden=\u00bbno\u00bb woodmart_parallax=\u00bb0&#8243; woodmart_gradient_switch=\u00bbno\u00bb row_reverse_mobile=\u00bb0&#8243; row_reverse_tablet=\u00bb0&#8243; woodmart_disable_overflow=\u00bb0&#8243;][vc_column]\n\t\t<div id=\"wd-627a3cff4ffab\" class=\"title-wrapper wd-wpb set-mb-s reset-last-child  wd-rs-627a3cff4ffab wd-title-color-default wd-title-style-bordered text-left vc_custom_1652178178213 wd-underline-colored\">\n\t\t\t\n\t\t\t<div class=\"liner-continer\">\n\t\t\t\t<h4 class=\"woodmart-title-container title  wd-font-weight- wd-fontsize-l\" >XtremeGourmet<\/h4>\n\t\t\t\t\t\t\t<\/div>\n\t\t\t\n\t\t\t\n\t\t\t\n\t\t<\/div>\n\t\t\n\t\t[\/vc_column][vc_column width=\u00bb1\/3&#8243;][vc_single_image image=\u00bb8079&#8243; img_size=\u00bbmedium\u00bb woodmart_inline=\u00bbno\u00bb parallax_scroll=\u00bbno\u00bb][\/vc_column][vc_column width=\u00bb2\/3&#8243;][vc_column_text woodmart_inline=\u00bbno\u00bb text_larger=\u00bbno\u00bb]<strong>Proyecto XtremeGourmet <\/strong><\/p>\n<p><strong>Plantas Extrem\u00f3filas en la Cocina Gourmet<\/strong><\/p>\n<p>La salicornia es una planta que crece en zonas de marismas y que recientemente ha sido incorporada en la cocina gourmet. Debido a que crecen en \u00e1reas con una fuerte influencia marina, estas plantas est\u00e1n naturalmente expuestas a presiones ambientales que las llevan a producir compuestos antioxidantes, como los polifenoles y las vitaminas A y E, altamente apreciados por su valor nutritivo y funcional, es decir, que pueden brindar un beneficio adicional a nuestra salud.[\/vc_column_text][\/vc_column][\/vc_row][vc_row css=\u00bb.vc_custom_1652281407155{padding-top: 25px !important;padding-bottom: 25px !important;}\u00bb mobile_bg_img_hidden=\u00bbno\u00bb tablet_bg_img_hidden=\u00bbno\u00bb woodmart_parallax=\u00bb0&#8243; woodmart_gradient_switch=\u00bbno\u00bb row_reverse_mobile=\u00bb0&#8243; row_reverse_tablet=\u00bb0&#8243; woodmart_disable_overflow=\u00bb0&#8243;][vc_column]\n\t\t<div id=\"wd-68d43d3e4b143\" class=\"title-wrapper wd-wpb set-mb-s reset-last-child  wd-rs-68d43d3e4b143 wd-title-color-default wd-title-style-bordered text-left vc_custom_1758739828906 wd-underline-colored\">\n\t\t\t\n\t\t\t<div class=\"liner-continer\">\n\t\t\t\t<h4 class=\"woodmart-title-container title  wd-font-weight- wd-fontsize-l\" >e-book ``Aromatizar, saberes y sabores: hierbas arom\u00e1ticas y salicornia``<\/h4>\n\t\t\t\t\t\t\t<\/div>\n\t\t\t\n\t\t\t\n\t\t\t\n\t\t<\/div>\n\t\t\n\t\t[\/vc_column][vc_column width=\u00bb1\/3&#8243;][vc_single_image image=\u00bb8078&#8243; img_size=\u00bbmedium\u00bb woodmart_inline=\u00bbno\u00bb parallax_scroll=\u00bbno\u00bb][\/vc_column][vc_column width=\u00bb2\/3&#8243;][vc_column_text woodmart_inline=\u00bbno\u00bb text_larger=\u00bbno\u00bb]La Asociaci\u00f3n Portuguesa de Nutrici\u00f3n (APN) lanz\u00f3 el e-Book \u00abAromatizar Saberes: Hierbas Arom\u00e1ticas y Salicornia\u00bb. Miguel Salazar de Riafresh tuvo el placer de participar en la revisi\u00f3n. El e-book ofrece recomendaciones sobre c\u00f3mo puedes beneficiarte del consumo de estas plantas, manteniendo una alimentaci\u00f3n saludable sin renunciar al sabor. Las hierbas arom\u00e1ticas y la Salicornia son familiares y conocidas desde tiempos remotos y tienen caracter\u00edsticas tanto medicinales como arom\u00e1ticas debido a sus propiedades.<\/p>\n<p>Helena Real, secretaria general de la APN, destaca que \u00abactualmente, tener una alimentaci\u00f3n saludable no significa comer comida sin sabor\u00bb. \u00abLas hierbas arom\u00e1ticas y la Salicornia desempe\u00f1an un papel importante en esto. Peque\u00f1os pasos durante la preparaci\u00f3n de nuestros platos pueden marcar la diferencia y convertir una comida en una verdadera experiencia de sabores. Agregar un poco de or\u00e9gano al queso fresco, un poco de cilantro a un plato de pescado, cebollino en una sopa o a\u00f1adir Salicornia a una ensalada son algunos ejemplos de lo f\u00e1cil que es incorporar hierbas arom\u00e1ticas en la alimentaci\u00f3n. Dado que los portugueses consumen m\u00e1s sal de lo que deber\u00edan, las hierbas arom\u00e1ticas y la Salicornia son beneficiosas para reducir el consumo de sal\u00bb.[\/vc_column_text][\/vc_column][\/vc_row][vc_row][vc_column]\n\t\t<div id=\"wd-622ea4b95aba5\" class=\"title-wrapper wd-wpb set-mb-s reset-last-child  wd-rs-622ea4b95aba5 wd-title-color-default wd-title-style-bordered text-left vc_custom_1647224043362 wd-underline-colored\">\n\t\t\t\n\t\t\t<div class=\"liner-continer\">\n\t\t\t\t<h4 class=\"woodmart-title-container title  wd-font-weight- wd-fontsize-l\" >\u201cLESSsalt- Looking for Efficient Salt Substitutes\u201d<\/h4>\n\t\t\t\t\t\t\t<\/div>\n\t\t\t\n\t\t\t\n\t\t\t\n\t\t<\/div>\n\t\t\n\t\t[vc_column_text woodmart_inline=\u00bbno\u00bb text_larger=\u00bbno\u00bb]iBET &#8211; Instituto de Biologia Experimental e Tecnol\u00f3gica. Food Functionality &amp; Bioactives Lab. Food and Health Division.[\/vc_column_text][\/vc_column][\/vc_row][vc_row][vc_column]\n\t\t<div id=\"wd-622ea4fdef2ba\" class=\"title-wrapper wd-wpb set-mb-s reset-last-child  wd-rs-622ea4fdef2ba wd-title-color-default wd-title-style-bordered text-left vc_custom_1647224070382 wd-underline-colored\">\n\t\t\t\n\t\t\t<div class=\"liner-continer\">\n\t\t\t\t<h4 class=\"woodmart-title-container title  wd-font-weight- wd-fontsize-l\" >Development of Sustainable Packages from Agro-Industrial waste (e.g., Salicornia ramosissima Byproduct) Suitable for High-Pressure Process.<\/h4>\n\t\t\t\t\t\t\t<\/div>\n\t\t\t\n\t\t\t\n\t\t\t\n\t\t<\/div>\n\t\t\n\t\t[vc_column_text woodmart_inline=\u00bbno\u00bb text_larger=\u00bbno\u00bb]MED-Mediterranean Institute for Agriculture, Environment and Development. University of Algarve.[\/vc_column_text][\/vc_column][\/vc_row][vc_row][vc_column]\n\t\t<div id=\"wd-622ea5126bcea\" class=\"title-wrapper wd-wpb set-mb-s reset-last-child  wd-rs-622ea5126bcea wd-title-color-default wd-title-style-bordered text-left vc_custom_1647224084717 wd-underline-colored\">\n\t\t\t\n\t\t\t<div class=\"liner-continer\">\n\t\t\t\t<h4 class=\"woodmart-title-container title  wd-font-weight- wd-fontsize-l\" >ECOSAL \u2013 Potential application of Salicornia ramosissima as cosmetic, nutraceutical and pharmaceutical ingrediente.<\/h4>\n\t\t\t\t\t\t\t<\/div>\n\t\t\t\n\t\t\t\n\t\t\t\n\t\t<\/div>\n\t\t\n\t\t[vc_column_text woodmart_inline=\u00bbno\u00bb text_larger=\u00bbno\u00bb]ISEP-Instituto Superior de Engenharia do Porto. Grupo de Rea\u00e7\u00f5es e Analises Qu\u00edmicas.[\/vc_column_text][\/vc_column][\/vc_row][vc_row][vc_column]\n\t\t<div id=\"wd-622ea5205e56e\" class=\"title-wrapper wd-wpb set-mb-s reset-last-child  wd-rs-622ea5205e56e wd-title-color-default wd-title-style-bordered text-left vc_custom_1647224103078 wd-underline-colored\">\n\t\t\t\n\t\t\t<div class=\"liner-continer\">\n\t\t\t\t<h4 class=\"woodmart-title-container title  wd-font-weight- wd-fontsize-l\" >RhizoMiS: Manipulac\u0327a\u0303o do microbioma da rizosfera de Salic\u00f3rnia para explorac\u0327a\u0303o de bioprodutos e melhoramento de bioprocessos.<\/h4>\n\t\t\t\t\t\t\t<\/div>\n\t\t\t\n\t\t\t\n\t\t\t\n\t\t<\/div>\n\t\t\n\t\t[vc_column_text woodmart_inline=\u00bbno\u00bb text_larger=\u00bbno\u00bb]<\/p>\n<div class=\"itemBody\">\n<div class=\"itemFullText\">\n<p>Universidade de Aveiro. Universidade Lisboa. Universidade do Algarve.<\/p>\n<\/div>\n<div class=\"clr\"><\/div>\n<div class=\"clr\"><\/div>\n<\/div>\n<div class=\"itemLinks\">\n<div class=\"clr\"><\/div>\n<\/div>\n<div class=\"clr\"><\/div>\n<p>[\/vc_column_text][\/vc_column][\/vc_row][vc_row css=\u00bb.vc_custom_1652281415629{padding-top: 25px !important;padding-bottom: 25px !important;}\u00bb mobile_bg_img_hidden=\u00bbno\u00bb tablet_bg_img_hidden=\u00bbno\u00bb woodmart_parallax=\u00bb0&#8243; woodmart_gradient_switch=\u00bbno\u00bb row_reverse_mobile=\u00bb0&#8243; row_reverse_tablet=\u00bb0&#8243; woodmart_disable_overflow=\u00bb0&#8243;][vc_column]\n\t\t<div id=\"wd-627a3cd19d1ad\" class=\"title-wrapper wd-wpb set-mb-s reset-last-child  wd-rs-627a3cd19d1ad wd-title-color-default wd-title-style-bordered text-left vc_custom_1652178135626 wd-underline-colored\">\n\t\t\t\n\t\t\t<div class=\"liner-continer\">\n\t\t\t\t<h4 class=\"woodmart-title-container title  wd-font-weight- wd-fontsize-l\" >Inqu\u00e9rito P\u00f3s-Degusta\u00e7\u00e3o de Salic\u00f3rnia Riafresh<\/h4>\n\t\t\t\t\t\t\t<\/div>\n\t\t\t\n\t\t\t\n\t\t\t\n\t\t<\/div>\n\t\t\n\t\t[vc_column_text woodmart_inline=\u00bbno\u00bb text_larger=\u00bbno\u00bb]<\/p>\n<div class=\"itemBody\">\n<div class=\"itemFullText\">\n<p>Pruebas gustativas de Salicornia de Riafresh realizadas en el marco del M\u00e1ster Integrado en Medicina de la Universidad de Algarve indican una alta intenci\u00f3n de utilizar Salicornia de Riafresh como alternativa a la sal, y como parte de una dieta equilibrada.<\/p>\n<p>De la encuesta posterior a la degustaci\u00f3n de Salicornia Riafresh se destacan los siguientes resultados:<\/p>\n<ul>\n<li>El 98% de los encuestados usar\u00edan las verduras de Riafresh como parte de una dieta equilibrada.<\/li>\n<li>El 82% de los encuestados usar\u00edan frecuentemente o siempre las verduras de Riafresh como condimento en lugar de la sal marina.<\/li>\n<li>El 93% de los encuestados quedaron bastante o muy satisfechos con el sabor salado que experimentaron con las verduras de Riafresh.<\/li>\n<\/ul>\n<p><a href=\"https:\/\/riafresh.com\/wp-content\/uploads\/2022\/05\/Apresentacao_MEE2_MC_DADOS.pdf\">Presentaci\u00f3n del estudio<\/a><\/p>\n<\/div>\n<div class=\"clr\"><\/div>\n<div class=\"clr\"><\/div>\n<\/div>\n<div class=\"itemLinks\">\n<div class=\"clr\"><\/div>\n<\/div>\n<div class=\"clr\"><\/div>\n<p>[\/vc_column_text][\/vc_column][\/vc_row]<\/p>\n<\/div>","protected":false},"excerpt":{"rendered":"<p>[vc_row css=\u00bb.vc_custom_1652281400483{padding-top: 25px !important;padding-bottom: 25px !important;}\u00bb mobile_bg_img_hidden=\u00bbno\u00bb tablet_bg_img_hidden=\u00bbno\u00bb woodmart_parallax=\u00bb0&#8243; woodmart_gradient_switch=\u00bbno\u00bb row_reverse_mobile=\u00bb0&#8243; row_reverse_tablet=\u00bb0&#8243; woodmart_disable_overflow=\u00bb0&#8243;][vc_column][\/vc_column][vc_column width=\u00bb1\/3&#8243;][vc_single_image image=\u00bb8077&#8243; img_size=\u00bbmedium\u00bb woodmart_inline=\u00bbno\u00bb parallax_scroll=\u00bbno\u00bb][\/vc_column][vc_column width=\u00bb2\/3&#8243;][vc_column_text css=\u00bb\u00bb<\/p>\n","protected":false},"author":1,"featured_media":0,"parent":0,"menu_order":0,"comment_status":"closed","ping_status":"closed","template":"","meta":{"footnotes":""},"class_list":["post-8374","page","type-page","status-publish","hentry"],"yoast_head":"<!-- This site is optimized with the Yoast SEO plugin v25.9 - https:\/\/yoast.com\/wordpress\/plugins\/seo\/ -->\n<title>Proyectos - Riafresh<\/title>\n<meta name=\"robots\" content=\"index, follow, max-snippet:-1, max-image-preview:large, max-video-preview:-1\" \/>\n<link rel=\"canonical\" href=\"https:\/\/riafresh.com\/es\/projetos\/\" \/>\n<meta property=\"og:locale\" content=\"es_ES\" \/>\n<meta property=\"og:type\" content=\"article\" \/>\n<meta property=\"og:title\" content=\"Proyectos - Riafresh\" \/>\n<meta property=\"og:description\" content=\"[vc_row css=\u00bb.vc_custom_1652281400483{padding-top: 25px !important;padding-bottom: 25px !important;}\u00bb mobile_bg_img_hidden=\u00bbno\u00bb tablet_bg_img_hidden=\u00bbno\u00bb woodmart_parallax=\u00bb0&#8243; woodmart_gradient_switch=\u00bbno\u00bb row_reverse_mobile=\u00bb0&#8243; row_reverse_tablet=\u00bb0&#8243; woodmart_disable_overflow=\u00bb0&#8243;][vc_column][\/vc_column][vc_column width=\u00bb1\/3&#8243;][vc_single_image image=\u00bb8077&#8243; img_size=\u00bbmedium\u00bb woodmart_inline=\u00bbno\u00bb parallax_scroll=\u00bbno\u00bb][\/vc_column][vc_column width=\u00bb2\/3&#8243;][vc_column_text css=\u00bb\u00bb\" \/>\n<meta property=\"og:url\" content=\"https:\/\/riafresh.com\/es\/projetos\/\" \/>\n<meta property=\"og:site_name\" content=\"Riafresh\" \/>\n<meta property=\"article:modified_time\" content=\"2025-10-29T16:47:18+00:00\" \/>\n<meta name=\"twitter:card\" content=\"summary_large_image\" \/>\n<meta name=\"twitter:label1\" content=\"Tiempo de lectura\" \/>\n\t<meta name=\"twitter:data1\" content=\"6 minutos\" \/>\n<script type=\"application\/ld+json\" class=\"yoast-schema-graph\">{\"@context\":\"https:\/\/schema.org\",\"@graph\":[{\"@type\":\"WebPage\",\"@id\":\"https:\/\/riafresh.com\/es\/projetos\/\",\"url\":\"https:\/\/riafresh.com\/es\/projetos\/\",\"name\":\"Proyectos - Riafresh\",\"isPartOf\":{\"@id\":\"https:\/\/riafresh.com\/#website\"},\"datePublished\":\"2022-03-14T02:15:13+00:00\",\"dateModified\":\"2025-10-29T16:47:18+00:00\",\"breadcrumb\":{\"@id\":\"https:\/\/riafresh.com\/es\/projetos\/#breadcrumb\"},\"inLanguage\":\"es\",\"potentialAction\":[{\"@type\":\"ReadAction\",\"target\":[\"https:\/\/riafresh.com\/es\/projetos\/\"]}]},{\"@type\":\"BreadcrumbList\",\"@id\":\"https:\/\/riafresh.com\/es\/projetos\/#breadcrumb\",\"itemListElement\":[{\"@type\":\"ListItem\",\"position\":1,\"name\":\"In\u00edcio\",\"item\":\"https:\/\/riafresh.com\/es\/\"},{\"@type\":\"ListItem\",\"position\":2,\"name\":\"Proyectos\"}]},{\"@type\":\"WebSite\",\"@id\":\"https:\/\/riafresh.com\/#website\",\"url\":\"https:\/\/riafresh.com\/\",\"name\":\"Riafresh\",\"description\":\"Verduras da Ria Formosa\",\"potentialAction\":[{\"@type\":\"SearchAction\",\"target\":{\"@type\":\"EntryPoint\",\"urlTemplate\":\"https:\/\/riafresh.com\/?s={search_term_string}\"},\"query-input\":{\"@type\":\"PropertyValueSpecification\",\"valueRequired\":true,\"valueName\":\"search_term_string\"}}],\"inLanguage\":\"es\"}]}<\/script>\n<!-- \/ Yoast SEO plugin. -->","yoast_head_json":{"title":"Proyectos - Riafresh","robots":{"index":"index","follow":"follow","max-snippet":"max-snippet:-1","max-image-preview":"max-image-preview:large","max-video-preview":"max-video-preview:-1"},"canonical":"https:\/\/riafresh.com\/es\/projetos\/","og_locale":"es_ES","og_type":"article","og_title":"Proyectos - Riafresh","og_description":"[vc_row css=\u00bb.vc_custom_1652281400483{padding-top: 25px !important;padding-bottom: 25px !important;}\u00bb mobile_bg_img_hidden=\u00bbno\u00bb tablet_bg_img_hidden=\u00bbno\u00bb woodmart_parallax=\u00bb0&#8243; woodmart_gradient_switch=\u00bbno\u00bb row_reverse_mobile=\u00bb0&#8243; row_reverse_tablet=\u00bb0&#8243; woodmart_disable_overflow=\u00bb0&#8243;][vc_column][\/vc_column][vc_column width=\u00bb1\/3&#8243;][vc_single_image image=\u00bb8077&#8243; img_size=\u00bbmedium\u00bb woodmart_inline=\u00bbno\u00bb parallax_scroll=\u00bbno\u00bb][\/vc_column][vc_column width=\u00bb2\/3&#8243;][vc_column_text css=\u00bb\u00bb","og_url":"https:\/\/riafresh.com\/es\/projetos\/","og_site_name":"Riafresh","article_modified_time":"2025-10-29T16:47:18+00:00","twitter_card":"summary_large_image","twitter_misc":{"Tiempo de lectura":"6 minutos"},"schema":{"@context":"https:\/\/schema.org","@graph":[{"@type":"WebPage","@id":"https:\/\/riafresh.com\/es\/projetos\/","url":"https:\/\/riafresh.com\/es\/projetos\/","name":"Proyectos - Riafresh","isPartOf":{"@id":"https:\/\/riafresh.com\/#website"},"datePublished":"2022-03-14T02:15:13+00:00","dateModified":"2025-10-29T16:47:18+00:00","breadcrumb":{"@id":"https:\/\/riafresh.com\/es\/projetos\/#breadcrumb"},"inLanguage":"es","potentialAction":[{"@type":"ReadAction","target":["https:\/\/riafresh.com\/es\/projetos\/"]}]},{"@type":"BreadcrumbList","@id":"https:\/\/riafresh.com\/es\/projetos\/#breadcrumb","itemListElement":[{"@type":"ListItem","position":1,"name":"In\u00edcio","item":"https:\/\/riafresh.com\/es\/"},{"@type":"ListItem","position":2,"name":"Proyectos"}]},{"@type":"WebSite","@id":"https:\/\/riafresh.com\/#website","url":"https:\/\/riafresh.com\/","name":"Riafresh","description":"Verduras da Ria Formosa","potentialAction":[{"@type":"SearchAction","target":{"@type":"EntryPoint","urlTemplate":"https:\/\/riafresh.com\/?s={search_term_string}"},"query-input":{"@type":"PropertyValueSpecification","valueRequired":true,"valueName":"search_term_string"}}],"inLanguage":"es"}]}},"_links":{"self":[{"href":"https:\/\/riafresh.com\/es\/wp-json\/wp\/v2\/pages\/8374","targetHints":{"allow":["GET"]}}],"collection":[{"href":"https:\/\/riafresh.com\/es\/wp-json\/wp\/v2\/pages"}],"about":[{"href":"https:\/\/riafresh.com\/es\/wp-json\/wp\/v2\/types\/page"}],"author":[{"embeddable":true,"href":"https:\/\/riafresh.com\/es\/wp-json\/wp\/v2\/users\/1"}],"replies":[{"embeddable":true,"href":"https:\/\/riafresh.com\/es\/wp-json\/wp\/v2\/comments?post=8374"}],"version-history":[{"count":9,"href":"https:\/\/riafresh.com\/es\/wp-json\/wp\/v2\/pages\/8374\/revisions"}],"predecessor-version":[{"id":8527,"href":"https:\/\/riafresh.com\/es\/wp-json\/wp\/v2\/pages\/8374\/revisions\/8527"}],"wp:attachment":[{"href":"https:\/\/riafresh.com\/es\/wp-json\/wp\/v2\/media?parent=8374"}],"curies":[{"name":"wp","href":"https:\/\/api.w.org\/{rel}","templated":true}]}}