{"id":8356,"date":"2021-03-29T15:26:54","date_gmt":"2021-03-29T15:26:54","guid":{"rendered":"https:\/\/riafresh.com\/quem-somos\/"},"modified":"2025-09-24T19:46:48","modified_gmt":"2025-09-24T19:46:48","slug":"quem-somos","status":"publish","type":"page","link":"https:\/\/riafresh.com\/es\/quem-somos\/","title":{"rendered":"Quienes Somos"},"content":{"rendered":"<div class=\"wpb-content-wrapper\"><p>[vc_row css=\u00bb.vc_custom_1646820050072{border-top-width: 70px !important;border-bottom-width: 65px !important;}\u00bb mobile_bg_img_hidden=\u00bbno\u00bb tablet_bg_img_hidden=\u00bbno\u00bb woodmart_parallax=\u00bb0&#8243; woodmart_gradient_switch=\u00bbno\u00bb row_reverse_mobile=\u00bb0&#8243; row_reverse_tablet=\u00bb0&#8243; woodmart_disable_overflow=\u00bb0&#8243;][vc_column width=\u00bb1\/2&#8243;][vc_single_image image=\u00bb7995&#8243; img_size=\u00bbfull\u00bb woodmart_inline=\u00bbno\u00bb parallax_scroll=\u00bbno\u00bb][\/vc_column][vc_column width=\u00bb1\/2&#8243;]\n\t\t<div id=\"wd-64a43c065d9a1\" class=\"title-wrapper wd-wpb set-mb-s reset-last-child  wd-rs-64a43c065d9a1 wd-title-color-primary wd-title-style-default text-left  wd-underline-colored\">\n\t\t\t\n\t\t\t<div class=\"liner-continer\">\n\t\t\t\t<h4 class=\"woodmart-title-container title  wd-font-weight- wd-fontsize-xxl\" >Sobre nosotros<\/h4>\n\t\t\t\t\t\t\t<\/div>\n\t\t\t\n\t\t\t\n\t\t\t\n\t\t<\/div>\n\t\t\n\t\t[vc_column_text woodmart_color_scheme=\u00bbdark\u00bb text_larger=\u00bbno\u00bb woodmart_inline=\u00bbno\u00bb]<strong>RiaFresh\u00ae<\/strong> surge como resultado de la investigaci\u00f3n sobre la cultura sostenible de hal\u00f3fitas llevada a cabo por los promotores de Agro-On. El trabajo para mejorar la calidad organol\u00e9ptica y nutricional de nuestros productos es parte de la cultura de la empresa.<\/p>\n<p>Es parte de la misi\u00f3n de <strong>RiaFresh\u00ae<\/strong> mejorar y diversificar los h\u00e1bitos alimentarios de la poblaci\u00f3n hacia un est\u00e1ndar m\u00e1s saludable, promover el desarrollo del aprovechamiento de las plantas marinas como parte de la innovaci\u00f3n en el sector hort\u00edcola y fomentar la prosperidad en la regi\u00f3n del Algarve.[\/vc_column_text][\/vc_column][\/vc_row][vc_row 0=\u00bb\u00bb css=\u00bb.vc_custom_1646820108556{margin-top: 65px !important;margin-bottom: 65px !important;}\u00bb mobile_bg_img_hidden=\u00bbno\u00bb tablet_bg_img_hidden=\u00bbno\u00bb woodmart_parallax=\u00bb0&#8243; woodmart_gradient_switch=\u00bbno\u00bb row_reverse_mobile=\u00bb0&#8243; row_reverse_tablet=\u00bb0&#8243; woodmart_disable_overflow=\u00bb0&#8243;][vc_column][vc_video link=\u00bbhttps:\/\/www.youtube.com\/watch?v=pczTwpcWsAg\u00bb css=\u00bb\u00bb title=\u00bbAgricultura, un activo estrat\u00e9gico para el Algarve. RiaFresh\u00bb image_poster_switch=\u00bbno\u00bb][\/vc_column][vc_column 0=\u00bb\u00bb]\n\t\t<div id=\"wd-64a43d122eeea\" class=\"title-wrapper wd-wpb set-mb-s reset-last-child  wd-rs-64a43d122eeea wd-title-color-primary wd-title-style-bordered text-center  wd-underline-colored\">\n\t\t\t\n\t\t\t<div class=\"liner-continer\">\n\t\t\t\t<h4 class=\"woodmart-title-container title  wd-font-weight- wd-fontsize-xxl\" >Nuestro equipo<\/h4>\n\t\t\t\t\t\t\t<\/div>\n\t\t\t\n\t\t\t\n\t\t\t\n\t\t<\/div>\n\t\t\n\t\t[\/vc_column][\/vc_row][vc_row full_width=\u00bbstretch_row_content\u00bb mobile_bg_img_hidden=\u00bbno\u00bb tablet_bg_img_hidden=\u00bbno\u00bb woodmart_parallax=\u00bb0&#8243; woodmart_gradient_switch=\u00bbno\u00bb row_reverse_mobile=\u00bb0&#8243; row_reverse_tablet=\u00bb0&#8243; woodmart_disable_overflow=\u00bb0&#8243;][vc_column width=\u00bb1\/5&#8243;]<div class=\"team-member wd-wpb text-center  member-layout-hover color-scheme-light\"><div class=\"member-image-wrapper\"><div class=\"member-image\"><img decoding=\"async\" width=\"400\" height=\"400\" src=\"https:\/\/riafresh.com\/wp-content\/uploads\/2022\/03\/1.jpg\" class=\"team-member-avatar-image attachment-full\" alt=\"\" title=\"1\" srcset=\"https:\/\/riafresh.com\/wp-content\/uploads\/2022\/03\/1.jpg 400w, https:\/\/riafresh.com\/wp-content\/uploads\/2022\/03\/1-150x150.jpg 150w, https:\/\/riafresh.com\/wp-content\/uploads\/2022\/03\/1-300x300.jpg 300w\" sizes=\"(max-width: 400px) 100vw, 400px\" \/><\/div><\/div><div class=\"member-details\"><h4 class=\"member-name\">Miguel Salazar<\/h4><span class=\"member-position\">DIRECCI\u00d3N<\/span><\/div><\/div>[\/vc_column][vc_column width=\u00bb1\/5&#8243;]<div class=\"team-member wd-wpb text-center  member-layout-hover color-scheme-light\"><div class=\"member-image-wrapper\"><div class=\"member-image\"><img decoding=\"async\" width=\"598\" height=\"600\" src=\"https:\/\/riafresh.com\/wp-content\/uploads\/2022\/03\/Pedro.png\" class=\"team-member-avatar-image attachment-full\" alt=\"\" title=\"Pedro\" srcset=\"https:\/\/riafresh.com\/wp-content\/uploads\/2022\/03\/Pedro.png 598w, https:\/\/riafresh.com\/wp-content\/uploads\/2022\/03\/Pedro-150x151.png 150w, https:\/\/riafresh.com\/wp-content\/uploads\/2022\/03\/Pedro-300x300.png 300w\" sizes=\"(max-width: 598px) 100vw, 598px\" \/><\/div><\/div><div class=\"member-details\"><h4 class=\"member-name\">Pedro Gir\u00e3o<\/h4><span class=\"member-position\">COMERCIALIZACI\u00d3N<\/span><\/div><\/div>[\/vc_column][vc_column width=\u00bb1\/5&#8243;]<div class=\"team-member wd-wpb text-center  member-layout-hover color-scheme-light\"><div class=\"member-image-wrapper\"><div class=\"member-image\"><img decoding=\"async\" width=\"400\" height=\"400\" src=\"https:\/\/riafresh.com\/wp-content\/uploads\/2022\/03\/4.jpg\" class=\"team-member-avatar-image attachment-full\" alt=\"\" title=\"4\" srcset=\"https:\/\/riafresh.com\/wp-content\/uploads\/2022\/03\/4.jpg 400w, https:\/\/riafresh.com\/wp-content\/uploads\/2022\/03\/4-150x150.jpg 150w, https:\/\/riafresh.com\/wp-content\/uploads\/2022\/03\/4-300x300.jpg 300w\" sizes=\"(max-width: 400px) 100vw, 400px\" \/><\/div><\/div><div class=\"member-details\"><h4 class=\"member-name\">Carla Nunes<\/h4><span class=\"member-position\">INVESTIGACI\u00d3N<\/span><\/div><\/div>[\/vc_column][vc_column width=\u00bb1\/5&#8243;]<div class=\"team-member wd-wpb text-center  member-layout-hover color-scheme-light\"><div class=\"member-image-wrapper\"><div class=\"member-image\"><img decoding=\"async\" width=\"400\" height=\"400\" src=\"https:\/\/riafresh.com\/wp-content\/uploads\/2022\/03\/3.jpg\" class=\"team-member-avatar-image attachment-full\" alt=\"\" title=\"3\" srcset=\"https:\/\/riafresh.com\/wp-content\/uploads\/2022\/03\/3.jpg 400w, https:\/\/riafresh.com\/wp-content\/uploads\/2022\/03\/3-150x150.jpg 150w, https:\/\/riafresh.com\/wp-content\/uploads\/2022\/03\/3-300x300.jpg 300w\" sizes=\"(max-width: 400px) 100vw, 400px\" \/><\/div><\/div><div class=\"member-details\"><h4 class=\"member-name\">Marco Lopes<\/h4><span class=\"member-position\">PRODUCCI\u00d3N<\/span><\/div><\/div>[\/vc_column][vc_column width=\u00bb1\/5&#8243;]<div class=\"team-member wd-wpb text-center  member-layout-hover color-scheme-light\"><div class=\"member-image-wrapper\"><div class=\"member-image\"><img decoding=\"async\" width=\"400\" height=\"400\" src=\"https:\/\/riafresh.com\/wp-content\/uploads\/2022\/03\/2.jpg\" class=\"team-member-avatar-image attachment-full\" alt=\"\" title=\"2\" srcset=\"https:\/\/riafresh.com\/wp-content\/uploads\/2022\/03\/2.jpg 400w, https:\/\/riafresh.com\/wp-content\/uploads\/2022\/03\/2-150x150.jpg 150w, https:\/\/riafresh.com\/wp-content\/uploads\/2022\/03\/2-300x300.jpg 300w\" sizes=\"(max-width: 400px) 100vw, 400px\" \/><\/div><\/div><div class=\"member-details\"><h4 class=\"member-name\">Susana Mendes<\/h4><span class=\"member-position\">CONTROL DE CALIDAD<\/span><\/div><\/div>[\/vc_column][\/vc_row]<\/p>\n<\/div>","protected":false},"excerpt":{"rendered":"<p>[vc_row css=\u00bb.vc_custom_1646820050072{border-top-width: 70px !important;border-bottom-width: 65px !important;}\u00bb mobile_bg_img_hidden=\u00bbno\u00bb tablet_bg_img_hidden=\u00bbno\u00bb woodmart_parallax=\u00bb0&#8243; woodmart_gradient_switch=\u00bbno\u00bb row_reverse_mobile=\u00bb0&#8243; row_reverse_tablet=\u00bb0&#8243; woodmart_disable_overflow=\u00bb0&#8243;][vc_column width=\u00bb1\/2&#8243;][vc_single_image image=\u00bb7995&#8243; img_size=\u00bbfull\u00bb woodmart_inline=\u00bbno\u00bb parallax_scroll=\u00bbno\u00bb][\/vc_column][vc_column width=\u00bb1\/2&#8243;][vc_column_text woodmart_color_scheme=\u00bbdark\u00bb<\/p>\n","protected":false},"author":1,"featured_media":0,"parent":0,"menu_order":0,"comment_status":"closed","ping_status":"closed","template":"","meta":{"footnotes":""},"class_list":["post-8356","page","type-page","status-publish","hentry"],"yoast_head":"<!-- This site is optimized with the Yoast SEO plugin v25.9 - https:\/\/yoast.com\/wordpress\/plugins\/seo\/ -->\n<title>Quienes Somos - Riafresh<\/title>\n<meta name=\"robots\" content=\"index, follow, max-snippet:-1, max-image-preview:large, max-video-preview:-1\" \/>\n<link rel=\"canonical\" href=\"https:\/\/riafresh.com\/es\/quem-somos\/\" \/>\n<meta property=\"og:locale\" content=\"es_ES\" \/>\n<meta property=\"og:type\" content=\"article\" \/>\n<meta property=\"og:title\" content=\"Quienes Somos - Riafresh\" \/>\n<meta property=\"og:description\" content=\"[vc_row css=\u00bb.vc_custom_1646820050072{border-top-width: 70px !important;border-bottom-width: 65px !important;}\u00bb mobile_bg_img_hidden=\u00bbno\u00bb tablet_bg_img_hidden=\u00bbno\u00bb woodmart_parallax=\u00bb0&#8243; woodmart_gradient_switch=\u00bbno\u00bb row_reverse_mobile=\u00bb0&#8243; row_reverse_tablet=\u00bb0&#8243; woodmart_disable_overflow=\u00bb0&#8243;][vc_column width=\u00bb1\/2&#8243;][vc_single_image image=\u00bb7995&#8243; img_size=\u00bbfull\u00bb woodmart_inline=\u00bbno\u00bb parallax_scroll=\u00bbno\u00bb][\/vc_column][vc_column width=\u00bb1\/2&#8243;][vc_column_text woodmart_color_scheme=\u00bbdark\u00bb\" \/>\n<meta property=\"og:url\" content=\"https:\/\/riafresh.com\/es\/quem-somos\/\" \/>\n<meta property=\"og:site_name\" content=\"Riafresh\" \/>\n<meta property=\"article:modified_time\" content=\"2025-09-24T19:46:48+00:00\" \/>\n<meta name=\"twitter:card\" content=\"summary_large_image\" \/>\n<meta name=\"twitter:label1\" content=\"Tiempo de lectura\" \/>\n\t<meta name=\"twitter:data1\" content=\"2 minutos\" \/>\n<script type=\"application\/ld+json\" class=\"yoast-schema-graph\">{\"@context\":\"https:\/\/schema.org\",\"@graph\":[{\"@type\":\"WebPage\",\"@id\":\"https:\/\/riafresh.com\/es\/quem-somos\/\",\"url\":\"https:\/\/riafresh.com\/es\/quem-somos\/\",\"name\":\"Quienes Somos - Riafresh\",\"isPartOf\":{\"@id\":\"https:\/\/riafresh.com\/#website\"},\"datePublished\":\"2021-03-29T15:26:54+00:00\",\"dateModified\":\"2025-09-24T19:46:48+00:00\",\"breadcrumb\":{\"@id\":\"https:\/\/riafresh.com\/es\/quem-somos\/#breadcrumb\"},\"inLanguage\":\"es\",\"potentialAction\":[{\"@type\":\"ReadAction\",\"target\":[\"https:\/\/riafresh.com\/es\/quem-somos\/\"]}]},{\"@type\":\"BreadcrumbList\",\"@id\":\"https:\/\/riafresh.com\/es\/quem-somos\/#breadcrumb\",\"itemListElement\":[{\"@type\":\"ListItem\",\"position\":1,\"name\":\"In\u00edcio\",\"item\":\"https:\/\/riafresh.com\/es\/\"},{\"@type\":\"ListItem\",\"position\":2,\"name\":\"Quienes Somos\"}]},{\"@type\":\"WebSite\",\"@id\":\"https:\/\/riafresh.com\/#website\",\"url\":\"https:\/\/riafresh.com\/\",\"name\":\"Riafresh\",\"description\":\"Verduras da Ria Formosa\",\"potentialAction\":[{\"@type\":\"SearchAction\",\"target\":{\"@type\":\"EntryPoint\",\"urlTemplate\":\"https:\/\/riafresh.com\/?s={search_term_string}\"},\"query-input\":{\"@type\":\"PropertyValueSpecification\",\"valueRequired\":true,\"valueName\":\"search_term_string\"}}],\"inLanguage\":\"es\"}]}<\/script>\n<!-- \/ Yoast SEO plugin. -->","yoast_head_json":{"title":"Quienes Somos - Riafresh","robots":{"index":"index","follow":"follow","max-snippet":"max-snippet:-1","max-image-preview":"max-image-preview:large","max-video-preview":"max-video-preview:-1"},"canonical":"https:\/\/riafresh.com\/es\/quem-somos\/","og_locale":"es_ES","og_type":"article","og_title":"Quienes Somos - Riafresh","og_description":"[vc_row css=\u00bb.vc_custom_1646820050072{border-top-width: 70px !important;border-bottom-width: 65px !important;}\u00bb mobile_bg_img_hidden=\u00bbno\u00bb tablet_bg_img_hidden=\u00bbno\u00bb woodmart_parallax=\u00bb0&#8243; woodmart_gradient_switch=\u00bbno\u00bb row_reverse_mobile=\u00bb0&#8243; row_reverse_tablet=\u00bb0&#8243; woodmart_disable_overflow=\u00bb0&#8243;][vc_column width=\u00bb1\/2&#8243;][vc_single_image image=\u00bb7995&#8243; img_size=\u00bbfull\u00bb woodmart_inline=\u00bbno\u00bb parallax_scroll=\u00bbno\u00bb][\/vc_column][vc_column width=\u00bb1\/2&#8243;][vc_column_text woodmart_color_scheme=\u00bbdark\u00bb","og_url":"https:\/\/riafresh.com\/es\/quem-somos\/","og_site_name":"Riafresh","article_modified_time":"2025-09-24T19:46:48+00:00","twitter_card":"summary_large_image","twitter_misc":{"Tiempo de lectura":"2 minutos"},"schema":{"@context":"https:\/\/schema.org","@graph":[{"@type":"WebPage","@id":"https:\/\/riafresh.com\/es\/quem-somos\/","url":"https:\/\/riafresh.com\/es\/quem-somos\/","name":"Quienes Somos - Riafresh","isPartOf":{"@id":"https:\/\/riafresh.com\/#website"},"datePublished":"2021-03-29T15:26:54+00:00","dateModified":"2025-09-24T19:46:48+00:00","breadcrumb":{"@id":"https:\/\/riafresh.com\/es\/quem-somos\/#breadcrumb"},"inLanguage":"es","potentialAction":[{"@type":"ReadAction","target":["https:\/\/riafresh.com\/es\/quem-somos\/"]}]},{"@type":"BreadcrumbList","@id":"https:\/\/riafresh.com\/es\/quem-somos\/#breadcrumb","itemListElement":[{"@type":"ListItem","position":1,"name":"In\u00edcio","item":"https:\/\/riafresh.com\/es\/"},{"@type":"ListItem","position":2,"name":"Quienes Somos"}]},{"@type":"WebSite","@id":"https:\/\/riafresh.com\/#website","url":"https:\/\/riafresh.com\/","name":"Riafresh","description":"Verduras da Ria Formosa","potentialAction":[{"@type":"SearchAction","target":{"@type":"EntryPoint","urlTemplate":"https:\/\/riafresh.com\/?s={search_term_string}"},"query-input":{"@type":"PropertyValueSpecification","valueRequired":true,"valueName":"search_term_string"}}],"inLanguage":"es"}]}},"_links":{"self":[{"href":"https:\/\/riafresh.com\/es\/wp-json\/wp\/v2\/pages\/8356","targetHints":{"allow":["GET"]}}],"collection":[{"href":"https:\/\/riafresh.com\/es\/wp-json\/wp\/v2\/pages"}],"about":[{"href":"https:\/\/riafresh.com\/es\/wp-json\/wp\/v2\/types\/page"}],"author":[{"embeddable":true,"href":"https:\/\/riafresh.com\/es\/wp-json\/wp\/v2\/users\/1"}],"replies":[{"embeddable":true,"href":"https:\/\/riafresh.com\/es\/wp-json\/wp\/v2\/comments?post=8356"}],"version-history":[{"count":8,"href":"https:\/\/riafresh.com\/es\/wp-json\/wp\/v2\/pages\/8356\/revisions"}],"predecessor-version":[{"id":8520,"href":"https:\/\/riafresh.com\/es\/wp-json\/wp\/v2\/pages\/8356\/revisions\/8520"}],"wp:attachment":[{"href":"https:\/\/riafresh.com\/es\/wp-json\/wp\/v2\/media?parent=8356"}],"curies":[{"name":"wp","href":"https:\/\/api.w.org\/{rel}","templated":true}]}}