{"id":8313,"date":"2022-03-21T11:20:30","date_gmt":"2022-03-21T11:20:30","guid":{"rendered":"https:\/\/riafresh.com\/?page_id=8313"},"modified":"2023-06-27T10:47:03","modified_gmt":"2023-06-27T10:47:03","slug":"asesoria","status":"publish","type":"page","link":"https:\/\/riafresh.com\/es\/asesoria\/","title":{"rendered":"Asesoria"},"content":{"rendered":"<div class=\"wpb-content-wrapper\"><p>[vc_row][vc_column][vc_column_text woodmart_inline=\u00bbno\u00bb text_larger=\u00bbno\u00bb]<\/p>\n<h4>Est\u00e1s ineressado en cultivar vegetales marinos?<\/h4>\n<p>Cont\u00e1ctanos y podemos ayudarte, <a href=\"https:\/\/riafresh.com\/contactos\/\">comun\u00edcate aqu\u00ed<\/a> con nuestro servicio de consultor\u00eda.<\/p>\n<p>Miguel Salazar es Doctor en Ingenier\u00eda Agron\u00f3mica por la Universidad de Lleida (2001, Espa\u00f1a). Ha sido consultor agron\u00f3mico desde 2003, con experiencia en ensayos de control de calidad y mejora de procesos y productos agroalimentarios. Ha trabajado en el Departamento de Medio Ambiente, el Departamento de Agricultura y el Instituto de Investigaci\u00f3n y Tecnolog\u00eda Agroalimentaria (IRTA) de Catalu\u00f1a, en la empresa Applus (Agroalimentaria y Certificaci\u00f3n) y en varias oficinas de ingenier\u00eda. Es miembro de varios centros de investigaci\u00f3n (ICAAM, Universidad de \u00c9vora; CDCTPV, Universidad del Algarve; CICAE, INUAF-Loul\u00e9) con participaci\u00f3n en m\u00e1s de quince proyectos de investigaci\u00f3n nacionales e internacionales. Es autor de m\u00e1s de cien publicaciones y comunicaciones cient\u00edficas y t\u00e9cnicas, y es fundador y gerente de la empresa Agro-On y de la marca de vegetales marinos RiaFresh\u00ae[\/vc_column_text][\/vc_column][\/vc_row][vc_row][vc_column][vc_column_text woodmart_inline=\u00bbno\u00bb text_larger=\u00bbno\u00bb]<\/p>\n<h4>Trabajo con vegetales marinos<\/h4>\n<p>2011-2014: desarrollo de la tarea principal del proyecto ALG-02-0931 FEDER-000022 \u00abCultivo sustent\u00e1vel de hal\u00f3fitas na Reserva de Castro Marim e Vila Real de Santo Ant\u00f3nio\u00bb.<\/p>\n<p>Resultados: modelo de cultivo de vegetales marinos asociado a la producci\u00f3n en salinas y marismas.<\/p>\n<p>2016-2020: l\u00edder del proyecto ALG-01-0247-FEDER-017676 \u00abXtremeGourmet Extremophile Plants in Gourmet Cuisine\u00bb en consorcio con la Universidad del Algarve.<\/p>\n<p>Resultados: establecimiento de est\u00e1ndares objetivos de calidad; diversificaci\u00f3n de las especies producidas; optimizaci\u00f3n del cultivo; determinaci\u00f3n de las propiedades organol\u00e9pticas y cualitativas, composici\u00f3n proximal y composici\u00f3n funcional; extensi\u00f3n del per\u00edodo de producci\u00f3n y vida comercial.<\/p>\n<p>2021-2022: consultor en el proyecto GREENFLOAT21 promovido por ARQUIMEA Centro De Investigaciones Avanzadas S.L.U (Tenerife, Espa\u00f1a). El proyecto tiene como objetivo principal la investigaci\u00f3n y desarrollo de biotecnolog\u00eda remediadora de medios marinos basada en plantas hal\u00f3fitas, con otros usos potenciales, preferentemente alimentarios.<\/p>\n<p>2015-Actualidad: producci\u00f3n y comercializaci\u00f3n de vegetales marinos del Parque Natural de la R\u00eda Formosa con la marca RiaFresh\u00ae. Cultivo hidrop\u00f3nico sin suelo en invernaderos con recirculaci\u00f3n de soluci\u00f3n nutritiva.[\/vc_column_text][\/vc_column][\/vc_row][vc_row][vc_column][vc_column_text woodmart_inline=\u00bbno\u00bb text_larger=\u00bbno\u00bb]<\/p>\n<h4>Colaboraciones en otros proyectos:<\/h4>\n<p><strong>LESSsalt- Looking for Efficient Salt Substitutes<\/strong>. iBET \u2013 Instituto de Biologia Experimental e Tecnol\u00f3gica. Food Functionality &amp; Bioactives Lab. Food and Health Division.<\/p>\n<p><strong>Development of Sustainable Packages from Agro<\/strong>-Industrial waste (e.g., Salicornia ramosissima Byproduct) Suitable for High-Pressure Process. MED-Instituto Mediterr\u00e2neo para a Agricultura, Ambiente e Desenvolvimento. Universidade do Algarve.<\/p>\n<p><strong>ECOSAL<\/strong>\u00a0\u2013 Potential application of Salicornia ramosissima as cosmetic, nutraceutical and pharmaceutical ingrediente. ISEP-Instituto Superior de Engenharia do Porto. Grupo de Rea\u00e7\u00f5es e Analises Qu\u00edmicas.<\/p>\n<p><strong>RhizoMiS<\/strong>: Manipulac\u0327a\u0303o do microbioma da rizosfera de Salic\u00f3rnia para explorac\u0327a\u0303o de bioprodutos e melhoramento de bioprocessos. Universidade de Aveiro. Universidade Lisboa. Universidade do Algarve.[\/vc_column_text][\/vc_column][\/vc_row]<\/p>\n<\/div>","protected":false},"excerpt":{"rendered":"<p>[vc_row][vc_column][vc_column_text woodmart_inline=\u00bbno\u00bb text_larger=\u00bbno\u00bb] Est\u00e1s ineressado en cultivar vegetales marinos? Cont\u00e1ctanos y podemos ayudarte, comun\u00edcate aqu\u00ed con nuestro servicio de consultor\u00eda.<\/p>\n","protected":false},"author":2,"featured_media":0,"parent":0,"menu_order":0,"comment_status":"closed","ping_status":"closed","template":"","meta":{"footnotes":""},"class_list":["post-8313","page","type-page","status-publish","hentry"],"yoast_head":"<!-- This site is optimized with the Yoast SEO plugin v25.9 - https:\/\/yoast.com\/wordpress\/plugins\/seo\/ -->\n<title>Asesoria - Riafresh<\/title>\n<meta name=\"robots\" content=\"index, follow, max-snippet:-1, max-image-preview:large, max-video-preview:-1\" \/>\n<link rel=\"canonical\" href=\"https:\/\/riafresh.com\/es\/asesoria\/\" \/>\n<meta property=\"og:locale\" content=\"es_ES\" \/>\n<meta property=\"og:type\" content=\"article\" \/>\n<meta property=\"og:title\" content=\"Asesoria - Riafresh\" \/>\n<meta property=\"og:description\" content=\"[vc_row][vc_column][vc_column_text woodmart_inline=\u00bbno\u00bb text_larger=\u00bbno\u00bb] Est\u00e1s ineressado en cultivar vegetales marinos? Cont\u00e1ctanos y podemos ayudarte, comun\u00edcate aqu\u00ed con nuestro servicio de consultor\u00eda.\" \/>\n<meta property=\"og:url\" content=\"https:\/\/riafresh.com\/es\/asesoria\/\" \/>\n<meta property=\"og:site_name\" content=\"Riafresh\" \/>\n<meta property=\"article:modified_time\" content=\"2023-06-27T10:47:03+00:00\" \/>\n<meta name=\"twitter:card\" content=\"summary_large_image\" \/>\n<meta name=\"twitter:label1\" content=\"Tiempo de lectura\" \/>\n\t<meta name=\"twitter:data1\" content=\"3 minutos\" \/>\n<script type=\"application\/ld+json\" class=\"yoast-schema-graph\">{\"@context\":\"https:\/\/schema.org\",\"@graph\":[{\"@type\":\"WebPage\",\"@id\":\"https:\/\/riafresh.com\/es\/asesoria\/\",\"url\":\"https:\/\/riafresh.com\/es\/asesoria\/\",\"name\":\"Asesoria - Riafresh\",\"isPartOf\":{\"@id\":\"https:\/\/riafresh.com\/#website\"},\"datePublished\":\"2022-03-21T11:20:30+00:00\",\"dateModified\":\"2023-06-27T10:47:03+00:00\",\"breadcrumb\":{\"@id\":\"https:\/\/riafresh.com\/es\/asesoria\/#breadcrumb\"},\"inLanguage\":\"es\",\"potentialAction\":[{\"@type\":\"ReadAction\",\"target\":[\"https:\/\/riafresh.com\/es\/asesoria\/\"]}]},{\"@type\":\"BreadcrumbList\",\"@id\":\"https:\/\/riafresh.com\/es\/asesoria\/#breadcrumb\",\"itemListElement\":[{\"@type\":\"ListItem\",\"position\":1,\"name\":\"In\u00edcio\",\"item\":\"https:\/\/riafresh.com\/es\/\"},{\"@type\":\"ListItem\",\"position\":2,\"name\":\"Asesoria\"}]},{\"@type\":\"WebSite\",\"@id\":\"https:\/\/riafresh.com\/#website\",\"url\":\"https:\/\/riafresh.com\/\",\"name\":\"Riafresh\",\"description\":\"Verduras da Ria Formosa\",\"potentialAction\":[{\"@type\":\"SearchAction\",\"target\":{\"@type\":\"EntryPoint\",\"urlTemplate\":\"https:\/\/riafresh.com\/?s={search_term_string}\"},\"query-input\":{\"@type\":\"PropertyValueSpecification\",\"valueRequired\":true,\"valueName\":\"search_term_string\"}}],\"inLanguage\":\"es\"}]}<\/script>\n<!-- \/ Yoast SEO plugin. -->","yoast_head_json":{"title":"Asesoria - Riafresh","robots":{"index":"index","follow":"follow","max-snippet":"max-snippet:-1","max-image-preview":"max-image-preview:large","max-video-preview":"max-video-preview:-1"},"canonical":"https:\/\/riafresh.com\/es\/asesoria\/","og_locale":"es_ES","og_type":"article","og_title":"Asesoria - Riafresh","og_description":"[vc_row][vc_column][vc_column_text woodmart_inline=\u00bbno\u00bb text_larger=\u00bbno\u00bb] Est\u00e1s ineressado en cultivar vegetales marinos? Cont\u00e1ctanos y podemos ayudarte, comun\u00edcate aqu\u00ed con nuestro servicio de consultor\u00eda.","og_url":"https:\/\/riafresh.com\/es\/asesoria\/","og_site_name":"Riafresh","article_modified_time":"2023-06-27T10:47:03+00:00","twitter_card":"summary_large_image","twitter_misc":{"Tiempo de lectura":"3 minutos"},"schema":{"@context":"https:\/\/schema.org","@graph":[{"@type":"WebPage","@id":"https:\/\/riafresh.com\/es\/asesoria\/","url":"https:\/\/riafresh.com\/es\/asesoria\/","name":"Asesoria - Riafresh","isPartOf":{"@id":"https:\/\/riafresh.com\/#website"},"datePublished":"2022-03-21T11:20:30+00:00","dateModified":"2023-06-27T10:47:03+00:00","breadcrumb":{"@id":"https:\/\/riafresh.com\/es\/asesoria\/#breadcrumb"},"inLanguage":"es","potentialAction":[{"@type":"ReadAction","target":["https:\/\/riafresh.com\/es\/asesoria\/"]}]},{"@type":"BreadcrumbList","@id":"https:\/\/riafresh.com\/es\/asesoria\/#breadcrumb","itemListElement":[{"@type":"ListItem","position":1,"name":"In\u00edcio","item":"https:\/\/riafresh.com\/es\/"},{"@type":"ListItem","position":2,"name":"Asesoria"}]},{"@type":"WebSite","@id":"https:\/\/riafresh.com\/#website","url":"https:\/\/riafresh.com\/","name":"Riafresh","description":"Verduras da Ria Formosa","potentialAction":[{"@type":"SearchAction","target":{"@type":"EntryPoint","urlTemplate":"https:\/\/riafresh.com\/?s={search_term_string}"},"query-input":{"@type":"PropertyValueSpecification","valueRequired":true,"valueName":"search_term_string"}}],"inLanguage":"es"}]}},"_links":{"self":[{"href":"https:\/\/riafresh.com\/es\/wp-json\/wp\/v2\/pages\/8313","targetHints":{"allow":["GET"]}}],"collection":[{"href":"https:\/\/riafresh.com\/es\/wp-json\/wp\/v2\/pages"}],"about":[{"href":"https:\/\/riafresh.com\/es\/wp-json\/wp\/v2\/types\/page"}],"author":[{"embeddable":true,"href":"https:\/\/riafresh.com\/es\/wp-json\/wp\/v2\/users\/2"}],"replies":[{"embeddable":true,"href":"https:\/\/riafresh.com\/es\/wp-json\/wp\/v2\/comments?post=8313"}],"version-history":[{"count":4,"href":"https:\/\/riafresh.com\/es\/wp-json\/wp\/v2\/pages\/8313\/revisions"}],"predecessor-version":[{"id":8329,"href":"https:\/\/riafresh.com\/es\/wp-json\/wp\/v2\/pages\/8313\/revisions\/8329"}],"wp:attachment":[{"href":"https:\/\/riafresh.com\/es\/wp-json\/wp\/v2\/media?parent=8313"}],"curies":[{"name":"wp","href":"https:\/\/api.w.org\/{rel}","templated":true}]}}