{"id":8311,"date":"2022-05-10T09:24:47","date_gmt":"2022-05-10T09:24:47","guid":{"rendered":"https:\/\/riafresh.com\/?page_id=8311"},"modified":"2023-06-26T15:58:11","modified_gmt":"2023-06-26T15:58:11","slug":"politica-de-privacidad","status":"publish","type":"page","link":"https:\/\/riafresh.com\/es\/politica-de-privacidad\/","title":{"rendered":"Pol\u00edtica de privacidad"},"content":{"rendered":"<div class=\"group w-full text-gray-800 dark:text-gray-100 border-b border-black\/10 dark:border-gray-900\/50 dark:bg-gray-800\">\n<div class=\"flex p-4 gap-4 text-base md:gap-6 md:max-w-2xl lg:max-w-[38rem] xl:max-w-3xl md:py-6 lg:px-0 m-auto\">\n<div class=\"relative flex w-[calc(100%-50px)] flex-col gap-1 md:gap-3 lg:w-[calc(100%-115px)]\">\n<div class=\"flex flex-grow flex-col gap-3\">\n<div class=\"min-h-[20px] flex items-start overflow-x-auto whitespace-pre-wrap break-words flex-col gap-4\">\n<div class=\"empty:hidden\">Pol\u00edtica de privacidad<\/div>\n<\/div>\n<\/div>\n<\/div>\n<\/div>\n<\/div>\n<div class=\"group w-full text-gray-800 dark:text-gray-100 border-b border-black\/10 dark:border-gray-900\/50 bg-gray-50 dark:bg-[#444654]\">\n<div class=\"flex p-4 gap-4 text-base md:gap-6 md:max-w-2xl lg:max-w-[38rem] xl:max-w-3xl md:py-6 lg:px-0 m-auto\">\n<div class=\"relative flex w-[calc(100%-50px)] flex-col gap-1 md:gap-3 lg:w-[calc(100%-115px)]\">\n<div class=\"flex flex-grow flex-col gap-3\">\n<div class=\"flex items-start overflow-x-auto whitespace-pre-wrap break-words flex-col gap-4\">\n<div class=\"markdown prose w-full break-words dark:prose-invert light\">\n<p>Tu privacidad es importante para nosotros. En Riafresh, tenemos una pol\u00edtica de respetar tu privacidad con respecto a cualquier informaci\u00f3n que podamos recopilar en el sitio web de Riafresh y otros sitios que poseemos y operamos.<\/p>\n<p>Solicitamos informaci\u00f3n personal solo cuando realmente la necesitamos para brindarte un servicio. Lo hacemos de manera justa y legal, con tu conocimiento y consentimiento. Tambi\u00e9n te informamos por qu\u00e9 recopilamos esa informaci\u00f3n y c\u00f3mo la utilizaremos.<\/p>\n<p>Solo conservamos la informaci\u00f3n recopilada durante el tiempo necesario para proporcionar el servicio solicitado. Cuando almacenamos datos, los protegemos de manera comercialmente aceptable para evitar p\u00e9rdidas, robos y acceso, divulgaci\u00f3n, copia, uso o modificaci\u00f3n no autorizados.<\/p>\n<p>No compartimos informaci\u00f3n de identificaci\u00f3n personal p\u00fablicamente ni con terceros, excepto cuando la ley lo exige.<\/p>\n<p>Nuestro sitio web puede contener enlaces a sitios externos que no son operados por nosotros. Ten en cuenta que no tenemos control sobre el contenido y las pr\u00e1cticas de esos sitios, por lo que no podemos hacernos responsables de sus respectivas pol\u00edticas de privacidad.<\/p>\n<p>Eres libre de rechazar nuestra solicitud de informaci\u00f3n personal, comprendiendo que es posible que no podamos proporcionar algunos de los servicios deseados.<\/p>\n<p>El uso continuado de nuestro sitio web se considerar\u00e1 como aceptaci\u00f3n de nuestras pr\u00e1cticas de privacidad y manejo de informaci\u00f3n personal. Si tienes alguna pregunta sobre c\u00f3mo manejamos los datos de los usuarios y la informaci\u00f3n personal, cont\u00e1ctanos.<\/p>\n<p>Pol\u00edtica de cookies de Riafresh \u00bfQu\u00e9 son las cookies?<\/p>\n<p>Como es pr\u00e1ctica com\u00fan en casi todos los sitios web profesionales, este sitio utiliza cookies, que son peque\u00f1os archivos descargados en tu computadora, para mejorar tu experiencia. Esta p\u00e1gina describe qu\u00e9 informaci\u00f3n recopilan, c\u00f3mo la utilizamos y por qu\u00e9 a veces necesitamos almacenar estas cookies. Tambi\u00e9n compartiremos c\u00f3mo puedes evitar que se almacenen estas cookies, aunque esto puede afectar la funcionalidad del sitio y hacer que algunos elementos no funcionen correctamente.<\/p>\n<p>\u00bfC\u00f3mo utilizamos las cookies?<\/p>\n<p>Utilizamos cookies por varias razones, que se detallan a continuaci\u00f3n. Desafortunadamente, en la mayor\u00eda de los casos, no existen opciones est\u00e1ndar de la industria para deshabilitar las cookies sin desactivar por completo la funcionalidad y las caracter\u00edsticas que agregan a este sitio. Se recomienda que permitas todas las cookies si no est\u00e1s seguro de si las necesitas o no, en caso de que se utilicen para brindarte un servicio que utilizas.<\/p>\n<p>Desactivaci\u00f3n de cookies<\/p>\n<p>Puedes evitar la configuraci\u00f3n de cookies ajustando la configuraci\u00f3n de tu navegador (consulta la ayuda de tu navegador para saber c\u00f3mo hacerlo). Ten en cuenta que desactivar las cookies afectar\u00e1 la funcionalidad de este sitio web y de muchos otros que visites. Por lo general, deshabilitar las cookies tambi\u00e9n desactivar\u00e1 ciertas funciones y caracter\u00edsticas de este sitio. Por lo tanto, se recomienda que no desactives las cookies.<\/p>\n<p>Cookies que establecemos Cookies relacionadas con la cuenta: Si creas una cuenta con nosotros, utilizaremos cookies para gestionar el proceso de registro y la administraci\u00f3n general. Estas cookies se eliminar\u00e1n generalmente cuando cierres sesi\u00f3n, pero en algunos casos podr\u00edan permanecer para recordar las preferencias de tu sitio al salir. Cookies relacionadas con el inicio de sesi\u00f3n: Utilizamos cookies cuando inicias sesi\u00f3n para recordar esta acci\u00f3n. Esto evita que debas iniciar sesi\u00f3n cada vez que visitas una nueva p\u00e1gina. Estas cookies generalmente se eliminan o borran cuando cierras sesi\u00f3n para garantizar que solo puedas acceder a funciones y \u00e1reas restringidas al iniciar sesi\u00f3n. Cookies relacionadas con el procesamiento de pedidos: Este sitio web ofrece servicios de comercio electr\u00f3nico o pago, y algunas cookies son esenciales para garantizar que se recuerde tu pedido entre p\u00e1ginas, para que podamos procesarlo adecuadamente. Cookies relacionadas con encuestas: De manera peri\u00f3dica, ofrecemos encuestas y cuestionarios para proporcionar informaci\u00f3n interesante, herramientas \u00fatiles o comprender mejor a nuestra base de usuarios. Estas encuestas pueden utilizar cookies para recordar qui\u00e9n ha participado en una encuesta o para proporcionar resultados precisos despu\u00e9s de cambiar de p\u00e1gina. Cookies relacionadas con formularios: Cuando env\u00edas datos a trav\u00e9s de un formulario, como los que se encuentran en las p\u00e1ginas de contacto o en los formularios de comentarios, se pueden configurar cookies para recordar los detalles del usuario para correspondencia futura. Cookies de preferencias del sitio: Para brindarte una experiencia \u00f3ptima en este sitio, ofrecemos la funcionalidad de configurar tus preferencias sobre c\u00f3mo se ejecuta este sitio cuando lo utilizas. Para recordar tus preferencias, necesitamos establecer cookies para que esta informaci\u00f3n se pueda llamar cada vez que interact\u00faes con una p\u00e1gina que est\u00e9 afectada por tus preferencias.<\/p>\n<p>El usuario se compromete a hacer un uso adecuado de los contenidos y la informaci\u00f3n que Riafresh ofrece en el sitio, incluyendo, pero sin limitarse a:<\/p>\n<p>A) No participar en actividades ilegales o contrarias a la buena fe y el orden p\u00fablico.<\/p>\n<p>B) No difundir propaganda o contenido de naturaleza racista, xen\u00f3foba, obscena o ilegal, ni de apolog\u00eda al terrorismo o en contra de los derechos humanos.<\/p>\n<p>C) No causar da\u00f1os a los sistemas f\u00edsicos (hardware) y l\u00f3gicos (software) de Riafresh, sus proveedores o terceros, ni introducir o difundir virus inform\u00e1ticos u otros sistemas de hardware o software capaces de causar los da\u00f1os mencionados anteriormente.<\/p>\n<p>M\u00e1s informaci\u00f3n<\/p>\n<p>Esperamos que esto est\u00e9 claro y, como se mencion\u00f3 anteriormente, si hay algo de lo que no est\u00e1s seguro si necesitas o no, generalmente es m\u00e1s seguro dejar las cookies habilitadas si interact\u00faas con alguna de las caracter\u00edsticas que utilizas en nuestro sitio.<\/p>\n<p>Esta pol\u00edtica es efectiva a partir de mayo de 2022.<\/p>\n<\/div>\n<\/div>\n<\/div>\n<\/div>\n<\/div>\n<\/div>\n","protected":false},"excerpt":{"rendered":"<p>Pol\u00edtica de privacidad Tu privacidad es importante para nosotros. En Riafresh, tenemos una pol\u00edtica de respetar tu privacidad con respecto<\/p>\n","protected":false},"author":2,"featured_media":0,"parent":0,"menu_order":0,"comment_status":"closed","ping_status":"closed","template":"","meta":{"footnotes":""},"class_list":["post-8311","page","type-page","status-publish","hentry"],"yoast_head":"<!-- This site is optimized with the Yoast SEO plugin v25.9 - https:\/\/yoast.com\/wordpress\/plugins\/seo\/ -->\n<title>Pol\u00edtica de privacidad - Riafresh<\/title>\n<meta name=\"robots\" content=\"index, follow, max-snippet:-1, max-image-preview:large, max-video-preview:-1\" \/>\n<link rel=\"canonical\" href=\"https:\/\/riafresh.com\/es\/politica-de-privacidad\/\" \/>\n<meta property=\"og:locale\" content=\"es_ES\" \/>\n<meta property=\"og:type\" content=\"article\" \/>\n<meta property=\"og:title\" content=\"Pol\u00edtica de privacidad - Riafresh\" \/>\n<meta property=\"og:description\" content=\"Pol\u00edtica de privacidad Tu privacidad es importante para nosotros. En Riafresh, tenemos una pol\u00edtica de respetar tu privacidad con respecto\" \/>\n<meta property=\"og:url\" content=\"https:\/\/riafresh.com\/es\/politica-de-privacidad\/\" \/>\n<meta property=\"og:site_name\" content=\"Riafresh\" \/>\n<meta property=\"article:modified_time\" content=\"2023-06-26T15:58:11+00:00\" \/>\n<meta name=\"twitter:card\" content=\"summary_large_image\" \/>\n<meta name=\"twitter:label1\" content=\"Tiempo de lectura\" \/>\n\t<meta name=\"twitter:data1\" content=\"5 minutos\" \/>\n<script type=\"application\/ld+json\" class=\"yoast-schema-graph\">{\"@context\":\"https:\/\/schema.org\",\"@graph\":[{\"@type\":\"WebPage\",\"@id\":\"https:\/\/riafresh.com\/es\/politica-de-privacidad\/\",\"url\":\"https:\/\/riafresh.com\/es\/politica-de-privacidad\/\",\"name\":\"Pol\u00edtica de privacidad - Riafresh\",\"isPartOf\":{\"@id\":\"https:\/\/riafresh.com\/#website\"},\"datePublished\":\"2022-05-10T09:24:47+00:00\",\"dateModified\":\"2023-06-26T15:58:11+00:00\",\"breadcrumb\":{\"@id\":\"https:\/\/riafresh.com\/es\/politica-de-privacidad\/#breadcrumb\"},\"inLanguage\":\"es\",\"potentialAction\":[{\"@type\":\"ReadAction\",\"target\":[\"https:\/\/riafresh.com\/es\/politica-de-privacidad\/\"]}]},{\"@type\":\"BreadcrumbList\",\"@id\":\"https:\/\/riafresh.com\/es\/politica-de-privacidad\/#breadcrumb\",\"itemListElement\":[{\"@type\":\"ListItem\",\"position\":1,\"name\":\"In\u00edcio\",\"item\":\"https:\/\/riafresh.com\/es\/\"},{\"@type\":\"ListItem\",\"position\":2,\"name\":\"Pol\u00edtica de privacidad\"}]},{\"@type\":\"WebSite\",\"@id\":\"https:\/\/riafresh.com\/#website\",\"url\":\"https:\/\/riafresh.com\/\",\"name\":\"Riafresh\",\"description\":\"Verduras da Ria Formosa\",\"potentialAction\":[{\"@type\":\"SearchAction\",\"target\":{\"@type\":\"EntryPoint\",\"urlTemplate\":\"https:\/\/riafresh.com\/?s={search_term_string}\"},\"query-input\":{\"@type\":\"PropertyValueSpecification\",\"valueRequired\":true,\"valueName\":\"search_term_string\"}}],\"inLanguage\":\"es\"}]}<\/script>\n<!-- \/ Yoast SEO plugin. -->","yoast_head_json":{"title":"Pol\u00edtica de privacidad - Riafresh","robots":{"index":"index","follow":"follow","max-snippet":"max-snippet:-1","max-image-preview":"max-image-preview:large","max-video-preview":"max-video-preview:-1"},"canonical":"https:\/\/riafresh.com\/es\/politica-de-privacidad\/","og_locale":"es_ES","og_type":"article","og_title":"Pol\u00edtica de privacidad - Riafresh","og_description":"Pol\u00edtica de privacidad Tu privacidad es importante para nosotros. En Riafresh, tenemos una pol\u00edtica de respetar tu privacidad con respecto","og_url":"https:\/\/riafresh.com\/es\/politica-de-privacidad\/","og_site_name":"Riafresh","article_modified_time":"2023-06-26T15:58:11+00:00","twitter_card":"summary_large_image","twitter_misc":{"Tiempo de lectura":"5 minutos"},"schema":{"@context":"https:\/\/schema.org","@graph":[{"@type":"WebPage","@id":"https:\/\/riafresh.com\/es\/politica-de-privacidad\/","url":"https:\/\/riafresh.com\/es\/politica-de-privacidad\/","name":"Pol\u00edtica de privacidad - Riafresh","isPartOf":{"@id":"https:\/\/riafresh.com\/#website"},"datePublished":"2022-05-10T09:24:47+00:00","dateModified":"2023-06-26T15:58:11+00:00","breadcrumb":{"@id":"https:\/\/riafresh.com\/es\/politica-de-privacidad\/#breadcrumb"},"inLanguage":"es","potentialAction":[{"@type":"ReadAction","target":["https:\/\/riafresh.com\/es\/politica-de-privacidad\/"]}]},{"@type":"BreadcrumbList","@id":"https:\/\/riafresh.com\/es\/politica-de-privacidad\/#breadcrumb","itemListElement":[{"@type":"ListItem","position":1,"name":"In\u00edcio","item":"https:\/\/riafresh.com\/es\/"},{"@type":"ListItem","position":2,"name":"Pol\u00edtica de privacidad"}]},{"@type":"WebSite","@id":"https:\/\/riafresh.com\/#website","url":"https:\/\/riafresh.com\/","name":"Riafresh","description":"Verduras da Ria Formosa","potentialAction":[{"@type":"SearchAction","target":{"@type":"EntryPoint","urlTemplate":"https:\/\/riafresh.com\/?s={search_term_string}"},"query-input":{"@type":"PropertyValueSpecification","valueRequired":true,"valueName":"search_term_string"}}],"inLanguage":"es"}]}},"_links":{"self":[{"href":"https:\/\/riafresh.com\/es\/wp-json\/wp\/v2\/pages\/8311","targetHints":{"allow":["GET"]}}],"collection":[{"href":"https:\/\/riafresh.com\/es\/wp-json\/wp\/v2\/pages"}],"about":[{"href":"https:\/\/riafresh.com\/es\/wp-json\/wp\/v2\/types\/page"}],"author":[{"embeddable":true,"href":"https:\/\/riafresh.com\/es\/wp-json\/wp\/v2\/users\/2"}],"replies":[{"embeddable":true,"href":"https:\/\/riafresh.com\/es\/wp-json\/wp\/v2\/comments?post=8311"}],"version-history":[{"count":1,"href":"https:\/\/riafresh.com\/es\/wp-json\/wp\/v2\/pages\/8311\/revisions"}],"predecessor-version":[{"id":8312,"href":"https:\/\/riafresh.com\/es\/wp-json\/wp\/v2\/pages\/8311\/revisions\/8312"}],"wp:attachment":[{"href":"https:\/\/riafresh.com\/es\/wp-json\/wp\/v2\/media?parent=8311"}],"curies":[{"name":"wp","href":"https:\/\/api.w.org\/{rel}","templated":true}]}}