{"id":7549,"date":"2022-03-14T02:15:13","date_gmt":"2022-03-14T02:15:13","guid":{"rendered":"https:\/\/riafresh.com\/?page_id=7549"},"modified":"2025-10-29T16:53:39","modified_gmt":"2025-10-29T16:53:39","slug":"projects","status":"publish","type":"page","link":"https:\/\/riafresh.com\/en\/projects\/","title":{"rendered":"Projects"},"content":{"rendered":"<div class=\"wpb-content-wrapper\"><p>[vc_row css=&#8221;.vc_custom_1652281400483{padding-top: 25px !important;padding-bottom: 25px !important;}&#8221; mobile_bg_img_hidden=&#8221;no&#8221; tablet_bg_img_hidden=&#8221;no&#8221; woodmart_parallax=&#8221;0&#8243; woodmart_gradient_switch=&#8221;no&#8221; row_reverse_mobile=&#8221;0&#8243; row_reverse_tablet=&#8221;0&#8243; woodmart_disable_overflow=&#8221;0&#8243;][vc_column]\n\t\t<div id=\"wd-68d43cfc00555\" class=\"title-wrapper wd-wpb set-mb-s reset-last-child  wd-rs-68d43cfc00555 wd-title-color-default wd-title-style-bordered text-left vc_custom_1758739718377 wd-underline-colored\">\n\t\t\t\n\t\t\t<div class=\"liner-continer\">\n\t\t\t\t<h4 class=\"woodmart-title-container title  wd-font-weight- wd-fontsize-l\" >Book ``Gastronomic use of halophiytes plants``<\/h4>\n\t\t\t\t\t\t\t<\/div>\n\t\t\t\n\t\t\t\n\t\t\t\n\t\t<\/div>\n\t\t\n\t\t[\/vc_column][vc_column width=&#8221;1\/3&#8243;][vc_single_image image=&#8221;8528&#8243; img_size=&#8221;medium&#8221; css=&#8221;&#8221; woodmart_inline=&#8221;no&#8221; parallax_scroll=&#8221;no&#8221;][\/vc_column][vc_column width=&#8221;2\/3&#8243;][vc_column_text css=&#8221;&#8221; woodmart_inline=&#8221;no&#8221; text_larger=&#8221;no&#8221;]<\/p>\n<div>\n<p>The book\u00a0<a href=\"https:\/\/riafresh.com\/wp-content\/uploads\/2023\/02\/Gastromic-Use-of-Halophytes-Plants.pdf\" rel=\"alternate\"><em>Gastronomic Use of Halophytes Plants<\/em><\/a>\u00a0is the result of the XtremeGourmet research project, and its purpose is to contribute to the careful expansion of the culinary use of halophyte plants.<\/p>\n<p>The panel of collaborators to investigate the gastronomic use of these marine vegetables included the most prestigious Portugal Chef\u00b4s, with a common denominator: the passion for cooking, and in particular, the use of products linked to the sea.<\/p>\n<\/div>\n<p>Use, test, appreciate, and enjoy the wonderful salty vegetable experience!<\/p>\n<p><a href=\"https:\/\/riafresh.com\/wp-content\/uploads\/2023\/02\/Gastromic-Use-of-Halophytes-Plants.pdf\" rel=\"alternate\">Gastronomic Use of Halophytes Plants (Download)<\/a>[\/vc_column_text][\/vc_column][\/vc_row][vc_row css=&#8221;.vc_custom_1652281429444{padding-top: 25px !important;padding-bottom: 25px !important;}&#8221; mobile_bg_img_hidden=&#8221;no&#8221; tablet_bg_img_hidden=&#8221;no&#8221; woodmart_parallax=&#8221;0&#8243; woodmart_gradient_switch=&#8221;no&#8221; row_reverse_mobile=&#8221;0&#8243; row_reverse_tablet=&#8221;0&#8243; woodmart_disable_overflow=&#8221;0&#8243;][vc_column]\n\t\t<div id=\"wd-68d4351ab2745\" class=\"title-wrapper wd-wpb set-mb-s reset-last-child  wd-rs-68d4351ab2745 wd-title-color-default wd-title-style-bordered text-left vc_custom_1758737706239 wd-underline-colored\">\n\t\t\t\n\t\t\t<div class=\"liner-continer\">\n\t\t\t\t<h4 class=\"woodmart-title-container title  wd-font-weight- wd-fontsize-l\" >XtremeGourmet 2.0<\/h4>\n\t\t\t\t\t\t\t<\/div>\n\t\t\t\n\t\t\t\n\t\t\t\n\t\t<\/div>\n\t\t\n\t\t[\/vc_column][vc_column width=&#8221;1\/3&#8243;][vc_single_image image=&#8221;8471&#8243; img_size=&#8221;full&#8221; css=&#8221;&#8221; woodmart_inline=&#8221;no&#8221; parallax_scroll=&#8221;no&#8221;][\/vc_column][vc_column width=&#8221;2\/3&#8243;][vc_column_text css=&#8221;&#8221; woodmart_inline=&#8221;no&#8221; text_larger=&#8221;no&#8221;]<strong>XtremeGourmet 2.0 Project<\/strong><br \/>\n<strong>Gastronomy and healthy eating with halophytic plants<\/strong><br \/>\nAims to optimise the cultivation and nutritional value of halophytic plants, reducing their sodium content and exploring new species.<br \/>\nIt includes research into their nutritional value, bioaccessibility and antioxidant and anti-inflammatory properties.<br \/>\nIt seeks to extend the production period, post-harvest life and optimise sensory quality for greater acceptance.<br \/>\nIt also has a strong component of dissemination and exploitation of results, with a view to promoting the consumption of these plants as healthy alternatives to salt and strengthening their presence in the gastronomic market.<\/p>\n<p><a href=\"http:\/\/xtremegourmet.pt\/\">http:\/\/xtremegourmet.pt\/<\/a>[\/vc_column_text][\/vc_column][\/vc_row][vc_row css=&#8221;.vc_custom_1652281429444{padding-top: 25px !important;padding-bottom: 25px !important;}&#8221; mobile_bg_img_hidden=&#8221;no&#8221; tablet_bg_img_hidden=&#8221;no&#8221; woodmart_parallax=&#8221;0&#8243; woodmart_gradient_switch=&#8221;no&#8221; row_reverse_mobile=&#8221;0&#8243; row_reverse_tablet=&#8221;0&#8243; woodmart_disable_overflow=&#8221;0&#8243;][vc_column]\n\t\t<div id=\"wd-627a3cff4ffab\" class=\"title-wrapper wd-wpb set-mb-s reset-last-child  wd-rs-627a3cff4ffab wd-title-color-default wd-title-style-bordered text-left vc_custom_1652178178213 wd-underline-colored\">\n\t\t\t\n\t\t\t<div class=\"liner-continer\">\n\t\t\t\t<h4 class=\"woodmart-title-container title  wd-font-weight- wd-fontsize-l\" >XtremeGourmet<\/h4>\n\t\t\t\t\t\t\t<\/div>\n\t\t\t\n\t\t\t\n\t\t\t\n\t\t<\/div>\n\t\t\n\t\t[\/vc_column][vc_column width=&#8221;1\/3&#8243;][vc_single_image image=&#8221;7550&#8243; img_size=&#8221;medium&#8221; woodmart_inline=&#8221;no&#8221; parallax_scroll=&#8221;no&#8221;][\/vc_column][vc_column width=&#8221;2\/3&#8243;][vc_column_text css=&#8221;&#8221; woodmart_inline=&#8221;no&#8221; text_larger=&#8221;no&#8221;]XtremeGourmet Project<br \/>\nExtremophile Plants in Gourmet Cuisine<br \/>\nSalicornia is a plant that grows in salt marshes and has recently been incorporated into gourmet cuisine. As they grow in areas with a strong marine influence, these plants are naturally subject to environmental pressures that lead them to produce antioxidant compounds, such as polyphenolics and vitamins A and E, which are highly valued for their nutritional and functional value, i.e. they can bring additional benefits to our health.[\/vc_column_text][\/vc_column][\/vc_row][vc_row css=&#8221;.vc_custom_1652281407155{padding-top: 25px !important;padding-bottom: 25px !important;}&#8221; mobile_bg_img_hidden=&#8221;no&#8221; tablet_bg_img_hidden=&#8221;no&#8221; woodmart_parallax=&#8221;0&#8243; woodmart_gradient_switch=&#8221;no&#8221; row_reverse_mobile=&#8221;0&#8243; row_reverse_tablet=&#8221;0&#8243; woodmart_disable_overflow=&#8221;0&#8243;][vc_column]\n\t\t<div id=\"wd-68d43d0fc16b2\" class=\"title-wrapper wd-wpb set-mb-s reset-last-child  wd-rs-68d43d0fc16b2 wd-title-color-default wd-title-style-bordered text-left vc_custom_1758739743367 wd-underline-colored\">\n\t\t\t\n\t\t\t<div class=\"liner-continer\">\n\t\t\t\t<h4 class=\"woodmart-title-container title  wd-font-weight- wd-fontsize-l\" >e-Book ``Aromatising Knowledge: Aromatic Herbs and Glasswort``<\/h4>\n\t\t\t\t\t\t\t<\/div>\n\t\t\t\n\t\t\t\n\t\t\t\n\t\t<\/div>\n\t\t\n\t\t[\/vc_column][vc_column width=&#8221;1\/3&#8243;][vc_single_image image=&#8221;7551&#8243; img_size=&#8221;medium&#8221; woodmart_inline=&#8221;no&#8221; parallax_scroll=&#8221;no&#8221;][\/vc_column][vc_column width=&#8221;2\/3&#8243;][vc_column_text css=&#8221;&#8221; woodmart_inline=&#8221;no&#8221; text_larger=&#8221;no&#8221;]The Portuguese Nutrition Association (APN) has launched the e-Book &#8220;Aromatizar Saberes: Ervas Arom\u00e1ticas e Salic\u00f3rnia&#8221;. Miguel Salazar from Riafresh had the pleasure of participating in the review. The e-book contains recommendations on how you can benefit from consuming these plants, maintaining a healthy diet without sacrificing flavour.\u00a0Aromatic herbs and Salicornia have been familiar and known since ancient times and have both medicinal and aromatic characteristics due to their properties.<\/p>\n<p>Helena Real, secretary-general of APN, points out that &#8220;nowadays, eating healthily doesn&#8217;t mean eating food without flavour&#8221;. &#8220;Aromatic herbs and glasswort play an important role in this. Small steps during the preparation of our dishes can make a difference and turn a meal into a real experience of flavours. Adding a little oregano to fresh cheese, a little coriander to a fish dish, chives to a soup or salicornia to a salad are just a few examples of how easy it is to add aromatic herbs to your diet. Since the Portuguese consume more salt than they should, aromatic herbs and glasswort are beneficial for reducing salt intake.&#8221;<\/p>\n<p>[\/vc_column_text][\/vc_column][\/vc_row][vc_row][vc_column]\n\t\t<div id=\"wd-622ea4b95aba5\" class=\"title-wrapper wd-wpb set-mb-s reset-last-child  wd-rs-622ea4b95aba5 wd-title-color-default wd-title-style-bordered text-left vc_custom_1647224043362 wd-underline-colored\">\n\t\t\t\n\t\t\t<div class=\"liner-continer\">\n\t\t\t\t<h4 class=\"woodmart-title-container title  wd-font-weight- wd-fontsize-l\" >\u201cLESSsalt- Looking for Efficient Salt Substitutes\u201d<\/h4>\n\t\t\t\t\t\t\t<\/div>\n\t\t\t\n\t\t\t\n\t\t\t\n\t\t<\/div>\n\t\t\n\t\t[vc_column_text woodmart_inline=&#8221;no&#8221; text_larger=&#8221;no&#8221;]iBET &#8211; Instituto de Biologia Experimental e Tecnol\u00f3gica. Food Functionality &amp; Bioactives Lab. Food and Health Division.[\/vc_column_text][\/vc_column][\/vc_row][vc_row][vc_column]\n\t\t<div id=\"wd-622ea4fdef2ba\" class=\"title-wrapper wd-wpb set-mb-s reset-last-child  wd-rs-622ea4fdef2ba wd-title-color-default wd-title-style-bordered text-left vc_custom_1647224070382 wd-underline-colored\">\n\t\t\t\n\t\t\t<div class=\"liner-continer\">\n\t\t\t\t<h4 class=\"woodmart-title-container title  wd-font-weight- wd-fontsize-l\" >Development of Sustainable Packages from Agro-Industrial waste (e.g., Salicornia ramosissima Byproduct) Suitable for High-Pressure Process.<\/h4>\n\t\t\t\t\t\t\t<\/div>\n\t\t\t\n\t\t\t\n\t\t\t\n\t\t<\/div>\n\t\t\n\t\t[vc_column_text woodmart_inline=&#8221;no&#8221; text_larger=&#8221;no&#8221;]MED-Mediterranean Institute for Agriculture, Environment and Development. University of Algarve.[\/vc_column_text][\/vc_column][\/vc_row][vc_row][vc_column]\n\t\t<div id=\"wd-622ea5126bcea\" class=\"title-wrapper wd-wpb set-mb-s reset-last-child  wd-rs-622ea5126bcea wd-title-color-default wd-title-style-bordered text-left vc_custom_1647224084717 wd-underline-colored\">\n\t\t\t\n\t\t\t<div class=\"liner-continer\">\n\t\t\t\t<h4 class=\"woodmart-title-container title  wd-font-weight- wd-fontsize-l\" >ECOSAL \u2013 Potential application of Salicornia ramosissima as cosmetic, nutraceutical and pharmaceutical ingrediente.<\/h4>\n\t\t\t\t\t\t\t<\/div>\n\t\t\t\n\t\t\t\n\t\t\t\n\t\t<\/div>\n\t\t\n\t\t[vc_column_text woodmart_inline=&#8221;no&#8221; text_larger=&#8221;no&#8221;]ISEP-Instituto Superior de Engenharia do Porto. Grupo de Rea\u00e7\u00f5es e Analises Qu\u00edmicas.[\/vc_column_text][\/vc_column][\/vc_row][vc_row][vc_column]\n\t\t<div id=\"wd-68d432a41b75d\" class=\"title-wrapper wd-wpb set-mb-s reset-last-child  wd-rs-68d432a41b75d wd-title-color-default wd-title-style-bordered text-left vc_custom_1758737078538 wd-underline-colored\">\n\t\t\t\n\t\t\t<div class=\"liner-continer\">\n\t\t\t\t<h4 class=\"woodmart-title-container title  wd-font-weight- wd-fontsize-l\" >RhizoMiS: Manipulation of the microbiome of the Salicornia rhizosphere to exploit bioproducts and improve bioprocesses.<\/h4>\n\t\t\t\t\t\t\t<\/div>\n\t\t\t\n\t\t\t\n\t\t\t\n\t\t<\/div>\n\t\t\n\t\t[vc_column_text woodmart_inline=&#8221;no&#8221; text_larger=&#8221;no&#8221;]<\/p>\n<div class=\"itemBody\">\n<div class=\"itemFullText\">\n<p>Universidade de Aveiro. Universidade Lisboa. Universidade do Algarve.<\/p>\n<\/div>\n<div class=\"clr\"><\/div>\n<div class=\"clr\"><\/div>\n<\/div>\n<div class=\"itemLinks\">\n<div class=\"clr\"><\/div>\n<\/div>\n<div class=\"clr\"><\/div>\n<p>[\/vc_column_text][\/vc_column][\/vc_row][vc_row css=&#8221;.vc_custom_1652281415629{padding-top: 25px !important;padding-bottom: 25px !important;}&#8221; mobile_bg_img_hidden=&#8221;no&#8221; tablet_bg_img_hidden=&#8221;no&#8221; woodmart_parallax=&#8221;0&#8243; woodmart_gradient_switch=&#8221;no&#8221; row_reverse_mobile=&#8221;0&#8243; row_reverse_tablet=&#8221;0&#8243; woodmart_disable_overflow=&#8221;0&#8243;][vc_column]\n\t\t<div id=\"wd-627a3cd19d1ad\" class=\"title-wrapper wd-wpb set-mb-s reset-last-child  wd-rs-627a3cd19d1ad wd-title-color-default wd-title-style-bordered text-left vc_custom_1652178135626 wd-underline-colored\">\n\t\t\t\n\t\t\t<div class=\"liner-continer\">\n\t\t\t\t<h4 class=\"woodmart-title-container title  wd-font-weight- wd-fontsize-l\" >Inqu\u00e9rito P\u00f3s-Degusta\u00e7\u00e3o de Salic\u00f3rnia Riafresh<\/h4>\n\t\t\t\t\t\t\t<\/div>\n\t\t\t\n\t\t\t\n\t\t\t\n\t\t<\/div>\n\t\t\n\t\t[vc_column_text css=&#8221;&#8221; woodmart_inline=&#8221;no&#8221; text_larger=&#8221;no&#8221;]<\/p>\n<div class=\"itemBody\">\n<div class=\"itemFullText\">\n<p>Taste tests of Riafresh&#8217;s Salicornia carried out as part of the Integrated Master&#8217;s Degree in Medicine at the University of the Algarve, indicate a high intention to use Riafresh&#8217;s Salicornia as an alternative to salt, and as part of a balanced diet.<\/p>\n<p>From the post-tasting survey of Riafresh Salicornia, the following results stand out:<\/p>\n<p>&#8211; 98% of respondents would use Riafresh vegetables as part of a balanced diet;<br \/>\n&#8211; 82 per cent of respondents would often or always use Riafresh vegetables as an alternative to sea salt;<br \/>\n&#8211; 93% of respondents were very or quite satisfied with the savoury taste they experienced with Riafresh vegetables<\/p>\n<p>&nbsp;<\/p>\n<p><a href=\"https:\/\/riafresh.com\/wp-content\/uploads\/2022\/05\/Apresentacao_MEE2_MC_DADOS.pdf\" target=\"_blank\" rel=\"alternate noopener\">Study presentation<\/a><\/p>\n<\/div>\n<div class=\"clr\"><\/div>\n<div class=\"clr\"><\/div>\n<\/div>\n<div class=\"itemLinks\">\n<div class=\"clr\"><\/div>\n<\/div>\n<div class=\"clr\"><\/div>\n<p>[\/vc_column_text][\/vc_column][\/vc_row]<\/p>\n<\/div>","protected":false},"excerpt":{"rendered":"<p>[vc_row css=&#8221;.vc_custom_1652281400483{padding-top: 25px !important;padding-bottom: 25px !important;}&#8221; mobile_bg_img_hidden=&#8221;no&#8221; tablet_bg_img_hidden=&#8221;no&#8221; woodmart_parallax=&#8221;0&#8243; woodmart_gradient_switch=&#8221;no&#8221; row_reverse_mobile=&#8221;0&#8243; row_reverse_tablet=&#8221;0&#8243; woodmart_disable_overflow=&#8221;0&#8243;][vc_column][\/vc_column][vc_column width=&#8221;1\/3&#8243;][vc_single_image image=&#8221;8528&#8243; img_size=&#8221;medium&#8221; css=&#8221;&#8221; woodmart_inline=&#8221;no&#8221; parallax_scroll=&#8221;no&#8221;][\/vc_column][vc_column width=&#8221;2\/3&#8243;][vc_column_text<\/p>\n","protected":false},"author":1,"featured_media":0,"parent":0,"menu_order":0,"comment_status":"closed","ping_status":"closed","template":"","meta":{"footnotes":""},"class_list":["post-7549","page","type-page","status-publish","hentry"],"yoast_head":"<!-- This site is optimized with the Yoast SEO plugin v25.9 - https:\/\/yoast.com\/wordpress\/plugins\/seo\/ -->\n<title>Projects - Riafresh<\/title>\n<meta name=\"robots\" content=\"index, follow, max-snippet:-1, max-image-preview:large, max-video-preview:-1\" \/>\n<link rel=\"canonical\" href=\"https:\/\/riafresh.com\/en\/projects\/\" \/>\n<meta property=\"og:locale\" content=\"en_US\" \/>\n<meta property=\"og:type\" content=\"article\" \/>\n<meta property=\"og:title\" content=\"Projects - Riafresh\" \/>\n<meta property=\"og:description\" content=\"[vc_row css=&#8221;.vc_custom_1652281400483{padding-top: 25px !important;padding-bottom: 25px !important;}&#8221; mobile_bg_img_hidden=&#8221;no&#8221; tablet_bg_img_hidden=&#8221;no&#8221; woodmart_parallax=&#8221;0&#8243; woodmart_gradient_switch=&#8221;no&#8221; row_reverse_mobile=&#8221;0&#8243; row_reverse_tablet=&#8221;0&#8243; woodmart_disable_overflow=&#8221;0&#8243;][vc_column][\/vc_column][vc_column width=&#8221;1\/3&#8243;][vc_single_image image=&#8221;8528&#8243; img_size=&#8221;medium&#8221; css=&#8221;&#8221; woodmart_inline=&#8221;no&#8221; parallax_scroll=&#8221;no&#8221;][\/vc_column][vc_column width=&#8221;2\/3&#8243;][vc_column_text\" \/>\n<meta property=\"og:url\" content=\"https:\/\/riafresh.com\/en\/projects\/\" \/>\n<meta property=\"og:site_name\" content=\"Riafresh\" \/>\n<meta property=\"article:modified_time\" content=\"2025-10-29T16:53:39+00:00\" \/>\n<meta name=\"twitter:card\" content=\"summary_large_image\" \/>\n<meta name=\"twitter:label1\" content=\"Est. reading time\" \/>\n\t<meta name=\"twitter:data1\" content=\"6 minutes\" \/>\n<script type=\"application\/ld+json\" class=\"yoast-schema-graph\">{\"@context\":\"https:\/\/schema.org\",\"@graph\":[{\"@type\":\"WebPage\",\"@id\":\"https:\/\/riafresh.com\/en\/projects\/\",\"url\":\"https:\/\/riafresh.com\/en\/projects\/\",\"name\":\"Projects - Riafresh\",\"isPartOf\":{\"@id\":\"https:\/\/riafresh.com\/#website\"},\"datePublished\":\"2022-03-14T02:15:13+00:00\",\"dateModified\":\"2025-10-29T16:53:39+00:00\",\"breadcrumb\":{\"@id\":\"https:\/\/riafresh.com\/en\/projects\/#breadcrumb\"},\"inLanguage\":\"en-US\",\"potentialAction\":[{\"@type\":\"ReadAction\",\"target\":[\"https:\/\/riafresh.com\/en\/projects\/\"]}]},{\"@type\":\"BreadcrumbList\",\"@id\":\"https:\/\/riafresh.com\/en\/projects\/#breadcrumb\",\"itemListElement\":[{\"@type\":\"ListItem\",\"position\":1,\"name\":\"In\u00edcio\",\"item\":\"https:\/\/riafresh.com\/en\/\"},{\"@type\":\"ListItem\",\"position\":2,\"name\":\"Projects\"}]},{\"@type\":\"WebSite\",\"@id\":\"https:\/\/riafresh.com\/#website\",\"url\":\"https:\/\/riafresh.com\/\",\"name\":\"Riafresh\",\"description\":\"Verduras da Ria Formosa\",\"potentialAction\":[{\"@type\":\"SearchAction\",\"target\":{\"@type\":\"EntryPoint\",\"urlTemplate\":\"https:\/\/riafresh.com\/?s={search_term_string}\"},\"query-input\":{\"@type\":\"PropertyValueSpecification\",\"valueRequired\":true,\"valueName\":\"search_term_string\"}}],\"inLanguage\":\"en-US\"}]}<\/script>\n<!-- \/ Yoast SEO plugin. -->","yoast_head_json":{"title":"Projects - Riafresh","robots":{"index":"index","follow":"follow","max-snippet":"max-snippet:-1","max-image-preview":"max-image-preview:large","max-video-preview":"max-video-preview:-1"},"canonical":"https:\/\/riafresh.com\/en\/projects\/","og_locale":"en_US","og_type":"article","og_title":"Projects - Riafresh","og_description":"[vc_row css=&#8221;.vc_custom_1652281400483{padding-top: 25px !important;padding-bottom: 25px !important;}&#8221; mobile_bg_img_hidden=&#8221;no&#8221; tablet_bg_img_hidden=&#8221;no&#8221; woodmart_parallax=&#8221;0&#8243; woodmart_gradient_switch=&#8221;no&#8221; row_reverse_mobile=&#8221;0&#8243; row_reverse_tablet=&#8221;0&#8243; woodmart_disable_overflow=&#8221;0&#8243;][vc_column][\/vc_column][vc_column width=&#8221;1\/3&#8243;][vc_single_image image=&#8221;8528&#8243; img_size=&#8221;medium&#8221; css=&#8221;&#8221; woodmart_inline=&#8221;no&#8221; parallax_scroll=&#8221;no&#8221;][\/vc_column][vc_column width=&#8221;2\/3&#8243;][vc_column_text","og_url":"https:\/\/riafresh.com\/en\/projects\/","og_site_name":"Riafresh","article_modified_time":"2025-10-29T16:53:39+00:00","twitter_card":"summary_large_image","twitter_misc":{"Est. reading time":"6 minutes"},"schema":{"@context":"https:\/\/schema.org","@graph":[{"@type":"WebPage","@id":"https:\/\/riafresh.com\/en\/projects\/","url":"https:\/\/riafresh.com\/en\/projects\/","name":"Projects - Riafresh","isPartOf":{"@id":"https:\/\/riafresh.com\/#website"},"datePublished":"2022-03-14T02:15:13+00:00","dateModified":"2025-10-29T16:53:39+00:00","breadcrumb":{"@id":"https:\/\/riafresh.com\/en\/projects\/#breadcrumb"},"inLanguage":"en-US","potentialAction":[{"@type":"ReadAction","target":["https:\/\/riafresh.com\/en\/projects\/"]}]},{"@type":"BreadcrumbList","@id":"https:\/\/riafresh.com\/en\/projects\/#breadcrumb","itemListElement":[{"@type":"ListItem","position":1,"name":"In\u00edcio","item":"https:\/\/riafresh.com\/en\/"},{"@type":"ListItem","position":2,"name":"Projects"}]},{"@type":"WebSite","@id":"https:\/\/riafresh.com\/#website","url":"https:\/\/riafresh.com\/","name":"Riafresh","description":"Verduras da Ria Formosa","potentialAction":[{"@type":"SearchAction","target":{"@type":"EntryPoint","urlTemplate":"https:\/\/riafresh.com\/?s={search_term_string}"},"query-input":{"@type":"PropertyValueSpecification","valueRequired":true,"valueName":"search_term_string"}}],"inLanguage":"en-US"}]}},"_links":{"self":[{"href":"https:\/\/riafresh.com\/en\/wp-json\/wp\/v2\/pages\/7549","targetHints":{"allow":["GET"]}}],"collection":[{"href":"https:\/\/riafresh.com\/en\/wp-json\/wp\/v2\/pages"}],"about":[{"href":"https:\/\/riafresh.com\/en\/wp-json\/wp\/v2\/types\/page"}],"author":[{"embeddable":true,"href":"https:\/\/riafresh.com\/en\/wp-json\/wp\/v2\/users\/1"}],"replies":[{"embeddable":true,"href":"https:\/\/riafresh.com\/en\/wp-json\/wp\/v2\/comments?post=7549"}],"version-history":[{"count":15,"href":"https:\/\/riafresh.com\/en\/wp-json\/wp\/v2\/pages\/7549\/revisions"}],"predecessor-version":[{"id":8531,"href":"https:\/\/riafresh.com\/en\/wp-json\/wp\/v2\/pages\/7549\/revisions\/8531"}],"wp:attachment":[{"href":"https:\/\/riafresh.com\/en\/wp-json\/wp\/v2\/media?parent=7549"}],"curies":[{"name":"wp","href":"https:\/\/api.w.org\/{rel}","templated":true}]}}